{"id":2,"date":"2015-09-25T16:06:19","date_gmt":"2015-09-25T15:06:19","guid":{"rendered":"http:\/\/www.efj.press\/rythekasangu\/?page_id=2"},"modified":"2016-04-29T03:18:05","modified_gmt":"2016-04-29T02:18:05","slug":"page-d-exemple","status":"publish","type":"page","link":"http:\/\/www.efj.press\/rythekasangu\/ma-grande-enquete-radio\/page-d-exemple\/","title":{"rendered":"Avant-Propos"},"content":{"rendered":"<p align=\"JUSTIFY\"><span style=\"color: #000000;\"><span style=\"font-family: 'American Typewriter', monospace;\"><span style=\"font-size: medium;\">Protestantisme 2.0, la jeunesse des banlieues se r\u00e9veille. <\/span><\/span><\/span><\/p>\n<p align=\"JUSTIFY\"><span style=\"color: #000000;\"><span style=\"font-family: 'American Typewriter', monospace;\"><span style=\"font-size: medium;\">Depuis mon enfance, je suis berc\u00e9e dans la religion protestante. Originaire de la R\u00e9publique D\u00e9mocratique du Congo, cette religion fait partie de ma culture. J\u2019ai toujours vu mes parents pratiquer le protestantisme de mani\u00e8re r\u00e9guli\u00e8re, aller \u00e0 l&rsquo;\u00e9glise, parler de notre foi \u00e0 table. Cependant ils m\u2019ont toujours laiss\u00e9 le choix de suivre ou non la parole de Dieu. Dans mon entourage, certains de mes proches, que ce soit des amis ou la famille, s\u2019impliquent de plus en plus dans le monde religieux. Chose que j\u2019ai rarement r\u00e9ussi \u00e0 faire. <\/span><\/span><\/span><\/p>\n<p align=\"JUSTIFY\"><span style=\"color: #000000;\"><span style=\"font-family: 'American Typewriter', monospace;\"><span style=\"font-size: medium;\">Seulement je me suis aper\u00e7ue que les jeunes d\u2019aujourd\u2019hui utilisaient les r\u00e9seaux sociaux pour parler de leur foi entre eux. Un ph\u00e9nom\u00e8ne tr\u00e8s r\u00e9cent qui s\u2019est d\u00e9velopp\u00e9 en banlieue dans les communaut\u00e9s africaines et des Iles. Ce qui m\u2019a \u00e9tonn\u00e9, c\u2019est non seulement cet engouement pour la religion mais plus encore, les moyens utilis\u00e9s pour en parler. Pour certains, la religion n\u2019est plus seulement une croyance, elle est devenue une marque \u00e0 part enti\u00e8re. Je ne compte plus les fois o\u00f9 j\u2019ai pu apercevoir sur <i>Instagram<\/i> ou <i>Facebook<\/i>, des jeunes qui comptaient Dieu comme un \u00e9l\u00e9ment de r\u00e9ussite dans leur vie, en plus de leurs beaut\u00e9s et popularit\u00e9s. <\/span><\/span><\/span><\/p>\n<p align=\"JUSTIFY\"><span style=\"color: #000000;\"><span style=\"font-family: 'American Typewriter', monospace;\"><span style=\"font-size: medium;\">Apr\u00e8s plusieurs recherches, je me suis aper\u00e7ue que je me faisais une fausse id\u00e9e de la religion au sein des jeunes. Et j\u2019avoue avoir \u00e9t\u00e9 intrigu\u00e9e. Je me suis demand\u00e9e si les r\u00e9seaux sociaux pouvaient devenir une alternative \u00e0 la secte? Et je voulais comprendre. Je fais partie de cette communaut\u00e9 et il me semblait important de comprendre le milieu qui m\u2019entoure et savoir \u00e0 quoi m\u2019attendre.\u00a0<\/span><\/span><\/span><\/p>\n","protected":false},"excerpt":{"rendered":"<p>Protestantisme 2.0, la jeunesse des banlieues se r\u00e9veille. Depuis mon enfance, je suis berc\u00e9e dans la religion protestante. Originaire de la R\u00e9publique D\u00e9mocratique du Congo, cette religion fait partie de ma culture. J\u2019ai toujours vu mes parents pratiquer le protestantisme de mani\u00e8re r\u00e9guli\u00e8re, aller \u00e0 l&rsquo;\u00e9glise, parler de notre foi \u00e0 table. Cependant ils m\u2019ont &hellip; <a href=\"http:\/\/www.efj.press\/rythekasangu\/ma-grande-enquete-radio\/page-d-exemple\/\" class=\"more-link\">Continuer la lecture de <span class=\"screen-reader-text\">Avant-Propos<\/span>  <span class=\"meta-nav\">&rarr;<\/span><\/a><\/p>\n","protected":false},"author":18,"featured_media":182,"parent":18,"menu_order":0,"comment_status":"closed","ping_status":"open","template":"","meta":{"footnotes":""},"_links":{"self":[{"href":"http:\/\/www.efj.press\/rythekasangu\/wp-json\/wp\/v2\/pages\/2"}],"collection":[{"href":"http:\/\/www.efj.press\/rythekasangu\/wp-json\/wp\/v2\/pages"}],"about":[{"href":"http:\/\/www.efj.press\/rythekasangu\/wp-json\/wp\/v2\/types\/page"}],"author":[{"embeddable":true,"href":"http:\/\/www.efj.press\/rythekasangu\/wp-json\/wp\/v2\/users\/18"}],"replies":[{"embeddable":true,"href":"http:\/\/www.efj.press\/rythekasangu\/wp-json\/wp\/v2\/comments?post=2"}],"version-history":[{"count":5,"href":"http:\/\/www.efj.press\/rythekasangu\/wp-json\/wp\/v2\/pages\/2\/revisions"}],"predecessor-version":[{"id":184,"href":"http:\/\/www.efj.press\/rythekasangu\/wp-json\/wp\/v2\/pages\/2\/revisions\/184"}],"up":[{"embeddable":true,"href":"http:\/\/www.efj.press\/rythekasangu\/wp-json\/wp\/v2\/pages\/18"}],"wp:featuredmedia":[{"embeddable":true,"href":"http:\/\/www.efj.press\/rythekasangu\/wp-json\/wp\/v2\/media\/182"}],"wp:attachment":[{"href":"http:\/\/www.efj.press\/rythekasangu\/wp-json\/wp\/v2\/media?parent=2"}],"curies":[{"name":"wp","href":"https:\/\/api.w.org\/{rel}","templated":true}]}}