{"id":18,"date":"2015-12-11T12:57:02","date_gmt":"2015-12-11T11:57:02","guid":{"rendered":"http:\/\/www.efj.press\/rythekasangu\/?page_id=18"},"modified":"2017-03-04T19:46:47","modified_gmt":"2017-03-04T18:46:47","slug":"ma-grande-enquete-radio","status":"publish","type":"page","link":"http:\/\/www.efj.press\/rythekasangu\/ma-grande-enquete-radio\/","title":{"rendered":"Ma grande enqu\u00eate radio"},"content":{"rendered":"<p>&nbsp;<\/p>\n<p>Le premier \u00e9v\u00e9nement des\u00a0<em>Street Made of God,<\/em> a majoritairement r\u00e9uni des jeunes, toujours sous le regard protecteurs des adultes. \u00a0Les plus petits sont m\u00eame de la partie et s&rsquo;amusent comme ils le peuvent dans l&rsquo;ambiance des musiques religieuses, louanges et applaudissements apr\u00e8s chaque prestation. Malgr\u00e9 leurs jeunes \u00e2ges, les organisateurs s&rsquo;occupent de la coordination comme des chefs et esp\u00e8rent pr\u00e9parer d&rsquo;autres rassemblements religieux dans un futur proche.<\/p>\n<div style=\"width: 474px;\" class=\"wp-video\"><!--[if lt IE 9]><script>document.createElement('video');<\/script><![endif]-->\n<video class=\"wp-video-shortcode\" id=\"video-18-1\" width=\"474\" height=\"267\" preload=\"metadata\" controls=\"controls\"><source type=\"video\/mp4\" src=\"http:\/\/www.efj.press\/rythekasangu\/wp-content\/uploads\/sites\/16\/2015\/12\/Street-Made-Of-God-Event.mp4?_=1\" \/><a href=\"http:\/\/www.efj.press\/rythekasangu\/wp-content\/uploads\/sites\/16\/2015\/12\/Street-Made-Of-God-Event.mp4\">http:\/\/www.efj.press\/rythekasangu\/wp-content\/uploads\/sites\/16\/2015\/12\/Street-Made-Of-God-Event.mp4<\/a><\/video><\/div>\n<p>Le groupe\u00a0<em>Street Made of God<\/em>\u00a0et leur \u00e9v\u00e9nement du 21 Novembre 2015 \u00e0 Viry-Ch\u00e2tillon.<\/p>\n<p>&nbsp;<\/p>\n<p>Jane Stranz est pasteur r\u00e9form\u00e9e, responsable des relations \u0153cum\u00e9niques \u00e0 la F\u00e9d\u00e9ration protestante de France, \u00e0 Paris.<\/p>\n<p><a href=\"http:\/\/www.efj.press\/rythekasangu\/wp-content\/uploads\/sites\/16\/2015\/12\/Jane-Stranz-e1449869769598.jpg\"><img loading=\"lazy\" decoding=\"async\" class=\"alignnone size-medium wp-image-103\" src=\"http:\/\/www.efj.press\/rythekasangu\/wp-content\/uploads\/sites\/16\/2015\/12\/Jane-Stranz-e1449869769598-225x300.jpg\" alt=\"Jane Stranz\" width=\"225\" height=\"300\" srcset=\"http:\/\/www.efj.press\/rythekasangu\/wp-content\/uploads\/sites\/16\/2015\/12\/Jane-Stranz-e1449869769598-225x300.jpg 225w, http:\/\/www.efj.press\/rythekasangu\/wp-content\/uploads\/sites\/16\/2015\/12\/Jane-Stranz-e1449869769598-768x1024.jpg 768w, http:\/\/www.efj.press\/rythekasangu\/wp-content\/uploads\/sites\/16\/2015\/12\/Jane-Stranz-e1449869769598.jpg 1224w\" sizes=\"(max-width: 225px) 100vw, 225px\" \/><\/a><\/p>\n<p>&nbsp;<\/p>\n<p>&nbsp;<\/p>\n","protected":false},"excerpt":{"rendered":"<p>&nbsp; Le premier \u00e9v\u00e9nement des\u00a0Street Made of God, a majoritairement r\u00e9uni des jeunes, toujours sous le regard protecteurs des adultes. \u00a0Les plus petits sont m\u00eame de la partie et s&rsquo;amusent comme ils le peuvent dans l&rsquo;ambiance des musiques religieuses, louanges et applaudissements apr\u00e8s chaque prestation. Malgr\u00e9 leurs jeunes \u00e2ges, les organisateurs s&rsquo;occupent de la coordination &hellip; <a href=\"http:\/\/www.efj.press\/rythekasangu\/ma-grande-enquete-radio\/\" class=\"more-link\">Continuer la lecture de <span class=\"screen-reader-text\">Ma grande enqu\u00eate radio<\/span>  <span class=\"meta-nav\">&rarr;<\/span><\/a><\/p>\n","protected":false},"author":18,"featured_media":59,"parent":0,"menu_order":0,"comment_status":"closed","ping_status":"closed","template":"","meta":{"footnotes":""},"_links":{"self":[{"href":"http:\/\/www.efj.press\/rythekasangu\/wp-json\/wp\/v2\/pages\/18"}],"collection":[{"href":"http:\/\/www.efj.press\/rythekasangu\/wp-json\/wp\/v2\/pages"}],"about":[{"href":"http:\/\/www.efj.press\/rythekasangu\/wp-json\/wp\/v2\/types\/page"}],"author":[{"embeddable":true,"href":"http:\/\/www.efj.press\/rythekasangu\/wp-json\/wp\/v2\/users\/18"}],"replies":[{"embeddable":true,"href":"http:\/\/www.efj.press\/rythekasangu\/wp-json\/wp\/v2\/comments?post=18"}],"version-history":[{"count":21,"href":"http:\/\/www.efj.press\/rythekasangu\/wp-json\/wp\/v2\/pages\/18\/revisions"}],"predecessor-version":[{"id":194,"href":"http:\/\/www.efj.press\/rythekasangu\/wp-json\/wp\/v2\/pages\/18\/revisions\/194"}],"wp:featuredmedia":[{"embeddable":true,"href":"http:\/\/www.efj.press\/rythekasangu\/wp-json\/wp\/v2\/media\/59"}],"wp:attachment":[{"href":"http:\/\/www.efj.press\/rythekasangu\/wp-json\/wp\/v2\/media?parent=18"}],"curies":[{"name":"wp","href":"https:\/\/api.w.org\/{rel}","templated":true}]}}