{"id":172,"date":"2016-04-29T03:13:57","date_gmt":"2016-04-29T02:13:57","guid":{"rendered":"http:\/\/www.efj.press\/rythekasangu\/?page_id=172"},"modified":"2016-04-29T03:13:57","modified_gmt":"2016-04-29T02:13:57","slug":"evenement-street-made-of-god","status":"publish","type":"page","link":"http:\/\/www.efj.press\/rythekasangu\/ma-grande-enquete-radio\/evenement-street-made-of-god\/","title":{"rendered":"\u00c9v\u00e9nement Street Made Of God"},"content":{"rendered":"<p>Voici quelques clich\u00e9s de l&rsquo;\u00e9v\u00e9nement religieux des\u00a0<em>Street Made of God\u00a0<\/em><\/p>\n<p><a href=\"http:\/\/www.efj.press\/rythekasangu\/wp-content\/uploads\/sites\/16\/2016\/04\/535094_877782862341047_8538867229211484756_n.jpg\"><img loading=\"lazy\" decoding=\"async\" class=\"alignnone  wp-image-173\" src=\"http:\/\/www.efj.press\/rythekasangu\/wp-content\/uploads\/sites\/16\/2016\/04\/535094_877782862341047_8538867229211484756_n-300x200.jpg\" alt=\"535094_877782862341047_8538867229211484756_n\" width=\"473\" height=\"315\" srcset=\"http:\/\/www.efj.press\/rythekasangu\/wp-content\/uploads\/sites\/16\/2016\/04\/535094_877782862341047_8538867229211484756_n-300x200.jpg 300w, http:\/\/www.efj.press\/rythekasangu\/wp-content\/uploads\/sites\/16\/2016\/04\/535094_877782862341047_8538867229211484756_n.jpg 960w\" sizes=\"(max-width: 473px) 100vw, 473px\" \/><\/a>\u00a0\u00a0<a href=\"http:\/\/www.efj.press\/rythekasangu\/wp-content\/uploads\/sites\/16\/2016\/04\/10568905_877807162338617_3795682267876135423_n.jpg\"><img loading=\"lazy\" decoding=\"async\" class=\"alignnone  wp-image-175\" src=\"http:\/\/www.efj.press\/rythekasangu\/wp-content\/uploads\/sites\/16\/2016\/04\/10568905_877807162338617_3795682267876135423_n-300x200.jpg\" alt=\"10568905_877807162338617_3795682267876135423_n\" width=\"582\" height=\"388\" srcset=\"http:\/\/www.efj.press\/rythekasangu\/wp-content\/uploads\/sites\/16\/2016\/04\/10568905_877807162338617_3795682267876135423_n-300x200.jpg 300w, http:\/\/www.efj.press\/rythekasangu\/wp-content\/uploads\/sites\/16\/2016\/04\/10568905_877807162338617_3795682267876135423_n.jpg 960w\" sizes=\"(max-width: 582px) 100vw, 582px\" \/><\/a><\/p>\n<p><a href=\"http:\/\/www.efj.press\/rythekasangu\/wp-content\/uploads\/sites\/16\/2016\/04\/12360369_877810215671645_7751968611341549247_n.jpg\"><img loading=\"lazy\" decoding=\"async\" class=\"alignnone  wp-image-176\" src=\"http:\/\/www.efj.press\/rythekasangu\/wp-content\/uploads\/sites\/16\/2016\/04\/12360369_877810215671645_7751968611341549247_n-300x200.jpg\" alt=\"12360369_877810215671645_7751968611341549247_n\" width=\"474\" height=\"316\" srcset=\"http:\/\/www.efj.press\/rythekasangu\/wp-content\/uploads\/sites\/16\/2016\/04\/12360369_877810215671645_7751968611341549247_n-300x200.jpg 300w, http:\/\/www.efj.press\/rythekasangu\/wp-content\/uploads\/sites\/16\/2016\/04\/12360369_877810215671645_7751968611341549247_n.jpg 960w\" sizes=\"(max-width: 474px) 100vw, 474px\" \/><\/a><\/p>\n<p><a href=\"http:\/\/www.efj.press\/rythekasangu\/wp-content\/uploads\/sites\/16\/2016\/04\/12366413_877783785674288_2807335450907492606_n.jpg\"><img loading=\"lazy\" decoding=\"async\" class=\"alignnone  wp-image-177\" src=\"http:\/\/www.efj.press\/rythekasangu\/wp-content\/uploads\/sites\/16\/2016\/04\/12366413_877783785674288_2807335450907492606_n-300x200.jpg\" alt=\"12366413_877783785674288_2807335450907492606_n\" width=\"510\" height=\"340\" srcset=\"http:\/\/www.efj.press\/rythekasangu\/wp-content\/uploads\/sites\/16\/2016\/04\/12366413_877783785674288_2807335450907492606_n-300x200.jpg 300w, http:\/\/www.efj.press\/rythekasangu\/wp-content\/uploads\/sites\/16\/2016\/04\/12366413_877783785674288_2807335450907492606_n.jpg 960w\" sizes=\"(max-width: 510px) 100vw, 510px\" \/><\/a><\/p>\n<p><a href=\"http:\/\/www.efj.press\/rythekasangu\/wp-content\/uploads\/sites\/16\/2016\/04\/12391425_875245435928123_4557231427761946418_n.jpg\"><img loading=\"lazy\" decoding=\"async\" class=\"alignnone  wp-image-178\" src=\"http:\/\/www.efj.press\/rythekasangu\/wp-content\/uploads\/sites\/16\/2016\/04\/12391425_875245435928123_4557231427761946418_n-300x200.jpg\" alt=\"12391425_875245435928123_4557231427761946418_n\" width=\"474\" height=\"316\" srcset=\"http:\/\/www.efj.press\/rythekasangu\/wp-content\/uploads\/sites\/16\/2016\/04\/12391425_875245435928123_4557231427761946418_n-300x200.jpg 300w, http:\/\/www.efj.press\/rythekasangu\/wp-content\/uploads\/sites\/16\/2016\/04\/12391425_875245435928123_4557231427761946418_n.jpg 960w\" sizes=\"(max-width: 474px) 100vw, 474px\" \/><\/a><\/p>\n<p><a href=\"http:\/\/www.efj.press\/rythekasangu\/wp-content\/uploads\/sites\/16\/2016\/04\/12339377_875267912592542_2799019904950357890_o.jpg\"><img loading=\"lazy\" decoding=\"async\" class=\"alignnone  wp-image-179\" src=\"http:\/\/www.efj.press\/rythekasangu\/wp-content\/uploads\/sites\/16\/2016\/04\/12339377_875267912592542_2799019904950357890_o-200x300.jpg\" alt=\"12339377_875267912592542_2799019904950357890_o\" width=\"237\" height=\"356\" srcset=\"http:\/\/www.efj.press\/rythekasangu\/wp-content\/uploads\/sites\/16\/2016\/04\/12339377_875267912592542_2799019904950357890_o-200x300.jpg 200w, http:\/\/www.efj.press\/rythekasangu\/wp-content\/uploads\/sites\/16\/2016\/04\/12339377_875267912592542_2799019904950357890_o.jpg 640w\" sizes=\"(max-width: 237px) 100vw, 237px\" \/><\/a><\/p>\n<p><a href=\"http:\/\/www.efj.press\/rythekasangu\/wp-content\/uploads\/sites\/16\/2016\/04\/12348139_875252179260782_3851850011245895202_n.jpg\"><img loading=\"lazy\" decoding=\"async\" class=\"alignnone  wp-image-180\" src=\"http:\/\/www.efj.press\/rythekasangu\/wp-content\/uploads\/sites\/16\/2016\/04\/12348139_875252179260782_3851850011245895202_n-300x200.jpg\" alt=\"12348139_875252179260782_3851850011245895202_n\" width=\"516\" height=\"344\" srcset=\"http:\/\/www.efj.press\/rythekasangu\/wp-content\/uploads\/sites\/16\/2016\/04\/12348139_875252179260782_3851850011245895202_n-300x200.jpg 300w, http:\/\/www.efj.press\/rythekasangu\/wp-content\/uploads\/sites\/16\/2016\/04\/12348139_875252179260782_3851850011245895202_n.jpg 960w\" sizes=\"(max-width: 516px) 100vw, 516px\" \/><\/a><\/p>\n","protected":false},"excerpt":{"rendered":"<p>Voici quelques clich\u00e9s de l&rsquo;\u00e9v\u00e9nement religieux des\u00a0Street Made of God\u00a0 \u00a0\u00a0<\/p>\n","protected":false},"author":18,"featured_media":41,"parent":18,"menu_order":0,"comment_status":"closed","ping_status":"closed","template":"","meta":{"footnotes":""},"_links":{"self":[{"href":"http:\/\/www.efj.press\/rythekasangu\/wp-json\/wp\/v2\/pages\/172"}],"collection":[{"href":"http:\/\/www.efj.press\/rythekasangu\/wp-json\/wp\/v2\/pages"}],"about":[{"href":"http:\/\/www.efj.press\/rythekasangu\/wp-json\/wp\/v2\/types\/page"}],"author":[{"embeddable":true,"href":"http:\/\/www.efj.press\/rythekasangu\/wp-json\/wp\/v2\/users\/18"}],"replies":[{"embeddable":true,"href":"http:\/\/www.efj.press\/rythekasangu\/wp-json\/wp\/v2\/comments?post=172"}],"version-history":[{"count":1,"href":"http:\/\/www.efj.press\/rythekasangu\/wp-json\/wp\/v2\/pages\/172\/revisions"}],"predecessor-version":[{"id":181,"href":"http:\/\/www.efj.press\/rythekasangu\/wp-json\/wp\/v2\/pages\/172\/revisions\/181"}],"up":[{"embeddable":true,"href":"http:\/\/www.efj.press\/rythekasangu\/wp-json\/wp\/v2\/pages\/18"}],"wp:featuredmedia":[{"embeddable":true,"href":"http:\/\/www.efj.press\/rythekasangu\/wp-json\/wp\/v2\/media\/41"}],"wp:attachment":[{"href":"http:\/\/www.efj.press\/rythekasangu\/wp-json\/wp\/v2\/media?parent=172"}],"curies":[{"name":"wp","href":"https:\/\/api.w.org\/{rel}","templated":true}]}}