{"id":140,"date":"2016-04-28T21:29:29","date_gmt":"2016-04-28T20:29:29","guid":{"rendered":"http:\/\/www.efj.press\/rythekasangu\/?page_id=140"},"modified":"2016-04-29T01:59:47","modified_gmt":"2016-04-29T00:59:47","slug":"une-garconne-a-leducation-nationale","status":"publish","type":"page","link":"http:\/\/www.efj.press\/rythekasangu\/mes-travaux\/une-garconne-a-leducation-nationale\/","title":{"rendered":"Une gar\u00e7onne \u00e0 l&rsquo;\u00c9ducation Nationale"},"content":{"rendered":"<p align=\"JUSTIFY\"><span style=\"color: #2b2b2b;\"><span style=\"font-family: 'Times New Roman', serif;\"><span style=\"font-size: large;\"><span style=\"font-family: Lato, sans-serif;\">Apr\u00e8s 37 ans dans l&rsquo;enseignement, c&rsquo;est avec regret que Marie-France, 62 ans, tire sa r\u00e9v\u00e9rence. Sa vie ne tournait qu&rsquo;autour des enfants, mais il est temps pour elle de faire ses adieux&#8230; Fid\u00e8le \u00e0 son sourire l\u00e9gendaire et son regard bleu revolver, Marie-France ne se sent \u00e0 l&rsquo;aise que dans une salle de classe.<\/span><\/span><\/span><\/span><\/p>\n<p align=\"JUSTIFY\"><span style=\"color: #2b2b2b;\"><span style=\"font-family: Lato, sans-serif;\"><span style=\"font-size: large;\">Les enfants, elle les adore, \u00ab<i>Si j&rsquo;avais pu, j&rsquo;aurais eu 10 enfants<\/i>!\u00a0\u00bb d\u00e9clare-t-elle, mais n&rsquo;en a eu qu&rsquo;un seul, Sibylle, son unique bijou. Avec sa coupe gar\u00e7onne blonde platine, l&rsquo;ancienne p\u00e2tissi\u00e8re a su se d\u00e9marquer dans ce monde si f\u00e9minin et si gracieux. Les jupes, les robes, la f\u00e9minit\u00e9 ce n&rsquo;\u00e9tait pas son dada. Grande rebelle, elle a toujours refuser de ce plier aux m\u0153urs de l&rsquo;\u00e9ducation. Son idole\u00a0? Coco Chanel. Sa premi\u00e8re classe, elle s&rsquo;en souvient comme ci c&rsquo;\u00e9tait hier. Dans une classe enti\u00e8rement fa\u00e7onn\u00e9e de bois brut, sombre mais chaleureuse. Les rires des m\u00f4mes, le bruit de la craie sur le tableau noir, les roses rouges d\u00e9pos\u00e9es sur son bureau pour l\u2019accueillir. La gar\u00e7onne n&rsquo;oubliera jamais les grands yeux qui \u00e9taient riv\u00e9s sur elle.<\/span><\/span><\/span><\/p>\n<p align=\"JUSTIFY\"><span style=\"color: #2b2b2b;\"><span style=\"font-family: Lato, sans-serif;\"><span style=\"font-size: large;\">De nature r\u00e9serv\u00e9e et timide, Franck, comme l&rsquo;appelle ses coll\u00e8gues est issue d&rsquo;une famille de 7 enfants. Ses parents \u00e9taient de riches banquiers, \u00e0 Pithiviers. De confession juive, ils ont \u00e9vit\u00e9 in-extremis la mont\u00e9e du nazisme en d\u00e9m\u00e9nageant aux \u00c9tats-Unis. Cet \u00e9pisode, elle le connait sur le bout des doigts. L&rsquo;histoire de la France, voil\u00e0 ce qu&rsquo;il la pousser \u00e0 devenir institutrice. \u00ab<i>Je voulais partager ma connaissance avec ses petits. Leur donner de ma personne. Me sentir utile<\/i>.\u00bb Pourtant sa famille lui avait r\u00e9serv\u00e9 un autre avenir: le monde des affaires.<\/span><\/span><\/span><\/p>\n<p align=\"JUSTIFY\"><span style=\"color: #2b2b2b;\"><span style=\"font-family: Lato, sans-serif;\"><span style=\"font-size: large;\">C&rsquo;est dans les ann\u00e9es 70 qu&rsquo;elle quitte la cocon familiale contre l&rsquo;avis de sa famille et d\u00e9pose ses valises dans l\u2019Essonne, \u00e0 Evry. Grande, mince et androgyne, elle change totalement de look. Elle abandonne sa longue chevelure rousse pour une coupe gar\u00e7onne et blond \u00e0 la Marilyn Monroe. T\u00eatue et d\u00e9termin\u00e9e, elle ment \u00e0 ses parents et admet qu&rsquo;elle \u00e9tudie le droit. En r\u00e9alit\u00e9 elle encha\u00eene des petits boulots de couturi\u00e8re \u00e0 p\u00e2tissi\u00e8re en passant par mod\u00e8le chez\u00a0<i>Balenciaga<\/i>.<\/span><\/span><\/span><\/p>\n<p align=\"JUSTIFY\"><span style=\"color: #2b2b2b;\"><span style=\"font-family: Lato, sans-serif;\"><span style=\"font-size: large;\"><i>\u00abDe retour chez mes parents \u00e0 Pithiviers, je voulais marquer le coup. Alors autant bien le faire\u00bb<\/i>. \u00c0 son retour \u00e0 Pithiviers, le choc est au rendez-vous. Changement d&rsquo;apparence, sa dyslexie avait m\u00eame disparu et surtout, elle \u00e9tait officiellement devenue institutrice \u00e0 25 ans. Pour elle l&rsquo;\u00e9ducation est primordiale, c&rsquo;est gr\u00e2ce \u00e0 l&rsquo;Histoire que les enfants peuvent se reconna\u00eetre dans ce pays, quelques soient leurs origines. Touch\u00e9e \u00e0 la hanche \u00e0 cause d&rsquo;un accident de ski dans les Alpes elle mis fin \u00e0 sa carri\u00e8re. Aujourd&rsquo;hui, elle proclame haut et fort qu&rsquo;elle adore sa nouvelle, qu&rsquo;elle le voit comme un accessoire mode.<\/span><\/span><\/span><\/p>\n<p align=\"JUSTIFY\"><span style=\"color: #2b2b2b;\"><span style=\"font-family: Lato, sans-serif;\"><span style=\"font-size: large;\">Maintenant \u00e0 la retraite, Miss Coco Chanel compte bien s&rsquo;adonner \u00e0 sa passion pour la mode. Concocter des petites tenues pour ses petits enfants. Tout le long de sa carri\u00e8re, elle ne jurait que part des pantalons \u00e0 pince, des chemisiers et ses b\u00e9rets qu&rsquo;elle cumule par cinquantaine. Sachant pertinemment qu&rsquo;elle n&rsquo;aura plus de salaire \u00e0 chaque fin de mois, elle proposera de son temps libre pour donner des cours particulier. Et n&rsquo;oubliera surtout pas d&rsquo;y ajouter son originalit\u00e9 et son \u00e9nergie pour motiver les mioches !<\/span><\/span><\/span><\/p>\n<p align=\"JUSTIFY\"><span style=\"color: #2b2b2b;\"><span style=\"font-family: Lato, sans-serif;\"><span style=\"font-size: large;\">Ryth\u00e9.K<\/span><\/span><\/span><\/p>\n<p>&nbsp;<\/p>\n","protected":false},"excerpt":{"rendered":"<p>Apr\u00e8s 37 ans dans l&rsquo;enseignement, c&rsquo;est avec regret que Marie-France, 62 ans, tire sa r\u00e9v\u00e9rence. Sa vie ne tournait qu&rsquo;autour des enfants, mais il est temps pour elle de faire ses adieux&#8230; Fid\u00e8le \u00e0 son sourire l\u00e9gendaire et son regard bleu revolver, Marie-France ne se sent \u00e0 l&rsquo;aise que dans une salle de classe. Les &hellip; <a href=\"http:\/\/www.efj.press\/rythekasangu\/mes-travaux\/une-garconne-a-leducation-nationale\/\" class=\"more-link\">Continuer la lecture de <span class=\"screen-reader-text\">Une gar\u00e7onne \u00e0 l&rsquo;\u00c9ducation Nationale<\/span>  <span class=\"meta-nav\">&rarr;<\/span><\/a><\/p>\n","protected":false},"author":18,"featured_media":146,"parent":65,"menu_order":0,"comment_status":"closed","ping_status":"closed","template":"","meta":{"footnotes":""},"_links":{"self":[{"href":"http:\/\/www.efj.press\/rythekasangu\/wp-json\/wp\/v2\/pages\/140"}],"collection":[{"href":"http:\/\/www.efj.press\/rythekasangu\/wp-json\/wp\/v2\/pages"}],"about":[{"href":"http:\/\/www.efj.press\/rythekasangu\/wp-json\/wp\/v2\/types\/page"}],"author":[{"embeddable":true,"href":"http:\/\/www.efj.press\/rythekasangu\/wp-json\/wp\/v2\/users\/18"}],"replies":[{"embeddable":true,"href":"http:\/\/www.efj.press\/rythekasangu\/wp-json\/wp\/v2\/comments?post=140"}],"version-history":[{"count":5,"href":"http:\/\/www.efj.press\/rythekasangu\/wp-json\/wp\/v2\/pages\/140\/revisions"}],"predecessor-version":[{"id":153,"href":"http:\/\/www.efj.press\/rythekasangu\/wp-json\/wp\/v2\/pages\/140\/revisions\/153"}],"up":[{"embeddable":true,"href":"http:\/\/www.efj.press\/rythekasangu\/wp-json\/wp\/v2\/pages\/65"}],"wp:featuredmedia":[{"embeddable":true,"href":"http:\/\/www.efj.press\/rythekasangu\/wp-json\/wp\/v2\/media\/146"}],"wp:attachment":[{"href":"http:\/\/www.efj.press\/rythekasangu\/wp-json\/wp\/v2\/media?parent=140"}],"curies":[{"name":"wp","href":"https:\/\/api.w.org\/{rel}","templated":true}]}}