{"id":137,"date":"2016-04-27T12:02:03","date_gmt":"2016-04-27T11:02:03","guid":{"rendered":"http:\/\/www.efj.press\/rythekasangu\/?page_id=137"},"modified":"2016-04-27T12:02:36","modified_gmt":"2016-04-27T11:02:36","slug":"lemonade-de-beyonce-que-retenir","status":"publish","type":"page","link":"http:\/\/www.efj.press\/rythekasangu\/mes-travaux\/lemonade-de-beyonce-que-retenir\/","title":{"rendered":"Lemonade de Beyonc\u00e9 : que retenir ?"},"content":{"rendered":"<p>&nbsp;<\/p>\n<p align=\"JUSTIFY\"><img loading=\"lazy\" decoding=\"async\" class=\"alignnone wp-image-29300\" src=\"http:\/\/www.davibemag.com\/wp-content\/uploads\/2016\/04\/beyonce-lemonade-da-vibe.jpg\" alt=\"beyonce-lemonade-da vibe\" width=\"800\" height=\"529\" \/><\/p>\n<p align=\"JUSTIFY\">Comme il y a deux ans, <strong>Beyonc\u00e9<\/strong> nous prend au d\u00e9pourvu avec un 6 \u00e8me album : <em>Lemonade<\/em>. Avec la sortie de son clip <em>Formation<\/em>, paru le 6 f\u00e9vrier dernier, la veille de son show au <strong>SuperBowl<\/strong>, la diva a su faire parler d&rsquo;elle par sa prise de position pro-black qui a susciter bien des r\u00e9actions, jusqu&rsquo;\u00e0 organiser une manifestation anti-Queen Be qui n&rsquo;a r\u00e9uni que 3 personnes. Pour son nouvel opus, Beyonc\u00e9 nous offre plus qu&rsquo;un simple projet musical..<\/p>\n<p align=\"JUSTIFY\"><img loading=\"lazy\" decoding=\"async\" class=\"alignnone wp-image-29299\" src=\"http:\/\/www.davibemag.com\/wp-content\/uploads\/2016\/04\/beyonce-lemonade-times-square.jpg\" alt=\"beyonce-lemonade-times-square\" width=\"800\" height=\"479\" \/><\/p>\n<p><strong>#1. La reine du mark\u00e9ting a encore frapp\u00e9<\/strong><\/p>\n<p>Une promotion impeccable ? Elle s&rsquo;y connait bien. La semaine derni\u00e8re, c&rsquo;est avec un simple teaser d\u00e9voil\u00e9 sur le compte Instagram de la superstar, que ses <strong>Beyhive<\/strong> ont pu soup\u00e7onner l&rsquo;arriv\u00e9e tant attendue de son dernier album. Une promotion manipul\u00e9e avec soin ne laissant place qu&rsquo;\u00e0 un visuel myst\u00e9rieux&#8230; C&rsquo;est le 23 avril au soir, que la superstar a r\u00e9v\u00e9l\u00e9 son documentaire-clip, contenant une vid\u00e9o pour chacun de ses 12 titres, en collaboration avec la cha\u00eene am\u00e9ricaine <strong>HBO<\/strong>. Beyonc\u00e9 a encore r\u00e9ussi \u00e0 faire trembler les internautes. Quelques instants plus tard c&rsquo;est son album qui est pr\u00e9sent sur les plateformes de t\u00e9l\u00e9chargements <strong>Tidal<\/strong> et<strong> iTunes<\/strong>. La diva l&rsquo;a bien compris, la d\u00e9couverte musicale ne passe plus par la promotion, la radio ou la t\u00e9l\u00e9 mais par internet.<\/p>\n<p align=\"JUSTIFY\"><img loading=\"lazy\" decoding=\"async\" class=\"alignnone size-full wp-image-29297\" src=\"http:\/\/www.davibemag.com\/wp-content\/uploads\/2016\/04\/beyonce-lemonade-girls.jpg\" alt=\"beyonce-lemonade girls\" width=\"1020\" height=\"384\" \/><\/p>\n<p><strong>#2.Un casting prestigieux<\/strong><\/p>\n<p>Beyonc\u00e9 Knowles est l&rsquo;une des plus grandes star des 15 derni\u00e8res ann\u00e9es, donc l&rsquo;une des mieux entour\u00e9e.. C&rsquo;est donc sans surprise que des c\u00e9l\u00e9brit\u00e9s afro-am\u00e9ricaines se retrouvent dans le visuel de madame Carter. On y d\u00e9couvre la joueuse de tennis<strong> Serena Williams<\/strong>, la mannequin atteinte de vitiligo <strong>Winnie Harlow<\/strong>, le duo de chanteuse<strong> Ibeyi<\/strong>. Notamment la jeune actrice <strong>Quvenzhan\u00e9 Wallis<\/strong>, qui est la plus jeune de l&rsquo;histoire a \u00eatre nomm\u00e9, en 2013, pour l&rsquo;Oscar de la Meilleure Actrice \u00e0 seulement 9 ans. En plus de faire jouer la grand m\u00e8re de son mari, Beyonc\u00e9 fait de nombreux clins d&rsquo;oeil \u00e0 des figures ayant marqu\u00e9 l&rsquo;Histoire, quelque soit le domaine. De N\u00e9fertiti (\u00e9pouse du pharaon Akhenaton), Nina Simone, au Black Panthers.<\/p>\n<p><img loading=\"lazy\" decoding=\"async\" class=\"alignnone wp-image-29305\" src=\"http:\/\/www.davibemag.com\/wp-content\/uploads\/2016\/04\/trevor-beyonce\u0301.jpg\" alt=\"trevor beyonce\u0301\" width=\"800\" height=\"479\" \/><\/p>\n<p><strong>#3 .R\u00e9veil politique ?<\/strong><\/p>\n<p>D&rsquo;autres visages ayant marqu\u00e9 l&rsquo;actualit\u00e9 mondiale sont aussi mise \u00e0 l&rsquo;honneur. Apr\u00e8s les trag\u00e9dies ayant frapp\u00e9es la population afro-am\u00e9ricaine ces 5 derni\u00e8res ann\u00e9es, les m\u00e8res de <strong>Trayvon Martin<\/strong>, <strong>Tamir Rice<\/strong> et <strong>Mike Brown,<\/strong> apparaissent endeuill\u00e9es, dans \u00ab\u00a0<em>Forward<\/em>\u00ab\u00a0. Dans son clip <em>Formation<\/em> ou encore pendant sa prestation au 50\u00e8me <strong>Superbowl<\/strong>, Beyonc\u00e9 nous a montr\u00e9 ouvertement son soutien \u00e0 la cause #<em>BlackLivesMatter<\/em>, accompagn\u00e9e d&rsquo;une quarantaine de danseuses, b\u00e9ret sur la t\u00eate et poing lev\u00e9s. Ambiance aussi retrouv\u00e9e dans le court m\u00e9trage de ses clips, avec une atmosph\u00e8re parfois lugubre, rappelant le d\u00e9cor de l&rsquo;\u00e9poque&#8230; Beyonc\u00e9 Knowles Carter assume son nouveau r\u00f4le : c&rsquo;est une femme noire luttant contre une soci\u00e9t\u00e9 raciste, violente et machiste.<\/p>\n<p align=\"JUSTIFY\"><img loading=\"lazy\" decoding=\"async\" class=\"alignnone size-full wp-image-29298\" src=\"http:\/\/www.davibemag.com\/wp-content\/uploads\/2016\/04\/beyonce-jay-z-lemonade.jpg\" alt=\"beyonce-jay-z-lemonade\" width=\"980\" height=\"490\" \/><\/p>\n<p><strong>#4. Jay-Z : Homme infid\u00e8le ?<\/strong><\/p>\n<p>Depuis l&rsquo;altercation de <strong>Solange Knowles<\/strong>, s\u0153ur cadette de <strong>Beyonc\u00e9<\/strong>, et <strong>Jay-Z<\/strong> \u00e0 la sortie du <strong>MET Gala<\/strong> en mai 2014, des rumeurs d&rsquo;infid\u00e9lit\u00e9s ont fus\u00e9&#8230; Confirmerai-t-elle le bruit qui court ? Le doute s&rsquo;installe. \u00c0 l&rsquo;\u00e9coute de ses nouveaux titres, elle d\u00e9voile des indices au sujet des probl\u00e8mes conjugaux du couple <strong>Carter<\/strong>. Comment ne pas prendre ses messages subliminaux au s\u00e9rieux avec des telles paroles: \u00abFais un pas en arri\u00e8re et note qu&rsquo;ils ne t&rsquo;aiment pas comme je t&rsquo;aime\u00bb&#8230;<\/p>\n<p align=\"JUSTIFY\"><img loading=\"lazy\" decoding=\"async\" class=\"alignnone size-full wp-image-29301\" src=\"http:\/\/www.davibemag.com\/wp-content\/uploads\/2016\/04\/beyonce-lemonade.jpg\" alt=\"beyonce-lemonade\" width=\"1600\" height=\"800\" \/><\/p>\n<p><strong>#5. Queen B est une femme avant tout<\/strong><\/p>\n<p>Dans son dernier opus, <strong>Queen B<\/strong> passe par toutes les \u00e9motions. Elle nous d\u00e9voile ses frustrations les plus profondes en \u00e9voquant la jalousie, l&rsquo;infid\u00e9lit\u00e9, son engagement politique, sa vie de m\u00e8re, la solidarit\u00e9 f\u00e9minine&#8230;. Elle pourrait se montrer sensible et passer du rire aux larmes mais quand on assume ses positions, on passe de la col\u00e8re \u00e0 la vengeance. La diff\u00e9rence dans cet album, est qu&rsquo;elle ne passera pas par des balades m\u00e9lodieuses comme on a pu conna\u00eetre avec son titre \u00ab<em>Res<\/em><em>entment<\/em>\u00bb en 2006. Lorsque l&rsquo;on est Beyonc\u00e9, c&rsquo;est en puisant dans des sonorit\u00e9s hip hop et rock tr\u00e8s sombres, en passant par la pop et parfois du reggae qu&rsquo;elle soigne ses n\u00e9vroses&#8230;<\/p>\n<p><strong>D&rsquo;ailleurs, le couple Carter a toujours l&rsquo;habitude de collaborer, mais Jay-Z n&rsquo;a pos\u00e9 aucune parole sur les 12 titres pr\u00e9sents. Serai-ce le d\u00e9but d&rsquo;une \u00e9mancipation ?<\/strong><\/p>\n<p align=\"JUSTIFY\"><strong>Ry&rsquo;t<\/strong><\/p>\n","protected":false},"excerpt":{"rendered":"<p>&nbsp; Comme il y a deux ans, Beyonc\u00e9 nous prend au d\u00e9pourvu avec un 6 \u00e8me album : Lemonade. Avec la sortie de son clip Formation, paru le 6 f\u00e9vrier dernier, la veille de son show au SuperBowl, la diva a su faire parler d&rsquo;elle par sa prise de position pro-black qui a susciter bien &hellip; <a href=\"http:\/\/www.efj.press\/rythekasangu\/mes-travaux\/lemonade-de-beyonce-que-retenir\/\" class=\"more-link\">Continuer la lecture de <span class=\"screen-reader-text\">Lemonade de Beyonc\u00e9 : que retenir ?<\/span>  <span class=\"meta-nav\">&rarr;<\/span><\/a><\/p>\n","protected":false},"author":18,"featured_media":0,"parent":65,"menu_order":0,"comment_status":"closed","ping_status":"closed","template":"","meta":{"footnotes":""},"_links":{"self":[{"href":"http:\/\/www.efj.press\/rythekasangu\/wp-json\/wp\/v2\/pages\/137"}],"collection":[{"href":"http:\/\/www.efj.press\/rythekasangu\/wp-json\/wp\/v2\/pages"}],"about":[{"href":"http:\/\/www.efj.press\/rythekasangu\/wp-json\/wp\/v2\/types\/page"}],"author":[{"embeddable":true,"href":"http:\/\/www.efj.press\/rythekasangu\/wp-json\/wp\/v2\/users\/18"}],"replies":[{"embeddable":true,"href":"http:\/\/www.efj.press\/rythekasangu\/wp-json\/wp\/v2\/comments?post=137"}],"version-history":[{"count":2,"href":"http:\/\/www.efj.press\/rythekasangu\/wp-json\/wp\/v2\/pages\/137\/revisions"}],"predecessor-version":[{"id":139,"href":"http:\/\/www.efj.press\/rythekasangu\/wp-json\/wp\/v2\/pages\/137\/revisions\/139"}],"up":[{"embeddable":true,"href":"http:\/\/www.efj.press\/rythekasangu\/wp-json\/wp\/v2\/pages\/65"}],"wp:attachment":[{"href":"http:\/\/www.efj.press\/rythekasangu\/wp-json\/wp\/v2\/media?parent=137"}],"curies":[{"name":"wp","href":"https:\/\/api.w.org\/{rel}","templated":true}]}}