{"id":134,"date":"2016-04-26T13:14:00","date_gmt":"2016-04-26T12:14:00","guid":{"rendered":"http:\/\/www.efj.press\/rythekasangu\/?page_id=134"},"modified":"2016-04-26T13:15:53","modified_gmt":"2016-04-26T12:15:53","slug":"prince-un-heritage-musicale-eclectique","status":"publish","type":"page","link":"http:\/\/www.efj.press\/rythekasangu\/mes-travaux\/prince-un-heritage-musicale-eclectique\/","title":{"rendered":"Prince : un h\u00e9ritage musicale \u00e9clectique"},"content":{"rendered":"<p align=\"JUSTIFY\"><img loading=\"lazy\" decoding=\"async\" class=\"alignnone wp-image-29273\" src=\"http:\/\/www.davibemag.com\/wp-content\/uploads\/2016\/04\/prince-07.jpg\" alt=\"prince-07\" width=\"1000\" height=\"1241\" \/><\/p>\n<p align=\"JUSTIFY\">Ce jeudi 21 avril, le Kid de Minneapolis plus connu sous le nom de <strong>Prince,<\/strong> s&rsquo;est \u00e9teint \u00e0 l&rsquo;\u00e2ge de 57 ans. Sa disparition reste discr\u00e8te contrairement \u00e0 celle du roi de la pop, mais son empreinte musicale \u00e9clectique a laiss\u00e9 des traces dans le travail de nombreux artistes parfois inattendus. Du jazz au hip-hop, via la soul, le funk et la pop, Prince a irrigu\u00e9 toutes les musiques depuis trente ans.<\/p>\n<p>Pr\u00e9sent\u00e9 comme le rival de <strong>Michael Jackson<\/strong> \u00e0 ses d\u00e9buts, il est ensuite devenu l&rsquo;un des plus grands musiciens des ann\u00e9es 80 et 90, avec des tubes comme <em>Purple Rain<\/em>, <em>Cream<\/em>, <em>Girls &amp; Boys<\/em>, ou encore le fameux <em>Kiss.<\/em> Personnage anticonformiste, le dandy de la funk a fait danser toute une g\u00e9n\u00e9ration avec plus de 70 millions d&rsquo;album vendus dans le monde en presque de 40 ans de carri\u00e8re.<\/p>\n<p>C&rsquo;est en 1978 que <strong>Prince Rogers Nelson<\/strong>, de son vrai nom, sort son premier opus <em>For You<\/em> mais c&rsquo;est avec son troisi\u00e8me album D<em>irty Mind<\/em> sorti en 1980, qu&rsquo;il est propuls\u00e9 au devant de la sc\u00e8ne.<\/p>\n<p><strong>Les ingr\u00e9dients de son succ\u00e8s ?<\/strong> Sa propre identit\u00e9. Il d\u00e9voile au public l&rsquo;hyper-sexualit\u00e9 de son art, y ajoute une image glamour, avec des fonds sonores imbib\u00e9s par la funk, pop, le rock ainsi qu&rsquo;une pinc\u00e9e de new wave et de disco.<\/p>\n<p>D\u00e9s la seconde moiti\u00e9 des ann\u00e9es 80, Prince raffine et digitalise les rythmes de ses chansons que raisonnent dans le rythm&rsquo;n&rsquo;blues de l&rsquo;\u00e9poque, alors baptis\u00e9 le \u00abnew jack swing\u00bb, avec, dans la m\u00eame mouvance des artistes comme <strong>Bobby Brown<\/strong> (ex-mari de Whitney Houston), <strong>Janet Jackson<\/strong> ou encore <strong>R.Kelly<\/strong> et <strong>Ginuwine.<\/strong><\/p>\n<p><img loading=\"lazy\" decoding=\"async\" class=\"alignnone size-full wp-image-29274\" src=\"http:\/\/www.davibemag.com\/wp-content\/uploads\/2016\/04\/61aLX2L-mnL._SL1075_.jpg\" alt=\"61aLX2L-mnL._SL1075_\" width=\"1075\" height=\"1047\" \/><\/p>\n<p>Certains artistes iront m\u00eame jusqu&rsquo;\u00e0 faire des reprises audacieuses de ses titres comme l&rsquo;a fait <strong>TLC<\/strong> avec le<a href=\"https:\/\/www.youtube.com\/watch?v=PVVLQC7lz_w\" target=\"_blank\"> <em>\u00abIf I was your girlfriend\u00bb<\/em> <\/a>ou encore le morceau de <strong>LL Cool J<\/strong>\u00a0<em><a href=\"https:\/\/www.youtube.com\/watch?v=R2fDt-70pDA\" target=\"_blank\">\u00abDangerous\u00bb<\/a><\/em> contenant un \u00e9chantillon du morceau\u00a0<em><a href=\"https:\/\/www.youtube.com\/watch?v=-2nH8LTg8SU\" target=\"_blank\">\u00ab Irresistible Bitch\u00bb<\/a><\/em> du g\u00e9nie de la funk. M\u00eame les \u00ab durs \u00bb comme <strong>Tupac Shakur, Notorious BIG<\/strong> ou <strong>Public Enemy<\/strong> \u00a0ont employ\u00e9 des \u00e9l\u00e9ments de sa musique.<\/p>\n<p>Sa m\u00e9lodie a ouvert la voie au R&rsquo;n&rsquo;B moderne. L&rsquo;image protectrice de sa musique a inspir\u00e9 les plus grands de l&rsquo;industrie musicale actuelle tels que :<strong> Beyonc\u00e9, Jay Z, Nicki Minaj, Kanye West<\/strong> ou encore les <strong>Daft Punk,<\/strong> avec la popularisation de la plateforme de streaming musicale <strong>Tidal<\/strong> en 2015.<\/p>\n<p><img loading=\"lazy\" decoding=\"async\" class=\"alignnone size-full wp-image-29276\" src=\"http:\/\/www.davibemag.com\/wp-content\/uploads\/2016\/04\/prince.jpg\" alt=\"prince\" width=\"1000\" height=\"1274\" \/><\/p>\n<p>Aujourd&rsquo;hui, il est impossible de trouver un descendant direct du prince, capable de symboliser son g\u00e9nie, son imagination, son excentricit\u00e9 et sa fantaisie. Mais de <strong>Frank Ocean<\/strong> \u00e0 <strong>The Internet<\/strong> ou <strong>Janelle Monae<\/strong>\u00a0( avec laquelle The Purple Majesty a collabor\u00e9 pour le titre <em>Givin Em What They Love<\/em>), nombreux sont les artistes \u00e0 puiser leurs ressources chez le Kid de Minneapolis.<\/p>\n<p align=\"JUSTIFY\"><strong style=\"line-height: 1.5;\">Ryth\u00e9.K<\/strong><\/p>\n","protected":false},"excerpt":{"rendered":"<p>Ce jeudi 21 avril, le Kid de Minneapolis plus connu sous le nom de Prince, s&rsquo;est \u00e9teint \u00e0 l&rsquo;\u00e2ge de 57 ans. Sa disparition reste discr\u00e8te contrairement \u00e0 celle du roi de la pop, mais son empreinte musicale \u00e9clectique a laiss\u00e9 des traces dans le travail de nombreux artistes parfois inattendus. Du jazz au hip-hop, &hellip; <a href=\"http:\/\/www.efj.press\/rythekasangu\/mes-travaux\/prince-un-heritage-musicale-eclectique\/\" class=\"more-link\">Continuer la lecture de <span class=\"screen-reader-text\">Prince : un h\u00e9ritage musicale \u00e9clectique<\/span>  <span class=\"meta-nav\">&rarr;<\/span><\/a><\/p>\n","protected":false},"author":18,"featured_media":0,"parent":65,"menu_order":0,"comment_status":"closed","ping_status":"closed","template":"","meta":{"footnotes":""},"_links":{"self":[{"href":"http:\/\/www.efj.press\/rythekasangu\/wp-json\/wp\/v2\/pages\/134"}],"collection":[{"href":"http:\/\/www.efj.press\/rythekasangu\/wp-json\/wp\/v2\/pages"}],"about":[{"href":"http:\/\/www.efj.press\/rythekasangu\/wp-json\/wp\/v2\/types\/page"}],"author":[{"embeddable":true,"href":"http:\/\/www.efj.press\/rythekasangu\/wp-json\/wp\/v2\/users\/18"}],"replies":[{"embeddable":true,"href":"http:\/\/www.efj.press\/rythekasangu\/wp-json\/wp\/v2\/comments?post=134"}],"version-history":[{"count":2,"href":"http:\/\/www.efj.press\/rythekasangu\/wp-json\/wp\/v2\/pages\/134\/revisions"}],"predecessor-version":[{"id":136,"href":"http:\/\/www.efj.press\/rythekasangu\/wp-json\/wp\/v2\/pages\/134\/revisions\/136"}],"up":[{"embeddable":true,"href":"http:\/\/www.efj.press\/rythekasangu\/wp-json\/wp\/v2\/pages\/65"}],"wp:attachment":[{"href":"http:\/\/www.efj.press\/rythekasangu\/wp-json\/wp\/v2\/media?parent=134"}],"curies":[{"name":"wp","href":"https:\/\/api.w.org\/{rel}","templated":true}]}}