{"id":6,"date":"2017-01-16T10:19:18","date_gmt":"2017-01-16T09:19:18","guid":{"rendered":"http:\/\/www.efj.press\/romaneduval\/?page_id=6"},"modified":"2018-08-19T15:13:02","modified_gmt":"2018-08-19T14:13:02","slug":"welcome","status":"publish","type":"page","link":"http:\/\/www.efj.press\/romaneduval\/","title":{"rendered":"Welcome"},"content":{"rendered":"<p style=\"text-align: center\"><strong>Seront\u00a0publi\u00e9s ici quelques articles <em>&#8211; principalement musicaux &#8211;<\/em> ainsi qu&rsquo;une pr\u00e9sentation de mon exp\u00e9rience professionnelle.<\/strong><\/p>\n<p style=\"text-align: right\"><em>Enjoy !<\/em><\/p>\n","protected":false},"excerpt":{"rendered":"<p>Seront\u00a0publi\u00e9s ici quelques articles &#8211; principalement musicaux &#8211; ainsi qu&rsquo;une pr\u00e9sentation de mon exp\u00e9rience professionnelle. Enjoy !<\/p>\n","protected":false},"author":85,"featured_media":12,"parent":0,"menu_order":1,"comment_status":"closed","ping_status":"closed","template":"","meta":{"footnotes":""},"_links":{"self":[{"href":"http:\/\/www.efj.press\/romaneduval\/wp-json\/wp\/v2\/pages\/6"}],"collection":[{"href":"http:\/\/www.efj.press\/romaneduval\/wp-json\/wp\/v2\/pages"}],"about":[{"href":"http:\/\/www.efj.press\/romaneduval\/wp-json\/wp\/v2\/types\/page"}],"author":[{"embeddable":true,"href":"http:\/\/www.efj.press\/romaneduval\/wp-json\/wp\/v2\/users\/85"}],"replies":[{"embeddable":true,"href":"http:\/\/www.efj.press\/romaneduval\/wp-json\/wp\/v2\/comments?post=6"}],"version-history":[{"count":10,"href":"http:\/\/www.efj.press\/romaneduval\/wp-json\/wp\/v2\/pages\/6\/revisions"}],"predecessor-version":[{"id":195,"href":"http:\/\/www.efj.press\/romaneduval\/wp-json\/wp\/v2\/pages\/6\/revisions\/195"}],"wp:featuredmedia":[{"embeddable":true,"href":"http:\/\/www.efj.press\/romaneduval\/wp-json\/wp\/v2\/media\/12"}],"wp:attachment":[{"href":"http:\/\/www.efj.press\/romaneduval\/wp-json\/wp\/v2\/media?parent=6"}],"curies":[{"name":"wp","href":"https:\/\/api.w.org\/{rel}","templated":true}]}}