{"id":21,"date":"2017-01-16T10:25:49","date_gmt":"2017-01-16T09:25:49","guid":{"rendered":"http:\/\/www.efj.press\/romaneduval\/?page_id=21"},"modified":"2018-08-19T15:12:11","modified_gmt":"2018-08-19T14:12:11","slug":"stages","status":"publish","type":"page","link":"http:\/\/www.efj.press\/romaneduval\/stages\/","title":{"rendered":"Exp\u00e9rience professionnelle"},"content":{"rendered":"<p><a href=\"http:\/\/\/www.booska-p.com\/\"><img loading=\"lazy\" decoding=\"async\" class=\"alignnone wp-image-91 size-thumbnail\" src=\"http:\/\/www.efj.press\/romaneduval\/wp-content\/uploads\/sites\/106\/2017\/01\/Booska-P1-150x150.jpg\" alt=\"booska-p1\" width=\"150\" height=\"150\" srcset=\"http:\/\/www.efj.press\/romaneduval\/wp-content\/uploads\/sites\/106\/2017\/01\/Booska-P1-150x150.jpg 150w, http:\/\/www.efj.press\/romaneduval\/wp-content\/uploads\/sites\/106\/2017\/01\/Booska-P1-300x300.jpg 300w, http:\/\/www.efj.press\/romaneduval\/wp-content\/uploads\/sites\/106\/2017\/01\/Booska-P1-768x768.jpg 768w, http:\/\/www.efj.press\/romaneduval\/wp-content\/uploads\/sites\/106\/2017\/01\/Booska-P1.jpg 960w\" sizes=\"(max-width: 150px) 100vw, 150px\" \/><\/a><a href=\"http:\/\/www.trends.fr\/\"><img loading=\"lazy\" decoding=\"async\" class=\"alignnone wp-image-67\" src=\"http:\/\/www.efj.press\/romaneduval\/wp-content\/uploads\/sites\/106\/2017\/01\/trends-300x300.png\" alt=\"trends\" width=\"141\" height=\"141\" srcset=\"http:\/\/www.efj.press\/romaneduval\/wp-content\/uploads\/sites\/106\/2017\/01\/trends-300x300.png 300w, http:\/\/www.efj.press\/romaneduval\/wp-content\/uploads\/sites\/106\/2017\/01\/trends-150x150.png 150w, http:\/\/www.efj.press\/romaneduval\/wp-content\/uploads\/sites\/106\/2017\/01\/trends-768x768.png 768w, http:\/\/www.efj.press\/romaneduval\/wp-content\/uploads\/sites\/106\/2017\/01\/trends.png 1000w\" sizes=\"(max-width: 141px) 100vw, 141px\" \/><\/a><a href=\"http:\/\/www.mycanal.fr\/chaines\/infosportplus\"><img loading=\"lazy\" decoding=\"async\" class=\"alignnone wp-image-68 size-thumbnail\" src=\"http:\/\/www.efj.press\/romaneduval\/wp-content\/uploads\/sites\/106\/2017\/01\/infosport-150x150.jpg\" alt=\"infosport\" width=\"150\" height=\"150\" srcset=\"http:\/\/www.efj.press\/romaneduval\/wp-content\/uploads\/sites\/106\/2017\/01\/infosport-150x150.jpg 150w, http:\/\/www.efj.press\/romaneduval\/wp-content\/uploads\/sites\/106\/2017\/01\/infosport-300x300.jpg 300w, http:\/\/www.efj.press\/romaneduval\/wp-content\/uploads\/sites\/106\/2017\/01\/infosport.jpg 512w\" sizes=\"(max-width: 150px) 100vw, 150px\" \/><\/a><\/p>\n<p style=\"text-align: left\">Janvier &#8211; Juillet 2018 : <strong>Stagiaire journaliste<\/strong>\u00a0chez<a href=\"https:\/\/www.booska-p.com\/\" target=\"_blank\"><strong>\u00a0Booska-P<\/strong><\/a>, le site num\u00e9ro un sur la \u00ab\u00a0hip-pop\u00a0\u00bb culture. M\u00e9dia digital sp\u00e9cialis\u00e9 dans le rap et la culture urbaine. R\u00e9daction de news quotidiennes, interviews, dossiers. Rubriques rap fran\u00e7ais, rap US et lifestyle principalement.<\/p>\n<p style=\"text-align: left\">Octobre &#8211; D\u00e9cembre 2016 :<strong> Stagiaire r\u00e9dactrice<\/strong>\u00a0<em>Fashion &amp; Music Editor<\/em> aupr\u00e8s de l&rsquo;\u00e9quipe de<a href=\"http:\/\/trends.fr\/\" target=\"_blank\"><strong> TRENDS<\/strong><\/a>\u00a0: magazine d&rsquo;actualit\u00e9s mode, musique et lifestyle. R\u00e9daction de news et retranscriptions d&rsquo;interviews.<\/p>\n<p style=\"text-align: left\">D\u00e9cembre 2016 :<strong> Stagiaire montage<\/strong>\u00a0\u00e0 <a href=\"https:\/\/www.mycanal.fr\/chaines\/infosportplus\" target=\"_blank\"><strong>Infosport+<\/strong><\/a>, cha\u00eene sportive du groupe Canal+. R\u00e9alisation de courts sujets t\u00e9l\u00e9visuels : montage sur le logiciel Avid.<\/p>\n<p>Mai 2016 :<strong> Stagiaire journaliste<\/strong> au sein d&rsquo;une petite r\u00e9daction locale\u00a0 de Normandie : <a href=\"https:\/\/actu.fr\/l-eveil-de-pont-audemer\/\" target=\"_blank\"><strong>l&rsquo;Eveil de Pont-Audemer<\/strong><\/a>. R\u00e9daction et publication d&rsquo;articles dans le journal hebdomadaire ainsi que sur le web.\u00a0Groupe Ouest France.<\/p>\n<p>&nbsp;<\/p>\n","protected":false},"excerpt":{"rendered":"<p>Janvier &#8211; Juillet 2018 : Stagiaire journaliste\u00a0chez\u00a0Booska-P, le site num\u00e9ro un sur la \u00ab\u00a0hip-pop\u00a0\u00bb culture. M\u00e9dia digital sp\u00e9cialis\u00e9 dans le rap et la culture urbaine. R\u00e9daction de news quotidiennes, interviews, dossiers. Rubriques rap fran\u00e7ais, rap US et lifestyle principalement. Octobre &#8211; D\u00e9cembre 2016 : Stagiaire r\u00e9dactrice\u00a0Fashion &amp; Music Editor aupr\u00e8s de l&rsquo;\u00e9quipe de TRENDS\u00a0: magazine &hellip; <a href=\"http:\/\/www.efj.press\/romaneduval\/stages\/\" class=\"more-link\">Continuer la lecture de <span class=\"screen-reader-text\">Exp\u00e9rience professionnelle<\/span>  <span class=\"meta-nav\">&rarr;<\/span><\/a><\/p>\n","protected":false},"author":85,"featured_media":0,"parent":0,"menu_order":3,"comment_status":"closed","ping_status":"closed","template":"","meta":{"footnotes":""},"_links":{"self":[{"href":"http:\/\/www.efj.press\/romaneduval\/wp-json\/wp\/v2\/pages\/21"}],"collection":[{"href":"http:\/\/www.efj.press\/romaneduval\/wp-json\/wp\/v2\/pages"}],"about":[{"href":"http:\/\/www.efj.press\/romaneduval\/wp-json\/wp\/v2\/types\/page"}],"author":[{"embeddable":true,"href":"http:\/\/www.efj.press\/romaneduval\/wp-json\/wp\/v2\/users\/85"}],"replies":[{"embeddable":true,"href":"http:\/\/www.efj.press\/romaneduval\/wp-json\/wp\/v2\/comments?post=21"}],"version-history":[{"count":9,"href":"http:\/\/www.efj.press\/romaneduval\/wp-json\/wp\/v2\/pages\/21\/revisions"}],"predecessor-version":[{"id":193,"href":"http:\/\/www.efj.press\/romaneduval\/wp-json\/wp\/v2\/pages\/21\/revisions\/193"}],"wp:attachment":[{"href":"http:\/\/www.efj.press\/romaneduval\/wp-json\/wp\/v2\/media?parent=21"}],"curies":[{"name":"wp","href":"https:\/\/api.w.org\/{rel}","templated":true}]}}