{"id":95,"date":"2016-04-28T23:53:36","date_gmt":"2016-04-28T22:53:36","guid":{"rendered":"http:\/\/www.efj.press\/quentingaland\/?page_id=95"},"modified":"2016-04-29T10:50:23","modified_gmt":"2016-04-29T09:50:23","slug":"comment-la-precipitation-conduit-a-mettre-en-ligne-de-fausses-histoires","status":"publish","type":"page","link":"http:\/\/www.efj.press\/quentingaland\/nouveau-journalisme\/comment-la-precipitation-conduit-a-mettre-en-ligne-de-fausses-histoires\/","title":{"rendered":"Comment la pr\u00e9cipitation conduit les journalistes \u00e0 publier des erreurs"},"content":{"rendered":"<p><a href=\"http:\/\/www.theguardian.com\/media\/2016\/apr\/17\/fake-news-stories-clicks-fact-checking?subid=1256054\" target=\"_blank\"><img decoding=\"async\" class=\"aligncenter\" style=\"width: 858px;\" src=\"http:\/\/www.efj.press\/quentingaland\/wp-content\/uploads\/sites\/10\/2016\/04\/3914f307-2ab8-4447-b861-0be8cc6c0bcd.jpg\" alt=\"\" height=\"514\" \/><\/a><\/p>\n<p>Dans cet article du Guardian, Kevin Rawlinson se penche sur le ph\u00e9nom\u00e8ne du \u00ab\u00a0click-baiting\u00a0\u00bb. Derri\u00e8re cet anglicisme barbare, la r\u00e9f\u00e9rence \u00e0 une pratique controvers\u00e9e mais adopt\u00e9e par une part non n\u00e9gligeable et grandissante des r\u00e9dactions web\u00a0: \u00catre le premier \u00e0 livrer l\u2019info, quitte \u00e0 relayer des faits erron\u00e9s. Le tout accol\u00e9 \u00e0 une titraille racoleuse.<\/p>\n<p>Dernier exemple en date, l\u2019affaire Josh Raby. Ou comment l\u2019histoire d\u2019un twittos am\u00e9ricain en qu\u00eate d\u2019une cr\u00e8me glac\u00e9e a d\u00e9chain\u00e9 les passions et fait les choux gras de nombreux m\u00e9dias anglo-saxons. Tout serait parti d\u2019une s\u00e9rie de tweets romanc\u00e9s post\u00e9e par le jeune homme et relay\u00e9e par ses quelque 740 followers, dans lesquels le plaisantin d\u00e9crit une soi-disant vir\u00e9e au Mc do ayant tourn\u00e9e \u00e0 l\u2019absurde voire au bizarre. Devant l\u2019engouement et les tr\u00e8s nombreux retweets, les m\u00e9dias en question n\u2019ont pas creus\u00e9 plus que \u00e7a et ont livr\u00e9 l\u2019histoire brute de d\u00e9coffrage, avant que Josh Raby ne r\u00e9v\u00e8le le pot aux roses\u00a0: il a simplement \u00e9crit un paquet de sottises pour divertir ses contacts sur le r\u00e9seau social.<\/p>\n<p>Kevin Rawlinson avance plusieurs \u00e9l\u00e9ments pour expliquer ces mauvais comportements qui nuisent autant \u00e0 la profession qu\u2019\u00e0 ceux qu\u2019elle est cens\u00e9e servir\u00a0: les lecteurs. Ces d\u00e9rives sont selon lui en grande partie dues \u00e0 la pression qui r\u00e8gne dans les salles de r\u00e9daction, elle-m\u00eame cons\u00e9quence des difficult\u00e9s auxquelles doit faire face l\u2019ensemble du secteur m\u00e9dia. Et pour cause, les budgets de fonctionnement de la plupart des groupes de presse diminuent d\u2019ann\u00e9e en ann\u00e9e, ce qui les pousse \u00e0 rel\u00e9guer la d\u00e9ontologie au second plan, pour se concentrer sur l\u2019augmentation du nombre de lecteurs, synonyme d\u2019accroissement des revenus publicitaires.<\/p>\n<p>Comme une mise en garde, l\u2019auteur revient sur les cons\u00e9quences de ces articles pi\u00e8ges \u00e0 clics, en citant aussi bien des journalistes que des personnalit\u00e9s en vue du milieu \u00e9ditorial. Notamment Margaret Sullivan, public editor au New York Times. La r\u00e9dactrice, dont le r\u00f4le est de v\u00e9rifier la fiabilit\u00e9 et la v\u00e9racit\u00e9 des informations publi\u00e9es par le m\u00e9dia confie son inqui\u00e9tude et rappel \u00e0 quel point il est important de prendre du recul et de conserver un esprit critique.<\/p>\n<p>Sourced through Scoop.it from: <a href=\"http:\/\/www.theguardian.com\/media\/2016\/apr\/17\/fake-news-stories-clicks-fact-checking?subid=1256054\" target=\"_blank\">www.theguardian.com<\/a><\/p>\n","protected":false},"excerpt":{"rendered":"<p>Dans cet article du Guardian, Kevin Rawlinson se penche sur le ph\u00e9nom\u00e8ne du \u00ab\u00a0click-baiting\u00a0\u00bb. Derri\u00e8re cet anglicisme barbare, la r\u00e9f\u00e9rence \u00e0 une pratique controvers\u00e9e mais adopt\u00e9e par une part non n\u00e9gligeable et grandissante des r\u00e9dactions web\u00a0: \u00catre le premier \u00e0 livrer l\u2019info, quitte \u00e0 relayer des faits erron\u00e9s. Le tout accol\u00e9 \u00e0 une titraille racoleuse. &hellip; <a href=\"http:\/\/www.efj.press\/quentingaland\/nouveau-journalisme\/comment-la-precipitation-conduit-a-mettre-en-ligne-de-fausses-histoires\/\" class=\"more-link\">Continuer la lecture de <span class=\"screen-reader-text\">Comment la pr\u00e9cipitation conduit les journalistes \u00e0 publier des erreurs<\/span>  <span class=\"meta-nav\">&rarr;<\/span><\/a><\/p>\n","protected":false},"author":10,"featured_media":0,"parent":78,"menu_order":0,"comment_status":"closed","ping_status":"closed","template":"","meta":{"footnotes":""},"_links":{"self":[{"href":"http:\/\/www.efj.press\/quentingaland\/wp-json\/wp\/v2\/pages\/95"}],"collection":[{"href":"http:\/\/www.efj.press\/quentingaland\/wp-json\/wp\/v2\/pages"}],"about":[{"href":"http:\/\/www.efj.press\/quentingaland\/wp-json\/wp\/v2\/types\/page"}],"author":[{"embeddable":true,"href":"http:\/\/www.efj.press\/quentingaland\/wp-json\/wp\/v2\/users\/10"}],"replies":[{"embeddable":true,"href":"http:\/\/www.efj.press\/quentingaland\/wp-json\/wp\/v2\/comments?post=95"}],"version-history":[{"count":6,"href":"http:\/\/www.efj.press\/quentingaland\/wp-json\/wp\/v2\/pages\/95\/revisions"}],"predecessor-version":[{"id":133,"href":"http:\/\/www.efj.press\/quentingaland\/wp-json\/wp\/v2\/pages\/95\/revisions\/133"}],"up":[{"embeddable":true,"href":"http:\/\/www.efj.press\/quentingaland\/wp-json\/wp\/v2\/pages\/78"}],"wp:attachment":[{"href":"http:\/\/www.efj.press\/quentingaland\/wp-json\/wp\/v2\/media?parent=95"}],"curies":[{"name":"wp","href":"https:\/\/api.w.org\/{rel}","templated":true}]}}