{"id":87,"date":"2016-04-28T14:33:11","date_gmt":"2016-04-28T13:33:11","guid":{"rendered":"http:\/\/www.efj.press\/quentingaland\/?page_id=87"},"modified":"2016-04-29T10:50:50","modified_gmt":"2016-04-29T09:50:50","slug":"comment-les-journalistes-ont-fait-remonter-les-panama-papers-la-plus-grosse-fuite-dans-lhistoire-des-lanceurs-dalerte","status":"publish","type":"page","link":"http:\/\/www.efj.press\/quentingaland\/nouveau-journalisme\/comment-les-journalistes-ont-fait-remonter-les-panama-papers-la-plus-grosse-fuite-dans-lhistoire-des-lanceurs-dalerte\/","title":{"rendered":"Comment les journalistes ont fait remonter les Panama Papers"},"content":{"rendered":"<p><a href=\"http:\/\/www.wired.com\/2016\/04\/reporters-pulled-off-panama-papers-biggest-leak-whistleblower-history\/?mbid=social_fb\" target=\"_blank\"><img decoding=\"async\" class=\"aligncenter\" style=\"width: 739px;\" src=\"http:\/\/www.efj.press\/quentingaland\/wp-content\/uploads\/sites\/10\/2016\/04\/932276c5-c920-4358-96a4-5d133f9e3f64.jpg\" alt=\"\" height=\"388\" \/><\/a><\/p>\n<p>Wired revient sur le scandale des Panama Papers, et sur la fa\u00e7on dont cette fuite massive d\u2019informations compromettantes a \u00e9t\u00e9 rendue possible.<\/p>\n<p>Quelque 4.8 millions d&rsquo;e-mails, 3 millions de bases de donn\u00e9es et 2.1 millions de fichiers PDF appartenant au cabinet juridique panam\u00e9en Mossack-Fonseca ont \u00e9t\u00e9 obtenus par le journal allemand <em>S\u00fcddeutsche Zeitung<\/em>. Et mis \u00e0 disposition du consortium mondial des journalistes d\u2019investigation, organisation regroupant pr\u00e8s de 400 journalistes-enqu\u00eateurs r\u00e9partis dans 70 pays, qui ont pass\u00e9 au crible cette v\u00e9ritable mine d\u2019or.<\/p>\n<p>L\u2019analyse approfondie de ces 2.6 t\u00e9raoctets de donn\u00e9es pr\u00e9cieuses a permis aux investigateurs d\u2019\u00e9tablir l\u2019implication de Mossack-Fonseca dans un vaste syst\u00e8me d\u00e9di\u00e9 \u00e0 l\u2019\u00e9vasion fiscale. Un dispositif sophistiqu\u00e9, bas\u00e9 sur la cr\u00e9ation \u00a0de soci\u00e9t\u00e9s fictives imbriqu\u00e9es les unes dans les autres, et visant \u00e0 permettre \u00e0 leurs riches clients de cacher leurs actifs frauduleux moyennant une commission. Parmi<\/p>\n<p>\u00c0 l\u2019origine de ces r\u00e9v\u00e9lations, un lanceur d\u2019alerte anonyme proche du cabinet, ayant pris contact avec la r\u00e9daction du Zeitung fin 2014, via messagerie chiffr\u00e9e. Les NTIC ont aussi jou\u00e9 un r\u00f4le pr\u00e9pond\u00e9rant dans l\u2019organisation du travail d\u2019enqu\u00eate, les journalistes des diff\u00e9rents m\u00e9dias impliqu\u00e9s se retrouvant en ligne pour \u00e9changer et s\u2019aider les uns les autres en temps r\u00e9el.<\/p>\n<p>Sourced through Scoop.it from: <a href=\"http:\/\/www.wired.com\/2016\/04\/reporters-pulled-off-panama-papers-biggest-leak-whistleblower-history\/?mbid=social_fb\" target=\"_blank\">www.wired.com<\/a><\/p>\n","protected":false},"excerpt":{"rendered":"<p>Wired revient sur le scandale des Panama Papers, et sur la fa\u00e7on dont cette fuite massive d\u2019informations compromettantes a \u00e9t\u00e9 rendue possible. Quelque 4.8 millions d&rsquo;e-mails, 3 millions de bases de donn\u00e9es et 2.1 millions de fichiers PDF appartenant au cabinet juridique panam\u00e9en Mossack-Fonseca ont \u00e9t\u00e9 obtenus par le journal allemand S\u00fcddeutsche Zeitung. Et mis &hellip; <a href=\"http:\/\/www.efj.press\/quentingaland\/nouveau-journalisme\/comment-les-journalistes-ont-fait-remonter-les-panama-papers-la-plus-grosse-fuite-dans-lhistoire-des-lanceurs-dalerte\/\" class=\"more-link\">Continuer la lecture de <span class=\"screen-reader-text\">Comment les journalistes ont fait remonter les Panama Papers<\/span>  <span class=\"meta-nav\">&rarr;<\/span><\/a><\/p>\n","protected":false},"author":10,"featured_media":0,"parent":78,"menu_order":0,"comment_status":"open","ping_status":"closed","template":"","meta":{"footnotes":""},"_links":{"self":[{"href":"http:\/\/www.efj.press\/quentingaland\/wp-json\/wp\/v2\/pages\/87"}],"collection":[{"href":"http:\/\/www.efj.press\/quentingaland\/wp-json\/wp\/v2\/pages"}],"about":[{"href":"http:\/\/www.efj.press\/quentingaland\/wp-json\/wp\/v2\/types\/page"}],"author":[{"embeddable":true,"href":"http:\/\/www.efj.press\/quentingaland\/wp-json\/wp\/v2\/users\/10"}],"replies":[{"embeddable":true,"href":"http:\/\/www.efj.press\/quentingaland\/wp-json\/wp\/v2\/comments?post=87"}],"version-history":[{"count":3,"href":"http:\/\/www.efj.press\/quentingaland\/wp-json\/wp\/v2\/pages\/87\/revisions"}],"predecessor-version":[{"id":134,"href":"http:\/\/www.efj.press\/quentingaland\/wp-json\/wp\/v2\/pages\/87\/revisions\/134"}],"up":[{"embeddable":true,"href":"http:\/\/www.efj.press\/quentingaland\/wp-json\/wp\/v2\/pages\/78"}],"wp:attachment":[{"href":"http:\/\/www.efj.press\/quentingaland\/wp-json\/wp\/v2\/media?parent=87"}],"curies":[{"name":"wp","href":"https:\/\/api.w.org\/{rel}","templated":true}]}}