{"id":78,"date":"2016-04-28T14:17:55","date_gmt":"2016-04-28T13:17:55","guid":{"rendered":"http:\/\/www.efj.press\/quentingaland\/?page_id=78"},"modified":"2016-04-29T03:39:55","modified_gmt":"2016-04-29T02:39:55","slug":"nouveau-journalisme","status":"publish","type":"page","link":"http:\/\/www.efj.press\/quentingaland\/nouveau-journalisme\/","title":{"rendered":"NOUVEAU JOURNALISME"},"content":{"rendered":"<p>Dans cette partie, vous trouverez une s\u00e9lection d&rsquo;articles, curations et traductions portant sur le journalisme et les m\u00e9dias en g\u00e9n\u00e9ral. Mais aussi des r\u00e9flexions, et liens traitant\u00a0de l&rsquo;impact des nouvelles technologies sur le journalisme.<\/p>\n","protected":false},"excerpt":{"rendered":"<p>Dans cette partie, vous trouverez une s\u00e9lection d&rsquo;articles, curations et traductions portant sur le journalisme et les m\u00e9dias en g\u00e9n\u00e9ral. Mais aussi des r\u00e9flexions, et liens traitant\u00a0de l&rsquo;impact des nouvelles technologies sur le journalisme.<\/p>\n","protected":false},"author":10,"featured_media":0,"parent":0,"menu_order":0,"comment_status":"closed","ping_status":"closed","template":"","meta":{"footnotes":""},"_links":{"self":[{"href":"http:\/\/www.efj.press\/quentingaland\/wp-json\/wp\/v2\/pages\/78"}],"collection":[{"href":"http:\/\/www.efj.press\/quentingaland\/wp-json\/wp\/v2\/pages"}],"about":[{"href":"http:\/\/www.efj.press\/quentingaland\/wp-json\/wp\/v2\/types\/page"}],"author":[{"embeddable":true,"href":"http:\/\/www.efj.press\/quentingaland\/wp-json\/wp\/v2\/users\/10"}],"replies":[{"embeddable":true,"href":"http:\/\/www.efj.press\/quentingaland\/wp-json\/wp\/v2\/comments?post=78"}],"version-history":[{"count":6,"href":"http:\/\/www.efj.press\/quentingaland\/wp-json\/wp\/v2\/pages\/78\/revisions"}],"predecessor-version":[{"id":106,"href":"http:\/\/www.efj.press\/quentingaland\/wp-json\/wp\/v2\/pages\/78\/revisions\/106"}],"wp:attachment":[{"href":"http:\/\/www.efj.press\/quentingaland\/wp-json\/wp\/v2\/media?parent=78"}],"curies":[{"name":"wp","href":"https:\/\/api.w.org\/{rel}","templated":true}]}}