{"id":31,"date":"2015-12-02T15:38:48","date_gmt":"2015-12-02T14:38:48","guid":{"rendered":"http:\/\/www.efj.press\/quentingaland\/?page_id=31"},"modified":"2015-12-03T10:40:52","modified_gmt":"2015-12-03T09:40:52","slug":"interview-de-loic-pen-chef-des-urgences-dun-hopital-en-crise","status":"publish","type":"page","link":"http:\/\/www.efj.press\/quentingaland\/ma-grande-enquete\/interview-de-loic-pen-chef-des-urgences-dun-hopital-en-crise\/","title":{"rendered":"Interview"},"content":{"rendered":"<h1 class=\"p1\"><b><\/b><span class=\"s1\"><b>Lo\u00efc Pen, 46 ans. Chef des urgences de l&rsquo;h\u00f4pital Laennec \u00e0 Creil.\u00a0<\/b><\/span><\/h1>\n<figure id=\"attachment_34\" aria-describedby=\"caption-attachment-34\" style=\"width: 183px\" class=\"wp-caption alignright\"><a href=\"http:\/\/www.efj.press\/quentingaland\/wp-content\/uploads\/sites\/10\/2015\/12\/Loic-Pen-crdit-photo-bernard-lamirand.jpg\"><img loading=\"lazy\" decoding=\"async\" class=\" wp-image-34\" src=\"http:\/\/www.efj.press\/quentingaland\/wp-content\/uploads\/sites\/10\/2015\/12\/Loic-Pen-crdit-photo-bernard-lamirand-200x300.jpg\" alt=\"Loic Pen, m\u00e9decin \u00e0 la t\u00eate des urgences, est le t\u00e9moin des dysfonctionnements de l'h\u00f4pital de Creil.\" width=\"183\" height=\"275\" srcset=\"http:\/\/www.efj.press\/quentingaland\/wp-content\/uploads\/sites\/10\/2015\/12\/Loic-Pen-crdit-photo-bernard-lamirand-200x300.jpg 200w, http:\/\/www.efj.press\/quentingaland\/wp-content\/uploads\/sites\/10\/2015\/12\/Loic-Pen-crdit-photo-bernard-lamirand.jpg 683w\" sizes=\"(max-width: 183px) 100vw, 183px\" \/><\/a><figcaption id=\"caption-attachment-34\" class=\"wp-caption-text\">Lo\u00efc Pen, m\u00e9decin \u00e0 la t\u00eate des urgences, est le t\u00e9moin des dysfonctionnements de l&rsquo;h\u00f4pital de Creil. Cr\u00e9dit photo Bernard Lamirand<\/figcaption><\/figure>\n<p class=\"p3\" style=\"text-align: justify;\"><strong><span class=\"s1\"><i>Apr\u00e8s un\u00a0internat effectu\u00e9 dans un h\u00f4pital parisien, le docteur Pen a exerc\u00e9 en\u00a0m\u00e9decine lib\u00e9rale. Puis, il\u00a0a travaill\u00e9 quelques ann\u00e9es pour\u00a0<\/i><\/span><\/strong><strong><span class=\"s1\"><i>SOS M\u00e9decins.\u00a0Aujourd&rsquo;hui\u00a0titulaire \u00e0 Creil depuis treize ans, il\u00a0dirige le service des urgences depuis le milieu de l&rsquo;ann\u00e9e 2012. mais il continue \u00e0 effectuer, en parall\u00e8le, des missions avec les services d&rsquo;ambulances du Smur. Il brise la loi du silence.<\/i><\/span><\/strong><\/p>\n<p class=\"p3\"><span class=\"s1\"><i>\u00a0<\/i><\/span><\/p>\n<p class=\"p3\">\n<p class=\"p3\"><span class=\"s1\"><b>Vous n&rsquo;avez pas peur de vous exprimer alors que la plupart de vos coll\u00e8gues que j&rsquo;ai contact\u00e9s n&rsquo;osaient pas me parler franchement. Pourquoi cette diff\u00e9rence de ton ?<\/b><\/span><\/p>\n<p class=\"p3\"><span class=\"s1\"><i>La direction de l&rsquo;h\u00f4pital a d\u00e9j\u00e0 tent\u00e9 de me suspendre de mon poste de chef des urgences, en 2013. Ils m&rsquo;ont accus\u00e9 de\u00a0\u00ab rupture de la permanence des soins \u00bb. En fait, j&rsquo;avais jusqu&rsquo;au 10 avril 2013 pour formuler le planning des urgences, organisant le temps de travail des m\u00e9decins du service. Il manquait des postes, et donc la direction souhaitait que les urgentistes effectuent huit heures gratuitement en plus des quarante heures r\u00e9glementaires que comportent leurs contrats.<\/i><\/span><\/p>\n<p class=\"p3\"><strong>Avez vous subi des repr\u00e9sailles ?\u00a0<\/strong><\/p>\n<p class=\"p3\"><span class=\"s1\"><i>Je m&rsquo;y \u00e9tais formellement oppos\u00e9 ; aussi la directrice m&rsquo;avait mis \u00e0 pied, me retirant mon statut de chef des urgences. J&rsquo;ai pu r\u00e9cup\u00e9rer mon poste gr\u00e2ce \u00e0 la mobilisation de l&rsquo;ensemble du personnel de l&rsquo;h\u00f4pital, rassembl\u00e9 autour des forces syndicales. Les manifestations ont eu raison de cette d\u00e9cision, et j&rsquo;ai \u00e9t\u00e9 r\u00e9int\u00e9gr\u00e9. Suite \u00e0 cela, d\u00e9sormais, je dis les choses quand je sens qu&rsquo;elles ont besoins d&rsquo;\u00eatres dites<\/i>.<\/span><\/p>\n<p class=\"p3\"><b>L&rsquo;h\u00f4pital de Creil est r\u00e9guli\u00e8rement le th\u00e9\u00e2tre de conflits violents entre patients et soignants.<\/b> <b>Avez-vous \u00e9t\u00e9 marqu\u00e9 par un fait en particulier ?<\/b><\/p>\n<p class=\"p3\"><span class=\"s1\"><i>Deux patients avaient \u00e9t\u00e9 emmen\u00e9s aux urgences par la police. Encore une histoire d&rsquo;adult\u00e8re qui s\u2019\u00e9tait mal pass\u00e9e. Le premier, le mari tromp\u00e9, avait taillad\u00e9 le second, l&rsquo;amant, au couteau. Ce dernier, un grand gaillard imposant s&rsquo;\u00e9tait d\u00e9fendu et avait sacr\u00e9ment amoch\u00e9 son agresseur. Tout deux avaient \u00e9t\u00e9 conduits \u00e0 l&rsquo;h\u00f4pital s\u00e9par\u00e9ment, mais avaient fini par se croiser dans un couloir. Le mari bless\u00e9 avait alors fondu sur l&rsquo;amant, l&rsquo;avait poursuivi jusque dans la salle d&rsquo;attente o\u00f9 il l&rsquo;avait envoy\u00e9 au sol avant de\u00a0d\u00e9cha\u00eener\u00a0contre lui un d\u00e9luge de coups de poings. Ce jour l\u00e0, j&rsquo;ai vraiment eu peur. D\u2019autant qu&rsquo;il y avait du monde dans la salle d&rsquo;attente, cela aurait vraiment pu d\u00e9g\u00e9n\u00e9rer.<\/i><\/span><\/p>\n<p class=\"p3\">\n<p class=\"p3\">\n<p class=\"p3\">\n<p class=\"p3\">\n<p class=\"p3\"><strong>En 2013, le docteur, alors d\u00e9mis de ses fonctions de chef de service, tirait d\u00e9j\u00e0 la sonnette d&rsquo;alarme sur la situation de l&rsquo;h\u00f4pital. Le Groupement Hospitalier Public du Sud de l&rsquo;Oise (GHPSO) \u00e9tait alors le th\u00e9\u00e2tre de manifestations et de protestations, rapport\u00e9e dans une vid\u00e9o publi\u00e9e sur le site de partage de vid\u00e9os Dailymotion.<\/strong><\/p>\n<p><iframe loading=\"lazy\" src=\"\/\/www.dailymotion.com\/embed\/video\/xzgsev\" width=\"480\" height=\"270\" frameborder=\"0\" allowfullscreen=\"allowfullscreen\"><\/iframe><br \/>\n<a href=\"http:\/\/www.dailymotion.com\/video\/xzgsev_20130430-hopital-de-creil-partie-3-loic-pen_news\" target=\"_blank\">20130430-H\u00f4pital de Creil-Partie 3-Lo\u00efc Pen<\/a> <i>par <a href=\"http:\/\/www.dailymotion.com\/Educla2\" target=\"_blank\">Educla2<\/a><\/i><\/p>\n","protected":false},"excerpt":{"rendered":"<p>Lo\u00efc Pen, 46 ans. Chef des urgences de l&rsquo;h\u00f4pital Laennec \u00e0 Creil.\u00a0 Apr\u00e8s un\u00a0internat effectu\u00e9 dans un h\u00f4pital parisien, le docteur Pen a exerc\u00e9 en\u00a0m\u00e9decine lib\u00e9rale. Puis, il\u00a0a travaill\u00e9 quelques ann\u00e9es pour\u00a0SOS M\u00e9decins.\u00a0Aujourd&rsquo;hui\u00a0titulaire \u00e0 Creil depuis treize ans, il\u00a0dirige le service des urgences depuis le milieu de l&rsquo;ann\u00e9e 2012. mais il continue \u00e0 effectuer, en &hellip; <a href=\"http:\/\/www.efj.press\/quentingaland\/ma-grande-enquete\/interview-de-loic-pen-chef-des-urgences-dun-hopital-en-crise\/\" class=\"more-link\">Continuer la lecture de <span class=\"screen-reader-text\">Interview<\/span>  <span class=\"meta-nav\">&rarr;<\/span><\/a><\/p>\n","protected":false},"author":10,"featured_media":0,"parent":12,"menu_order":0,"comment_status":"closed","ping_status":"closed","template":"","meta":{"footnotes":""},"_links":{"self":[{"href":"http:\/\/www.efj.press\/quentingaland\/wp-json\/wp\/v2\/pages\/31"}],"collection":[{"href":"http:\/\/www.efj.press\/quentingaland\/wp-json\/wp\/v2\/pages"}],"about":[{"href":"http:\/\/www.efj.press\/quentingaland\/wp-json\/wp\/v2\/types\/page"}],"author":[{"embeddable":true,"href":"http:\/\/www.efj.press\/quentingaland\/wp-json\/wp\/v2\/users\/10"}],"replies":[{"embeddable":true,"href":"http:\/\/www.efj.press\/quentingaland\/wp-json\/wp\/v2\/comments?post=31"}],"version-history":[{"count":10,"href":"http:\/\/www.efj.press\/quentingaland\/wp-json\/wp\/v2\/pages\/31\/revisions"}],"predecessor-version":[{"id":55,"href":"http:\/\/www.efj.press\/quentingaland\/wp-json\/wp\/v2\/pages\/31\/revisions\/55"}],"up":[{"embeddable":true,"href":"http:\/\/www.efj.press\/quentingaland\/wp-json\/wp\/v2\/pages\/12"}],"wp:attachment":[{"href":"http:\/\/www.efj.press\/quentingaland\/wp-json\/wp\/v2\/media?parent=31"}],"curies":[{"name":"wp","href":"https:\/\/api.w.org\/{rel}","templated":true}]}}