{"id":2,"date":"2015-09-25T12:54:46","date_gmt":"2015-09-25T11:54:46","guid":{"rendered":"http:\/\/www.efj.press\/quentingaland\/?page_id=2"},"modified":"2016-04-29T12:16:13","modified_gmt":"2016-04-29T11:16:13","slug":"page-d-exemple","status":"publish","type":"page","link":"http:\/\/www.efj.press\/quentingaland\/","title":{"rendered":"A PROPOS&#8230;"},"content":{"rendered":"<p>Bonjour, et bienvenu sur mon blog, support de\u00a0l&rsquo;enqu\u00eate journalistique que j&rsquo;ai r\u00e9alis\u00e9 au cours de ma troisi\u00e8me ann\u00e9e \u00e0 l&rsquo;EFJ, j&rsquo;esp\u00e8re que vous \u00e9prouverez autant de plaisir \u00e0 la lire que j&rsquo;en ai ressenti en enqu\u00eatant.<\/p>\n<p>Etudiant journaliste, je m&rsquo;int\u00e9resse particuli\u00e8rement aux sujets en \u00a0rapport avec les nouvelles technologies, l&rsquo;actualit\u00e9 internationale et les th\u00e8mes de soci\u00e9t\u00e9 comme les drogues ou l&rsquo;\u00e9conomie souterraine.<\/p>\n<p>J&rsquo;aime l&rsquo;enqu\u00eate et le contact humain avec les sources, le travail de terrain.<\/p>\n<p>Apr\u00e8s cette derni\u00e8re ann\u00e9e \u00e0 l&rsquo;EFJ, j&rsquo;aimerai devenir pigiste plurim\u00e9dia, en \u00e9tant toutefois plus orient\u00e9 vers\u00a0la presse \u00e9crite, car j&rsquo;aime r\u00e9diger et retranscrire sur papier les choses vues et v\u00e9cues.<\/p>\n<p>&nbsp;<\/p>\n<p><a href=\"http:\/\/www.efj.press\/quentingaland\/wp-content\/uploads\/sites\/10\/2015\/09\/CV-Quentin-GALAND.pdf\">Cliquez ici pour consulter mon CV<\/a><\/p>\n<p>&nbsp;<\/p>\n<p>Pour toute question, n&rsquo;h\u00e9sitez pas \u00e0 me joindre par mail, \u00e0 l&rsquo;adresse quentin.g4land@gmail.com<\/p>\n<p>&nbsp;<\/p>\n","protected":false},"excerpt":{"rendered":"<p>Bonjour, et bienvenu sur mon blog, support de\u00a0l&rsquo;enqu\u00eate journalistique que j&rsquo;ai r\u00e9alis\u00e9 au cours de ma troisi\u00e8me ann\u00e9e \u00e0 l&rsquo;EFJ, j&rsquo;esp\u00e8re que vous \u00e9prouverez autant de plaisir \u00e0 la lire que j&rsquo;en ai ressenti en enqu\u00eatant. Etudiant journaliste, je m&rsquo;int\u00e9resse particuli\u00e8rement aux sujets en \u00a0rapport avec les nouvelles technologies, l&rsquo;actualit\u00e9 internationale et les th\u00e8mes de &hellip; <a href=\"http:\/\/www.efj.press\/quentingaland\/\" class=\"more-link\">Continuer la lecture de <span class=\"screen-reader-text\">A PROPOS&#8230;<\/span>  <span class=\"meta-nav\">&rarr;<\/span><\/a><\/p>\n","protected":false},"author":10,"featured_media":0,"parent":0,"menu_order":0,"comment_status":"closed","ping_status":"open","template":"","meta":{"footnotes":""},"_links":{"self":[{"href":"http:\/\/www.efj.press\/quentingaland\/wp-json\/wp\/v2\/pages\/2"}],"collection":[{"href":"http:\/\/www.efj.press\/quentingaland\/wp-json\/wp\/v2\/pages"}],"about":[{"href":"http:\/\/www.efj.press\/quentingaland\/wp-json\/wp\/v2\/types\/page"}],"author":[{"embeddable":true,"href":"http:\/\/www.efj.press\/quentingaland\/wp-json\/wp\/v2\/users\/10"}],"replies":[{"embeddable":true,"href":"http:\/\/www.efj.press\/quentingaland\/wp-json\/wp\/v2\/comments?post=2"}],"version-history":[{"count":14,"href":"http:\/\/www.efj.press\/quentingaland\/wp-json\/wp\/v2\/pages\/2\/revisions"}],"predecessor-version":[{"id":142,"href":"http:\/\/www.efj.press\/quentingaland\/wp-json\/wp\/v2\/pages\/2\/revisions\/142"}],"wp:attachment":[{"href":"http:\/\/www.efj.press\/quentingaland\/wp-json\/wp\/v2\/media?parent=2"}],"curies":[{"name":"wp","href":"https:\/\/api.w.org\/{rel}","templated":true}]}}