{"id":18,"date":"2015-12-02T14:53:12","date_gmt":"2015-12-02T13:53:12","guid":{"rendered":"http:\/\/www.efj.press\/quentingaland\/?page_id=18"},"modified":"2015-12-03T12:28:00","modified_gmt":"2015-12-03T11:28:00","slug":"methodologie","status":"publish","type":"page","link":"http:\/\/www.efj.press\/quentingaland\/ma-grande-enquete\/methodologie\/","title":{"rendered":"METHODOLOGIE"},"content":{"rendered":"<h1>Comment ai-je travaill\u00e9?<\/h1>\n<p>Pour r\u00e9aliser mon enqu\u00eate, j&rsquo;ai commenc\u00e9 par prendre contact avec le bureau syndical CGT de l&rsquo;h\u00f4pital de Creil, qui m&rsquo;a\u00a0communiqu\u00e9 les coordonn\u00e9es du docteur Lo\u00efc Pen. Je me suis rendu sur place \u00e0 de nombreuses reprises, jusqu&rsquo;\u00e0 avoir les bonnes photos et les bons t\u00e9moignages. Je n&rsquo;ai pas baiss\u00e9 les bras face aux refus et aux complications, relan\u00e7ant chaque jour l&rsquo;administration du centre hospitalier Laennec. Malgr\u00e9 \u00a0ces tentatives r\u00e9p\u00e9t\u00e9es, ces derniers n&rsquo;ont jamais r\u00e9pondu \u00e0 mes demandes.<\/p>\n<p>&nbsp;<\/p>\n<h1 class=\"p11\"><strong><span class=\"s1\">Ces questions auxquelles n\u2019a pas voulu r\u00e9pondre l\u2019h\u00f4pital<\/span><\/strong><\/h1>\n<p class=\"p11\"><span class=\"s1\">Nous avons communiqu\u00e9 les \u00e9l\u00e9ments de notre enqu\u00eate \u00e0 la direction de l\u2019h\u00f4pital Laennec. Celle-ci n\u2019a pas daign\u00e9 r\u00e9pondre \u00e0 nos demandes d\u2019interviews, il nous a d\u00e8s lors \u00e9t\u00e9 impossible de faire confirmer nos chiffres du budget et du d\u00e9ficit de l\u2019h\u00f4pital. Il en va de m\u00eame pour les questions d\u2019organisation et de s\u00e9curit\u00e9, nos interrogations sur la r\u00e9gularit\u00e9 des maintenances des ascenseurs, et sur les proc\u00e9dures de nettoyages des locaux sont rest\u00e9es sans r\u00e9ponses. Avons-nous mis le doigt sur un sujet qui f\u00e2che\u00a0?<\/span><\/p>\n<p class=\"p11\"><a href=\"http:\/\/www.efj.press\/quentingaland\/wp-content\/uploads\/sites\/10\/2015\/12\/Capture-d\u00e9cran-email.png\"><img loading=\"lazy\" decoding=\"async\" class=\"alignnone  wp-image-63\" src=\"http:\/\/www.efj.press\/quentingaland\/wp-content\/uploads\/sites\/10\/2015\/12\/Capture-d\u00e9cran-email-300x110.png\" alt=\"Capture d'\u00e9cran email\" width=\"643\" height=\"236\" srcset=\"http:\/\/www.efj.press\/quentingaland\/wp-content\/uploads\/sites\/10\/2015\/12\/Capture-d\u00e9cran-email-300x110.png 300w, http:\/\/www.efj.press\/quentingaland\/wp-content\/uploads\/sites\/10\/2015\/12\/Capture-d\u00e9cran-email-1024x376.png 1024w, http:\/\/www.efj.press\/quentingaland\/wp-content\/uploads\/sites\/10\/2015\/12\/Capture-d\u00e9cran-email.png 1377w\" sizes=\"(max-width: 643px) 100vw, 643px\" \/><\/a><\/p>\n","protected":false},"excerpt":{"rendered":"<p>Comment ai-je travaill\u00e9? Pour r\u00e9aliser mon enqu\u00eate, j&rsquo;ai commenc\u00e9 par prendre contact avec le bureau syndical CGT de l&rsquo;h\u00f4pital de Creil, qui m&rsquo;a\u00a0communiqu\u00e9 les coordonn\u00e9es du docteur Lo\u00efc Pen. Je me suis rendu sur place \u00e0 de nombreuses reprises, jusqu&rsquo;\u00e0 avoir les bonnes photos et les bons t\u00e9moignages. Je n&rsquo;ai pas baiss\u00e9 les bras face &hellip; <a href=\"http:\/\/www.efj.press\/quentingaland\/ma-grande-enquete\/methodologie\/\" class=\"more-link\">Continuer la lecture de <span class=\"screen-reader-text\">METHODOLOGIE<\/span>  <span class=\"meta-nav\">&rarr;<\/span><\/a><\/p>\n","protected":false},"author":10,"featured_media":0,"parent":12,"menu_order":0,"comment_status":"closed","ping_status":"closed","template":"","meta":{"footnotes":""},"_links":{"self":[{"href":"http:\/\/www.efj.press\/quentingaland\/wp-json\/wp\/v2\/pages\/18"}],"collection":[{"href":"http:\/\/www.efj.press\/quentingaland\/wp-json\/wp\/v2\/pages"}],"about":[{"href":"http:\/\/www.efj.press\/quentingaland\/wp-json\/wp\/v2\/types\/page"}],"author":[{"embeddable":true,"href":"http:\/\/www.efj.press\/quentingaland\/wp-json\/wp\/v2\/users\/10"}],"replies":[{"embeddable":true,"href":"http:\/\/www.efj.press\/quentingaland\/wp-json\/wp\/v2\/comments?post=18"}],"version-history":[{"count":5,"href":"http:\/\/www.efj.press\/quentingaland\/wp-json\/wp\/v2\/pages\/18\/revisions"}],"predecessor-version":[{"id":64,"href":"http:\/\/www.efj.press\/quentingaland\/wp-json\/wp\/v2\/pages\/18\/revisions\/64"}],"up":[{"embeddable":true,"href":"http:\/\/www.efj.press\/quentingaland\/wp-json\/wp\/v2\/pages\/12"}],"wp:attachment":[{"href":"http:\/\/www.efj.press\/quentingaland\/wp-json\/wp\/v2\/media?parent=18"}],"curies":[{"name":"wp","href":"https:\/\/api.w.org\/{rel}","templated":true}]}}