{"id":108,"date":"2016-04-29T05:02:33","date_gmt":"2016-04-29T04:02:33","guid":{"rendered":"http:\/\/www.efj.press\/quentingaland\/?page_id=108"},"modified":"2016-04-29T05:48:32","modified_gmt":"2016-04-29T04:48:32","slug":"quelques-liens-utiles","status":"publish","type":"page","link":"http:\/\/www.efj.press\/quentingaland\/nouveau-journalisme\/quelques-liens-utiles\/","title":{"rendered":"Quelques liens utiles"},"content":{"rendered":"<p>Sur cette page, vous trouverez des liens renvoyant pour la plupart vers des sites, outils et articles en anglais\u00a0ayant trait au journalisme, \u00e0 la technologie, et\/ou, \u00e0 l&rsquo;\u00e9conomie des m\u00e9dias.<\/p>\n<p>&nbsp;<br \/>\n<strong>Le nouveau journalisme, \u00e9volution d\u00e9ontologique et \u00e9conomique des m\u00e9dias<\/strong><br \/>\n&#8211;<a href=\"http:\/\/www.poynter.org\/tag\/regret-the-error\/\">Blog de Craig Silverman, sp\u00e9cialiste des m\u00e9dias am\u00e9ricains.<\/a><br \/>\n&#8211;<a href=\"https:\/\/blog.bufferapp.com\/facebook-instant-articles\">Comprendre ce que sont les Instant Articles de Facebook<\/a><br \/>\n&#8211;<a href=\"https:\/\/www.journalism.co.uk\/news\/is-transparency-the-new-objectivity-in-journalism-\/s2\/a626643\/\">La transparence est-elle l&rsquo;avenir de l&rsquo;objectivit\u00e9 journalistique?<\/a><br \/>\n&#8211;<a href=\"http:\/\/mashable.com\/2014\/05\/16\/full-new-york-times-innovation-report\/#K4KZStbqNOqU\"> Rapport sur les difficult\u00e9s \u00e9prouv\u00e9es par le NYT pour s&rsquo;implanter sur le secteur de la presse en ligne<\/a><br \/>\n&#8211;<a href=\"http:\/\/digiday.com\/publishers\/grading-nytimes-year-innovation-report\/\" target=\"_blank\">Dans quelle \u00e9tat se trouve l&rsquo;\u00e9dition web du NYT, un an apr\u00e8s le rapport ayant mis en lumi\u00e8re les difficult\u00e9s du titre?<\/a><br \/>\n&#8211;<a href=\"https:\/\/knightcenter.utexas.edu\/blog\/00-17014-traditional-media-and-digital-native-sites-come-together-ibero-american-colloquium-dig\" target=\"_blank\">Compte rendu de l&rsquo;\u00e9dition 2016 du colloque ibero-am\u00e9ricain sur le journalisme digital<\/a><br \/>\n&#8211;<a href=\"http:\/\/theconversation.com\/bad-news-why-tv-is-going-the-same-way-as-print-journalism-58247\" target=\"_blank\">Pourquoi la t\u00e9l\u00e9 risque de finir comme la presse \u00e9crite?<\/a><br \/>\n&#8211;<a href=\"https:\/\/www.youtube.com\/watch?v=YYBax2_TKys\" target=\"_blank\">Exemple d&rsquo;une vid\u00e9o d&rsquo;AJ+ au format tr\u00e8s court<\/a><br \/>\n&#8211;<a href=\"https:\/\/www.youtube.com\/watch?v=SeBXTrB2J8o\" target=\"_blank\">Exemple d&rsquo;une vid\u00e9o AJ+ relativement longue<\/a><\/p>\n<p><strong>Les nouvelles technologies au service de l&rsquo;information<\/strong><br \/>\n&#8211;<a href=\"http:\/\/www.forbes.com\/sites\/stevenrosenbaum\/2016\/02\/09\/virtual-reality-and-journalism-can-they-get-along\/#64ca9006374b\">R\u00e9alit\u00e9 virtuelle et journalisme peuvent-ils aller de pair<\/a><br \/>\n&#8211;<a href=\"http:\/\/www.nytimes.com\/2015\/11\/08\/magazine\/virtual-reality-a-new-way-to-tell-stories.html\">La r\u00e9alit\u00e9 virtuelle, une nouvelle fa\u00e7on de raconter des histoires selon le NYT<\/a><br \/>\n&#8211;<a href=\"http:\/\/www.digitaltrends.com\/computing\/a-beginners-guide-to-tor-how-to-navigate-through-the-underground-internet\/\">Comprendre et utiliser ToR, un programme permettant de surfer de mani\u00e8re relativement anonyme, outrepasser la censure et acc\u00e8der aux sites .onion<\/a><br \/>\n&#8211;<a href=\"https:\/\/tails.boum.org\/about\/index.en.html\" target=\"_blank\">Tout savoir sur Tails, une distribution linux installable sur p\u00e9riph\u00e9rique USB, visant \u00e0 maximiser l&rsquo;anonymat de l&rsquo;utilisateur une fois configur\u00e9e<\/a><br \/>\n&#8211;<a href=\"http:\/\/jplusplus.github.io\/guide-du-datajournalisme\/\" target=\"_blank\">Le guide du datajournalisme (en Fran\u00e7ais)<\/a><br \/>\n&#8211;<a href=\"https:\/\/ijnet.org\/en\/blog\/how-journalists-can-use-technology-protect-themselves\" target=\"_blank\">Comment les journalistes peuvent-ils utiliser la technologie pour se prot\u00e9ger eux et leurs sources<\/a><br \/>\n&#8211;<a href=\"http:\/\/www.clubic.com\/telecharger-fiche184898-exif-tag-remover.html\" target=\"_blank\">t\u00e9l\u00e9charger Exif tag Remover, pour supprimer les m\u00e9tadonn\u00e9es des photos, et prot\u00e9ger ses sources<\/a><\/p>\n<p><strong>Quand des informations mal v\u00e9rifi\u00e9es m\u00e8nent \u00e0 la catastrophe<\/strong><br \/>\n&#8211;<a href=\"http:\/\/www.theguardian.com\/media\/2016\/apr\/17\/fake-news-stories-clicks-fact-checking\">Quand une fausse vir\u00e9e au Mcdo fait les gros titres<\/a><br \/>\n&#8211;<a href=\"http:\/\/gizmodo.com\/5965295\/vice-magazine-just-accidentally-revealed-where-john-mcafee-is-hiding\" target=\"_blank\">En oubliant de supprimer les m\u00e9tadonn\u00e9es d&rsquo;une photo prise pendant un reportage avec un fugitif, un journaliste conduit \u00e0 son arrestation<\/a><\/p>\n","protected":false},"excerpt":{"rendered":"<p>Sur cette page, vous trouverez des liens renvoyant pour la plupart vers des sites, outils et articles en anglais\u00a0ayant trait au journalisme, \u00e0 la technologie, et\/ou, \u00e0 l&rsquo;\u00e9conomie des m\u00e9dias. &nbsp; Le nouveau journalisme, \u00e9volution d\u00e9ontologique et \u00e9conomique des m\u00e9dias &#8211;Blog de Craig Silverman, sp\u00e9cialiste des m\u00e9dias am\u00e9ricains. &#8211;Comprendre ce que sont les Instant Articles &hellip; <a href=\"http:\/\/www.efj.press\/quentingaland\/nouveau-journalisme\/quelques-liens-utiles\/\" class=\"more-link\">Continuer la lecture de <span class=\"screen-reader-text\">Quelques liens utiles<\/span>  <span class=\"meta-nav\">&rarr;<\/span><\/a><\/p>\n","protected":false},"author":10,"featured_media":0,"parent":78,"menu_order":0,"comment_status":"closed","ping_status":"closed","template":"","meta":{"footnotes":""},"_links":{"self":[{"href":"http:\/\/www.efj.press\/quentingaland\/wp-json\/wp\/v2\/pages\/108"}],"collection":[{"href":"http:\/\/www.efj.press\/quentingaland\/wp-json\/wp\/v2\/pages"}],"about":[{"href":"http:\/\/www.efj.press\/quentingaland\/wp-json\/wp\/v2\/types\/page"}],"author":[{"embeddable":true,"href":"http:\/\/www.efj.press\/quentingaland\/wp-json\/wp\/v2\/users\/10"}],"replies":[{"embeddable":true,"href":"http:\/\/www.efj.press\/quentingaland\/wp-json\/wp\/v2\/comments?post=108"}],"version-history":[{"count":11,"href":"http:\/\/www.efj.press\/quentingaland\/wp-json\/wp\/v2\/pages\/108\/revisions"}],"predecessor-version":[{"id":113,"href":"http:\/\/www.efj.press\/quentingaland\/wp-json\/wp\/v2\/pages\/108\/revisions\/113"}],"up":[{"embeddable":true,"href":"http:\/\/www.efj.press\/quentingaland\/wp-json\/wp\/v2\/pages\/78"}],"wp:attachment":[{"href":"http:\/\/www.efj.press\/quentingaland\/wp-json\/wp\/v2\/media?parent=108"}],"curies":[{"name":"wp","href":"https:\/\/api.w.org\/{rel}","templated":true}]}}