{"id":103,"date":"2016-04-29T03:36:24","date_gmt":"2016-04-29T02:36:24","guid":{"rendered":"http:\/\/www.efj.press\/quentingaland\/?page_id=103"},"modified":"2016-04-29T03:37:13","modified_gmt":"2016-04-29T02:37:13","slug":"les-videos-distribuees-par-aj-ont-ete-visionnees-2-2-milliards-de-fois-en-2015","status":"publish","type":"page","link":"http:\/\/www.efj.press\/quentingaland\/nouveau-journalisme\/les-videos-distribuees-par-aj-ont-ete-visionnees-2-2-milliards-de-fois-en-2015\/","title":{"rendered":"Les vid\u00e9os d&rsquo;AJ+ ont \u00e9t\u00e9 visionn\u00e9es 2.2 milliards de fois en 2015"},"content":{"rendered":"<p><a href=\"http:\/\/digiday.com\/publishers\/al-jazeeras-distributed-content-unit-generated-2-2-bil-facebook-video-views-2015\/\" target=\"_blank\"><img decoding=\"async\" class=\"aligncenter\" style=\"width: 100%;\" src=\"http:\/\/www.efj.press\/quentingaland\/wp-content\/uploads\/sites\/10\/2016\/04\/e8df17c5-52e8-4b92-9e28-73529a73ac1e.jpg\" alt=\"\" \/><\/a><\/p>\n<p>Le groupe Al Jazeera a fait un vrai pari lors du lancement en 2013 de son premier m\u00e9dia pur player, AJ+. Celui de cr\u00e9er un support traitant de l\u2019actualit\u00e9 et de th\u00e8mes soci\u00e9taux qui soit d\u00e8s le d\u00e9part tourn\u00e9 vers les r\u00e9seaux sociaux. Dans son article publi\u00e9 sur Digibay, Ricardo Bilton met en avant la pertinence de cette d\u00e9marche.<\/p>\n<p>Pour rester concentr\u00e9e sur les attentes de l\u2019audience, la petite centaine de personnes composant l\u2019\u00e9quipe r\u00e9dactionnelle a pris le parti de proposer des contenus qui soient parfaitement adapt\u00e9s aux formats des diff\u00e9rentes plateformes. Et \u00e0 Facebook en particulier. Aussi, les vid\u00e9os courtes d\u2019AJ+, pens\u00e9es pour \u00eatre comprises m\u00eame sans bande-son et visionn\u00e9es sur mobile dans les transports, ont rapidement suscit\u00e9 l\u2019int\u00e9r\u00eat des internautes. Pour preuve les chiffres rendu publics au d\u00e9but de l\u2019ann\u00e9e 2016 et qui rapportent que les contenus vid\u00e9o post\u00e9s sur Facebook par AJ+ ont \u00e9t\u00e9 visionn\u00e9s pr\u00e8s de 2.2 milliards de fois apr\u00e8s seulement un an d\u2019existence. Des statistiques impressionnantes et qui devraient sans nul doute continuer \u00e0 croitre quand on sait que l\u2019\u00e9quipe cr\u00e9atrice de contenu produit en moyenne une cinquantaine de vid\u00e9os par semaine.<\/p>\n<p>Parmi les sujets de pr\u00e9dilection, l\u2019actualit\u00e9 internationale, avec toujours la volont\u00e9 de rester proche des pr\u00e9occupations des internautes. AJ+ a r\u00e9alis\u00e9 plusieurs vid\u00e9os sur le conflit syrien. Avec r\u00e9guli\u00e8rement des angles originaux tels que la pr\u00e9sentation des recherches effectu\u00e9es sur Google par les Syriens rest\u00e9s en Syrie ou de ceux lanc\u00e9s sur la route menant \u00e0 l\u2019Europe.<\/p>\n<p>Sourced through Scoop.it from: <a href=\"http:\/\/digiday.com\/publishers\/al-jazeeras-distributed-content-unit-generated-2-2-bil-facebook-video-views-2015\/\" target=\"_blank\">digiday.com<\/a><\/p>\n","protected":false},"excerpt":{"rendered":"<p>Le groupe Al Jazeera a fait un vrai pari lors du lancement en 2013 de son premier m\u00e9dia pur player, AJ+. Celui de cr\u00e9er un support traitant de l\u2019actualit\u00e9 et de th\u00e8mes soci\u00e9taux qui soit d\u00e8s le d\u00e9part tourn\u00e9 vers les r\u00e9seaux sociaux. Dans son article publi\u00e9 sur Digibay, Ricardo Bilton met en avant la &hellip; <a href=\"http:\/\/www.efj.press\/quentingaland\/nouveau-journalisme\/les-videos-distribuees-par-aj-ont-ete-visionnees-2-2-milliards-de-fois-en-2015\/\" class=\"more-link\">Continuer la lecture de <span class=\"screen-reader-text\">Les vid\u00e9os d&rsquo;AJ+ ont \u00e9t\u00e9 visionn\u00e9es 2.2 milliards de fois en 2015<\/span>  <span class=\"meta-nav\">&rarr;<\/span><\/a><\/p>\n","protected":false},"author":10,"featured_media":0,"parent":78,"menu_order":0,"comment_status":"closed","ping_status":"closed","template":"","meta":{"footnotes":""},"_links":{"self":[{"href":"http:\/\/www.efj.press\/quentingaland\/wp-json\/wp\/v2\/pages\/103"}],"collection":[{"href":"http:\/\/www.efj.press\/quentingaland\/wp-json\/wp\/v2\/pages"}],"about":[{"href":"http:\/\/www.efj.press\/quentingaland\/wp-json\/wp\/v2\/types\/page"}],"author":[{"embeddable":true,"href":"http:\/\/www.efj.press\/quentingaland\/wp-json\/wp\/v2\/users\/10"}],"replies":[{"embeddable":true,"href":"http:\/\/www.efj.press\/quentingaland\/wp-json\/wp\/v2\/comments?post=103"}],"version-history":[{"count":3,"href":"http:\/\/www.efj.press\/quentingaland\/wp-json\/wp\/v2\/pages\/103\/revisions"}],"predecessor-version":[{"id":135,"href":"http:\/\/www.efj.press\/quentingaland\/wp-json\/wp\/v2\/pages\/103\/revisions\/135"}],"up":[{"embeddable":true,"href":"http:\/\/www.efj.press\/quentingaland\/wp-json\/wp\/v2\/pages\/78"}],"wp:attachment":[{"href":"http:\/\/www.efj.press\/quentingaland\/wp-json\/wp\/v2\/media?parent=103"}],"curies":[{"name":"wp","href":"https:\/\/api.w.org\/{rel}","templated":true}]}}