{"id":87,"date":"2015-12-02T10:28:37","date_gmt":"2015-12-02T09:28:37","guid":{"rendered":"http:\/\/www.efj.press\/paulinehelari\/?page_id=87"},"modified":"2017-12-15T10:52:03","modified_gmt":"2017-12-15T09:52:03","slug":"87-2","status":"publish","type":"page","link":"http:\/\/www.efj.press\/paulinehelari\/87-2\/","title":{"rendered":"A propos"},"content":{"rendered":"<p style=\"text-align: justify\"><a href=\"http:\/\/www.efj.press\/paulinehelari\/wp-content\/uploads\/sites\/68\/2015\/12\/IMG_5915_2.png\"><img loading=\"lazy\" decoding=\"async\" class=\"wp-image-274 alignleft\" src=\"http:\/\/www.efj.press\/paulinehelari\/wp-content\/uploads\/sites\/68\/2015\/12\/IMG_5915_2.png\" alt=\"IMG_5915_2\" width=\"118\" height=\"209\" srcset=\"http:\/\/www.efj.press\/paulinehelari\/wp-content\/uploads\/sites\/68\/2015\/12\/IMG_5915_2.png 640w, http:\/\/www.efj.press\/paulinehelari\/wp-content\/uploads\/sites\/68\/2015\/12\/IMG_5915_2-169x300.png 169w, http:\/\/www.efj.press\/paulinehelari\/wp-content\/uploads\/sites\/68\/2015\/12\/IMG_5915_2-577x1024.png 577w\" sizes=\"(max-width: 118px) 100vw, 118px\" \/><\/a>Suite \u00e0 un M1 \u00ab\u00a0Communication des Entreprises et des Institutions\u00a0\u00bb \u00e0 l\u2019EFAP Europe Lille, j&rsquo;ai choisi d&rsquo;effectuer ma cinqui\u00e8me et derni\u00e8re ann\u00e9e d&rsquo;\u00e9tude \u00e0 l&rsquo;EFJ au sein du Master Journalisme et M\u00e9dias Digitaux. D\u00e9\u00e7ue par certains de mes stages au sein d\u2019agences de relations presse, ils m\u2019ont n\u00e9anmoins r\u00e9v\u00e9l\u00e9s ma v\u00e9ritable ambition : le journalisme. Il ne m&rsquo;a pas fallu tr\u00e8s longtemps pour comprendre que je voulais passer \u00ab de l&rsquo;autre c\u00f4t\u00e9 du t\u00e9l\u00e9phone \u00bb.<\/p>\n<p style=\"text-align: justify\">L&rsquo;enseignement th\u00e9orique qui m&rsquo;a \u00e9t\u00e9 dispens\u00e9\u00a0pendant cinq\u00a0ans m&rsquo;a permis de me former, d&rsquo;une part, aux techniques de conception, de r\u00e9daction (communiqu\u00e9s et dossiers de presse, articles), de cr\u00e9ation de contenu visuel (Photoshop et Final Cut) et, d&rsquo;autre part, \u00e0 l\u2019animation de sites internet et l\u2019utilisation de divers r\u00e9seaux sociaux tels que Facebook ou Twitter.<\/p>\n<p style=\"text-align: justify\">Curieuse, dynamique et rigoureuse, j\u2019aspire \u00e0 mettre mes qualit\u00e9s r\u00e9dactionnelles et relationnelles au service d\u2019une \u00e9quipe de r\u00e9daction.<\/p>\n<p>&nbsp;<\/p>\n<p><a href=\"https:\/\/fr.linkedin.com\/in\/pauline-h%C3%A9lari-966097b5\"><img loading=\"lazy\" decoding=\"async\" class=\"alignnone wp-image-236\" src=\"http:\/\/www.efj.press\/paulinehelari\/wp-content\/uploads\/sites\/68\/2015\/12\/linkedin1-150x150.png\" alt=\"linkedin\" width=\"74\" height=\"74\" srcset=\"http:\/\/www.efj.press\/paulinehelari\/wp-content\/uploads\/sites\/68\/2015\/12\/linkedin1-150x150.png 150w, http:\/\/www.efj.press\/paulinehelari\/wp-content\/uploads\/sites\/68\/2015\/12\/linkedin1-300x300.png 300w, http:\/\/www.efj.press\/paulinehelari\/wp-content\/uploads\/sites\/68\/2015\/12\/linkedin1-1024x1024.png 1024w, http:\/\/www.efj.press\/paulinehelari\/wp-content\/uploads\/sites\/68\/2015\/12\/linkedin1.png 1250w\" sizes=\"(max-width: 74px) 100vw, 74px\" \/><\/a><a href=\"https:\/\/twitter.com\/paulinehelari\"><img loading=\"lazy\" decoding=\"async\" class=\"alignnone wp-image-94\" src=\"http:\/\/www.efj.press\/paulinehelari\/wp-content\/uploads\/sites\/68\/2015\/12\/twitter-logo_19-150x150.png\" alt=\"twitter-logo_19\" width=\"74\" height=\"74\" \/><\/a><\/p>\n<p>&nbsp;<\/p>\n","protected":false},"excerpt":{"rendered":"<p>Suite \u00e0 un M1 \u00ab\u00a0Communication des Entreprises et des Institutions\u00a0\u00bb \u00e0 l\u2019EFAP Europe Lille, j&rsquo;ai choisi d&rsquo;effectuer ma cinqui\u00e8me et derni\u00e8re ann\u00e9e d&rsquo;\u00e9tude \u00e0 l&rsquo;EFJ au sein du Master Journalisme et M\u00e9dias Digitaux. D\u00e9\u00e7ue par certains de mes stages au sein d\u2019agences de relations presse, ils m\u2019ont n\u00e9anmoins r\u00e9v\u00e9l\u00e9s ma v\u00e9ritable ambition : le journalisme. &hellip; <a href=\"http:\/\/www.efj.press\/paulinehelari\/87-2\/\" class=\"more-link\">Continuer la lecture de <span class=\"screen-reader-text\">A propos<\/span>  <span class=\"meta-nav\">&rarr;<\/span><\/a><\/p>\n","protected":false},"author":70,"featured_media":0,"parent":0,"menu_order":4,"comment_status":"closed","ping_status":"closed","template":"","meta":{"footnotes":""},"_links":{"self":[{"href":"http:\/\/www.efj.press\/paulinehelari\/wp-json\/wp\/v2\/pages\/87"}],"collection":[{"href":"http:\/\/www.efj.press\/paulinehelari\/wp-json\/wp\/v2\/pages"}],"about":[{"href":"http:\/\/www.efj.press\/paulinehelari\/wp-json\/wp\/v2\/types\/page"}],"author":[{"embeddable":true,"href":"http:\/\/www.efj.press\/paulinehelari\/wp-json\/wp\/v2\/users\/70"}],"replies":[{"embeddable":true,"href":"http:\/\/www.efj.press\/paulinehelari\/wp-json\/wp\/v2\/comments?post=87"}],"version-history":[{"count":25,"href":"http:\/\/www.efj.press\/paulinehelari\/wp-json\/wp\/v2\/pages\/87\/revisions"}],"predecessor-version":[{"id":517,"href":"http:\/\/www.efj.press\/paulinehelari\/wp-json\/wp\/v2\/pages\/87\/revisions\/517"}],"wp:attachment":[{"href":"http:\/\/www.efj.press\/paulinehelari\/wp-json\/wp\/v2\/media?parent=87"}],"curies":[{"name":"wp","href":"https:\/\/api.w.org\/{rel}","templated":true}]}}