{"id":84,"date":"2015-12-02T10:27:45","date_gmt":"2015-12-02T09:27:45","guid":{"rendered":"http:\/\/www.efj.press\/paulinehelari\/?page_id=84"},"modified":"2016-04-15T10:59:43","modified_gmt":"2016-04-15T09:59:43","slug":"contexte","status":"publish","type":"page","link":"http:\/\/www.efj.press\/paulinehelari\/grande-enquete-data\/contexte\/","title":{"rendered":"Pourquoi le Data Journalisme ?"},"content":{"rendered":"<p>L&rsquo;EFJ, \u00e9cole du nouveau journalisme a fait du mois de novembre, le mois de l&rsquo;investigation. Pour la grande enqu\u00eate j&rsquo;ai donc fais le choix du data journalisme, cela me semblait \u00e9vident. Ayant auparavant approch\u00e9 de pr\u00e8s ou de loin les autres types de m\u00e9dias (t\u00e9l\u00e9vision, radio, presse \u00e9crite) la curiosit\u00e9 m&rsquo;a pouss\u00e9 vers ce domaine inconnu. Le data journalisme d&rsquo;une grande base de donn\u00e9es une analyse claire et accessible \u00e0 tous. La journaliste en herbe que je suis se devait d&rsquo;avoir cette comp\u00e9tence.<\/p>\n<p>Avec l&rsquo;aide pr\u00e9cieuse des journalistes, Jean Marc Manach et Tatiana Kalouguine, nous nous sommes int\u00e9ress\u00e9s aux march\u00e9s publics de l\u2019\u00c9tat. Certaines entit\u00e9s publient leurs march\u00e9s conclus, d&rsquo;autres non? Pourquoi ? Sont-elles en dehors de la loi ? Qu&rsquo;en est-il de la transparence ?<\/p>\n<p>Toutes les r\u00e9ponses \u00e0 cette enqu\u00eate, <a href=\"http:\/\/www.efj.press\/paulinehelari\/grande-enquete-data\/les-marches-publics-le-labyrinthe-de-la-transparence\/\">ici<\/a> !<\/p>\n<p>&nbsp;<\/p>\n<p>&nbsp;<\/p>\n","protected":false},"excerpt":{"rendered":"<p>L&rsquo;EFJ, \u00e9cole du nouveau journalisme a fait du mois de novembre, le mois de l&rsquo;investigation. Pour la grande enqu\u00eate j&rsquo;ai donc fais le choix du data journalisme, cela me semblait \u00e9vident. Ayant auparavant approch\u00e9 de pr\u00e8s ou de loin les autres types de m\u00e9dias (t\u00e9l\u00e9vision, radio, presse \u00e9crite) la curiosit\u00e9 m&rsquo;a pouss\u00e9 vers ce domaine &hellip; <a href=\"http:\/\/www.efj.press\/paulinehelari\/grande-enquete-data\/contexte\/\" class=\"more-link\">Continuer la lecture de <span class=\"screen-reader-text\">Pourquoi le Data Journalisme ?<\/span>  <span class=\"meta-nav\">&rarr;<\/span><\/a><\/p>\n","protected":false},"author":70,"featured_media":0,"parent":66,"menu_order":2,"comment_status":"closed","ping_status":"closed","template":"","meta":{"footnotes":""},"_links":{"self":[{"href":"http:\/\/www.efj.press\/paulinehelari\/wp-json\/wp\/v2\/pages\/84"}],"collection":[{"href":"http:\/\/www.efj.press\/paulinehelari\/wp-json\/wp\/v2\/pages"}],"about":[{"href":"http:\/\/www.efj.press\/paulinehelari\/wp-json\/wp\/v2\/types\/page"}],"author":[{"embeddable":true,"href":"http:\/\/www.efj.press\/paulinehelari\/wp-json\/wp\/v2\/users\/70"}],"replies":[{"embeddable":true,"href":"http:\/\/www.efj.press\/paulinehelari\/wp-json\/wp\/v2\/comments?post=84"}],"version-history":[{"count":5,"href":"http:\/\/www.efj.press\/paulinehelari\/wp-json\/wp\/v2\/pages\/84\/revisions"}],"predecessor-version":[{"id":299,"href":"http:\/\/www.efj.press\/paulinehelari\/wp-json\/wp\/v2\/pages\/84\/revisions\/299"}],"up":[{"embeddable":true,"href":"http:\/\/www.efj.press\/paulinehelari\/wp-json\/wp\/v2\/pages\/66"}],"wp:attachment":[{"href":"http:\/\/www.efj.press\/paulinehelari\/wp-json\/wp\/v2\/media?parent=84"}],"curies":[{"name":"wp","href":"https:\/\/api.w.org\/{rel}","templated":true}]}}