{"id":489,"date":"2017-01-05T00:27:09","date_gmt":"2017-01-04T23:27:09","guid":{"rendered":"http:\/\/www.efj.press\/paulinehelari\/?page_id=489"},"modified":"2017-01-05T01:12:54","modified_gmt":"2017-01-05T00:12:54","slug":"une-petite-nouvelle-chez-01net-com","status":"publish","type":"page","link":"http:\/\/www.efj.press\/paulinehelari\/stage\/une-petite-nouvelle-chez-01net-com\/","title":{"rendered":"Une petite nouvelle chez 01net.com&#8230;"},"content":{"rendered":"<p>Arriv\u00e9e chez 01net.com au mois de mai 2016, l&rsquo;int\u00e9gration dans la r\u00e9daction s&rsquo;est faite tout naturellement. L&rsquo;\u00e9quipe compte uniquement des journalistes tr\u00e8s \u00e0 l&rsquo;\u00e9coute, qui ont \u00e9t\u00e9 d\u00e9sireux de m&rsquo;aider dans l&rsquo;apprentissage du m\u00e9tier chaque jour.<\/p>\n<p>J&rsquo;ai su d\u00e8s le premier jour que ces six mois de stage seraient pour moi une tr\u00e8s belle entr\u00e9e dans la mati\u00e8re, \u00e9tant donn\u00e9 que je n&rsquo;avais encore jamais effectu\u00e9 de stage dans une r\u00e9daction. Je peux d&rsquo;ores et d\u00e9j\u00e0 affirm\u00e9 que je n&rsquo;aurais pas pu trouver plus formateur qu&rsquo;un stage chez 01net.com ayant pu voir autant de la presse \u00e9crite que de l&rsquo;audiovisuel. Il faut aussi savoir que 01net.com m&rsquo;a permis de d\u00e9couvrir un nouvel univers : la high-tech. Terriblement vaste, il m&rsquo;a permis d&rsquo;apprendre \u00e9norm\u00e9ment de choses sur des objets que nous utilisons tous les jours comme les smartphones ou les ordinateurs. Mais \u00e9galement sur toutes les marques qui font d\u00e9sormais parties de notre quotidien : Google, Apple, Microsoft, Samsung, etc&#8230;<\/p>\n<p>Avant d&rsquo;arriver au sein de la r\u00e9daction, je savais d&rsquo;ores et d\u00e9j\u00e0 que ma principale mission serait de l&rsquo;\u00e9dition. En effet, lors de mon entretien, Delphine Sabattier m&rsquo;a expliqu\u00e9 qu&rsquo;un partenariat avec Jeux Vid\u00e9o Magazine allait commencer au mois de mai 2016. Un partenariat assez simple : 01net.com reprend un certain nombre de contenu papier pour son site web, avec en contrepartie de la publicit\u00e9 pour le magazine papier.<\/p>\n<p><img loading=\"lazy\" decoding=\"async\" class=\"aligncenter size-large wp-image-496\" src=\"http:\/\/www.efj.press\/paulinehelari\/wp-content\/uploads\/sites\/68\/2017\/01\/160729043055457137-759x1024.jpeg\" alt=\"160729043055457137\" width=\"474\" height=\"639\" srcset=\"http:\/\/www.efj.press\/paulinehelari\/wp-content\/uploads\/sites\/68\/2017\/01\/160729043055457137-759x1024.jpeg 759w, http:\/\/www.efj.press\/paulinehelari\/wp-content\/uploads\/sites\/68\/2017\/01\/160729043055457137-222x300.jpeg 222w, http:\/\/www.efj.press\/paulinehelari\/wp-content\/uploads\/sites\/68\/2017\/01\/160729043055457137-768x1036.jpeg 768w, http:\/\/www.efj.press\/paulinehelari\/wp-content\/uploads\/sites\/68\/2017\/01\/160729043055457137.jpeg 970w\" sizes=\"(max-width: 474px) 100vw, 474px\" \/><\/p>\n<p>C&rsquo;est donc \u00e0 ce moment l\u00e0 que j&rsquo;intervenais. En effet, l&rsquo;\u00e9criture n&rsquo;est pas la m\u00eame pour le print que pour le web. Chaque d\u00e9but de mois, nous choisissions avec le r\u00e9dacteur en chef de 01net.com et Olivier Bal, r\u00e9dacteur en chef de Jeux Vid\u00e9o Magazine, les dossiers et articles que nous allions reprendre pour le site web. Une fois chose faite, il me fallait adapter le titre, le chapeau et les diff\u00e9rents intertitres pour 01net.com.<\/p>\n<p>Pour chaque article, test ou dossier choisi, il me fallait l&rsquo;inscrire dans un tableau excel avec sa date de publication, son titre ainsi que le lien. Ce r\u00e9pertoire des publications permettait ensuite \u00e0 la r\u00e9gie du groupe de constater les retomb\u00e9es des contenus repris.<\/p>\n<p><img loading=\"lazy\" decoding=\"async\" class=\"aligncenter wp-image-500 size-full\" src=\"http:\/\/www.efj.press\/paulinehelari\/wp-content\/uploads\/sites\/68\/2017\/01\/Sans-titre8.jpeg\" alt=\"sans-titre8\" width=\"1240\" height=\"527\" srcset=\"http:\/\/www.efj.press\/paulinehelari\/wp-content\/uploads\/sites\/68\/2017\/01\/Sans-titre8.jpeg 1240w, http:\/\/www.efj.press\/paulinehelari\/wp-content\/uploads\/sites\/68\/2017\/01\/Sans-titre8-300x128.jpeg 300w, http:\/\/www.efj.press\/paulinehelari\/wp-content\/uploads\/sites\/68\/2017\/01\/Sans-titre8-768x326.jpeg 768w, http:\/\/www.efj.press\/paulinehelari\/wp-content\/uploads\/sites\/68\/2017\/01\/Sans-titre8-1024x435.jpeg 1024w\" sizes=\"(max-width: 1240px) 100vw, 1240px\" \/><\/p>\n<p>Une t\u00e2che qui semble plut\u00f4t facile, mais tout journaliste sait que l&rsquo;attaque n&rsquo;est pas \u00e0 prendre \u00e0 la l\u00e9g\u00e8re car il faut attirer l&rsquo;oeil du lecteur et surtout lui donner envie de lire la suite.<\/p>\n<p>J&rsquo;ai donc mis plusieurs semaines \u00e0 prendre les bons r\u00e9flexes mais gr\u00e2ce \u00e0 l&rsquo;aide d&rsquo;Eric Le Bourlout, r\u00e9dacteur en chef de 01net.com, j&rsquo;ai r\u00e9ussi \u00e0 me faire corriger de moins en moins au fil des mois.<\/p>\n<p>A c\u00f4t\u00e9 de ce travail, j&rsquo;ai bien s\u00fbr eu l&rsquo;opportunit\u00e9 d&rsquo;\u00e9crire des articles pour 01net.com et BFMTV High-Tech (vous pouvez les lire <a href=\"http:\/\/www.efj.press\/paulinehelari\/stage\/articles\/\">ici<\/a>). La conf\u00e9rence de r\u00e9daction ayant lieu chaque matin \u00e0 10h, le site Feedly.com me permettait d&rsquo;arriver avec quelques sujets \u00e0 proposer. Une fois les sujets valid\u00e9s par le r\u00e9dacteur en chef ou le chef d&rsquo;\u00e9dition, la journ\u00e9e \u00e9t\u00e9 d\u00e9di\u00e9e \u00e0 la r\u00e9daction. Chose qui peut se faire rare de nos jours, la r\u00e9daction privil\u00e9gie la qualit\u00e9 \u00e0 la quantit\u00e9. Je n&rsquo;avais donc pas un minimum d&rsquo;articles \u00e0 \u00e9crire par jour. Toute proposition \u00e9tait attentivement \u00e9cout\u00e9e, si elle \u00e9t\u00e9 jug\u00e9e int\u00e9ressante, j&rsquo;avais le champ libre.<\/p>\n","protected":false},"excerpt":{"rendered":"<p>Arriv\u00e9e chez 01net.com au mois de mai 2016, l&rsquo;int\u00e9gration dans la r\u00e9daction s&rsquo;est faite tout naturellement. L&rsquo;\u00e9quipe compte uniquement des journalistes tr\u00e8s \u00e0 l&rsquo;\u00e9coute, qui ont \u00e9t\u00e9 d\u00e9sireux de m&rsquo;aider dans l&rsquo;apprentissage du m\u00e9tier chaque jour. J&rsquo;ai su d\u00e8s le premier jour que ces six mois de stage seraient pour moi une tr\u00e8s belle entr\u00e9e &hellip; <a href=\"http:\/\/www.efj.press\/paulinehelari\/stage\/une-petite-nouvelle-chez-01net-com\/\" class=\"more-link\">Continuer la lecture de <span class=\"screen-reader-text\">Une petite nouvelle chez 01net.com&#8230;<\/span>  <span class=\"meta-nav\">&rarr;<\/span><\/a><\/p>\n","protected":false},"author":70,"featured_media":0,"parent":397,"menu_order":3,"comment_status":"closed","ping_status":"closed","template":"","meta":{"footnotes":""},"_links":{"self":[{"href":"http:\/\/www.efj.press\/paulinehelari\/wp-json\/wp\/v2\/pages\/489"}],"collection":[{"href":"http:\/\/www.efj.press\/paulinehelari\/wp-json\/wp\/v2\/pages"}],"about":[{"href":"http:\/\/www.efj.press\/paulinehelari\/wp-json\/wp\/v2\/types\/page"}],"author":[{"embeddable":true,"href":"http:\/\/www.efj.press\/paulinehelari\/wp-json\/wp\/v2\/users\/70"}],"replies":[{"embeddable":true,"href":"http:\/\/www.efj.press\/paulinehelari\/wp-json\/wp\/v2\/comments?post=489"}],"version-history":[{"count":18,"href":"http:\/\/www.efj.press\/paulinehelari\/wp-json\/wp\/v2\/pages\/489\/revisions"}],"predecessor-version":[{"id":493,"href":"http:\/\/www.efj.press\/paulinehelari\/wp-json\/wp\/v2\/pages\/489\/revisions\/493"}],"up":[{"embeddable":true,"href":"http:\/\/www.efj.press\/paulinehelari\/wp-json\/wp\/v2\/pages\/397"}],"wp:attachment":[{"href":"http:\/\/www.efj.press\/paulinehelari\/wp-json\/wp\/v2\/media?parent=489"}],"curies":[{"name":"wp","href":"https:\/\/api.w.org\/{rel}","templated":true}]}}