{"id":452,"date":"2017-01-04T23:09:11","date_gmt":"2017-01-04T22:09:11","guid":{"rendered":"http:\/\/www.efj.press\/paulinehelari\/?page_id=452"},"modified":"2017-01-05T00:29:37","modified_gmt":"2017-01-04T23:29:37","slug":"01net-com-un-site-100-dedie-a-la-high-tech","status":"publish","type":"page","link":"http:\/\/www.efj.press\/paulinehelari\/stage\/01net-com-un-site-100-dedie-a-la-high-tech\/","title":{"rendered":"01net.com, un site 100% d\u00e9di\u00e9 \u00e0 la high-tech"},"content":{"rendered":"<p>Le site 01net.com appartenant au groupe NextRadioTV, les locaux se trouvent dans le m\u00eame b\u00e2timent que ceux de BFMTV et RMC dans le 15\u00e8me arrondissement de Paris.<\/p>\n<p>Avec pr\u00e8s de 6 millions de vu en moyenne en 2014 et 73,4 millions de pages vues par mois, 01net.com est le site web fran\u00e7ais de r\u00e9f\u00e9rence sur la high-tech. Sa vocation premi\u00e8re est d\u2019assurer aux internautes un suivi complet de l\u2019actualit\u00e9 high-tech et de les guider dans leurs usages des nouvelles technologies. Le site assure \u00e9galement un service de t\u00e9l\u00e9chargement en ligne gratuit avec la plateforme t\u00e9l\u00e9charger.com.<\/p>\n<p>Le site vise essentiellement les amoureux de la high-tech mais pas seulement : gr\u00e2ce \u00e0 sa diversit\u00e9 de rubriques, elle invite aussi les fans de jeux-vid\u00e9os, commun\u00e9ment appel\u00e9s \u00ab\u00a0geeks\u00a0\u00bb \u00e0 prendre quelques conseils pour s&rsquo;am\u00e9liorer dans leur fa\u00e7on de jouer. Mais elle attire surtout les personnes d\u00e9sireuses d&rsquo;acheter n&rsquo;importe quel type d&rsquo;\u00e9quipement high-tech, gr\u00e2ce \u00e0 ses diff\u00e9rents tests produits \u00e9crits mais aussi vid\u00e9os, qui va permettre aux internautes de s&rsquo;informer et de comparer.<\/p>\n<p>Le site propose \u00e0 ses lecteurs sept rubriques :<\/p>\n<ul>\n<li><img loading=\"lazy\" decoding=\"async\" class=\"aligncenter wp-image-457\" src=\"http:\/\/www.efj.press\/paulinehelari\/wp-content\/uploads\/sites\/68\/2017\/01\/Sans-titre.jpeg\" alt=\"sans-titre\" width=\"1256\" height=\"200\" srcset=\"http:\/\/www.efj.press\/paulinehelari\/wp-content\/uploads\/sites\/68\/2017\/01\/Sans-titre.jpeg 1006w, http:\/\/www.efj.press\/paulinehelari\/wp-content\/uploads\/sites\/68\/2017\/01\/Sans-titre-300x48.jpeg 300w, http:\/\/www.efj.press\/paulinehelari\/wp-content\/uploads\/sites\/68\/2017\/01\/Sans-titre-768x122.jpeg 768w\" sizes=\"(max-width: 1256px) 100vw, 1256px\" \/>L&rsquo;actualit\u00e9 high-tech qui comporte \u00e0 elle seule neuf sous-rubriques (produits, applis &amp; logiciels, jeux, technos, s\u00e9curit\u00e9, buzz &amp; soci\u00e9t\u00e9, t\u00e9l\u00e9coms, culture &amp; m\u00e9dias, science et recherche).<\/li>\n<\/ul>\n<p><img loading=\"lazy\" decoding=\"async\" class=\"aligncenter wp-image-459\" src=\"http:\/\/www.efj.press\/paulinehelari\/wp-content\/uploads\/sites\/68\/2017\/01\/Sans-titre1.jpeg\" alt=\"sans-titre1\" width=\"1343\" height=\"148\" srcset=\"http:\/\/www.efj.press\/paulinehelari\/wp-content\/uploads\/sites\/68\/2017\/01\/Sans-titre1.jpeg 1007w, http:\/\/www.efj.press\/paulinehelari\/wp-content\/uploads\/sites\/68\/2017\/01\/Sans-titre1-300x33.jpeg 300w, http:\/\/www.efj.press\/paulinehelari\/wp-content\/uploads\/sites\/68\/2017\/01\/Sans-titre1-768x85.jpeg 768w\" sizes=\"(max-width: 1343px) 100vw, 1343px\" \/><\/p>\n<ul>\n<li>Des vid\u00e9os par le biais de 01netTV.com<\/li>\n<\/ul>\n<p><img loading=\"lazy\" decoding=\"async\" class=\"size-full wp-image-461 aligncenter\" src=\"http:\/\/www.efj.press\/paulinehelari\/wp-content\/uploads\/sites\/68\/2017\/01\/Sans-titre2.jpeg\" alt=\"sans-titre2\" width=\"1162\" height=\"635\" srcset=\"http:\/\/www.efj.press\/paulinehelari\/wp-content\/uploads\/sites\/68\/2017\/01\/Sans-titre2.jpeg 1162w, http:\/\/www.efj.press\/paulinehelari\/wp-content\/uploads\/sites\/68\/2017\/01\/Sans-titre2-300x164.jpeg 300w, http:\/\/www.efj.press\/paulinehelari\/wp-content\/uploads\/sites\/68\/2017\/01\/Sans-titre2-768x420.jpeg 768w, http:\/\/www.efj.press\/paulinehelari\/wp-content\/uploads\/sites\/68\/2017\/01\/Sans-titre2-1024x560.jpeg 1024w\" sizes=\"(max-width: 1162px) 100vw, 1162px\" \/><\/p>\n<p>01netTV est la cha\u00eene vid\u00e9o 100% high-tech. Elle est anim\u00e9e par les journalistes Fran\u00e7ois Sorel et J\u00e9r\u00f4me Colombain mais aussi avec tous les sp\u00e9cialistes de la r\u00e9daction. Chaque jour de nombreuses vid\u00e9os exclusives sont mises en ligne portant sur les nouveaux produits, des tests approfondis, des reportages, des interviews mais aussi des \u00e9missions live diffus\u00e9es en direct tous les jeudis. 01netTV diffuse \u00e9galement ses \u00e9missions et vid\u00e9os sur sa cha\u00eene Youtube (qui totalise <span class=\"about-stat\">322\u00a0763\u00a0abonn\u00e9s<\/span> <span class=\"about-stat\">et 98\u00a0484\u00a0271\u00a0vues), <\/span>Facebook Live et Twitter.<\/p>\n<ul>\n<li>Les tests produits effectu\u00e9s directement par les journalistes gr\u00e2ce au labo 01net.<\/li>\n<\/ul>\n<p><img loading=\"lazy\" decoding=\"async\" class=\"size-full wp-image-463 aligncenter\" src=\"http:\/\/www.efj.press\/paulinehelari\/wp-content\/uploads\/sites\/68\/2017\/01\/Sans-titre3.jpeg\" alt=\"sans-titre3\" width=\"998\" height=\"565\" srcset=\"http:\/\/www.efj.press\/paulinehelari\/wp-content\/uploads\/sites\/68\/2017\/01\/Sans-titre3.jpeg 998w, http:\/\/www.efj.press\/paulinehelari\/wp-content\/uploads\/sites\/68\/2017\/01\/Sans-titre3-300x170.jpeg 300w, http:\/\/www.efj.press\/paulinehelari\/wp-content\/uploads\/sites\/68\/2017\/01\/Sans-titre3-768x435.jpeg 768w\" sizes=\"(max-width: 998px) 100vw, 998px\" \/><\/p>\n<p>Dans les locaux de 01net.com se trouve un laboratoire enti\u00e8rement d\u00e9di\u00e9 aux tests de diff\u00e9rents produits : TV, smartphone, ordinateurs, appareils photos, casques audio, tablettes, etc&#8230; Les journalistes, chacun sp\u00e9cialis\u00e9 dans une gamme de produit en particulier, re\u00e7oit les produits \u00e0 venir et teste diff\u00e9rents \u00e9l\u00e9ments (performances, autonomie, affichage, maniabilit\u00e9, etc&#8230;) pour \u00e0 la fin mettre une note afin que les internautes puissent comparer plusieurs produits, avant de passer \u00e0 un possible acte d&rsquo;achat.<\/p>\n<ul>\n<li>Des astuces<\/li>\n<\/ul>\n<p><img loading=\"lazy\" decoding=\"async\" class=\"size-full wp-image-465 aligncenter\" src=\"http:\/\/www.efj.press\/paulinehelari\/wp-content\/uploads\/sites\/68\/2017\/01\/Sans-titre4.jpeg\" alt=\"sans-titre4\" width=\"1034\" height=\"119\" srcset=\"http:\/\/www.efj.press\/paulinehelari\/wp-content\/uploads\/sites\/68\/2017\/01\/Sans-titre4.jpeg 1034w, http:\/\/www.efj.press\/paulinehelari\/wp-content\/uploads\/sites\/68\/2017\/01\/Sans-titre4-300x35.jpeg 300w, http:\/\/www.efj.press\/paulinehelari\/wp-content\/uploads\/sites\/68\/2017\/01\/Sans-titre4-768x88.jpeg 768w, http:\/\/www.efj.press\/paulinehelari\/wp-content\/uploads\/sites\/68\/2017\/01\/Sans-titre4-1024x118.jpeg 1024w\" sizes=\"(max-width: 1034px) 100vw, 1034px\" \/><\/p>\n<p>Que ce soit pour les smartphones, les ordinateurs, les logiciels ou encore les jeux-vid\u00e9os, la rubrique \u00ab\u00a0Astuce\u00a0\u00bb offre tr\u00e8s souvent une r\u00e9ponse aux questions que nous pouvons nous poser tous les jours lors de l&rsquo;utilisation de diff\u00e9rents appareils ou en jouant \u00e0 nos jeux pr\u00e9f\u00e9r\u00e9s.<\/p>\n<ul>\n<li>La rubrique 100% d\u00e9di\u00e9e aux jeux-vid\u00e9os<\/li>\n<\/ul>\n<p><img loading=\"lazy\" decoding=\"async\" class=\"size-full wp-image-468 aligncenter\" src=\"http:\/\/www.efj.press\/paulinehelari\/wp-content\/uploads\/sites\/68\/2017\/01\/Sans-titre7.jpeg\" alt=\"sans-titre7\" width=\"1011\" height=\"406\" srcset=\"http:\/\/www.efj.press\/paulinehelari\/wp-content\/uploads\/sites\/68\/2017\/01\/Sans-titre7.jpeg 1011w, http:\/\/www.efj.press\/paulinehelari\/wp-content\/uploads\/sites\/68\/2017\/01\/Sans-titre7-300x120.jpeg 300w, http:\/\/www.efj.press\/paulinehelari\/wp-content\/uploads\/sites\/68\/2017\/01\/Sans-titre7-768x308.jpeg 768w\" sizes=\"(max-width: 1011px) 100vw, 1011px\" \/><\/p>\n<p>R\u00e9alis\u00e9e par les journalistes, elle offre la s\u00e9lection des meilleurs jeux sur PC, sur console et sur mobile, ainsi qu\u2019une s\u00e9lection d\u2019articles gaming. Les lecteurs peuvent en plus d\u00e9couvrir des promotions du moment et des bons plans jeux vid\u00e9o.<\/p>\n<ul>\n<li>La rubrique t\u00e9l\u00e9charg\u00e9.com<\/li>\n<\/ul>\n<p><img loading=\"lazy\" decoding=\"async\" class=\"alignnone size-full wp-image-466\" src=\"http:\/\/www.efj.press\/paulinehelari\/wp-content\/uploads\/sites\/68\/2017\/01\/Sans-titre5.jpeg\" alt=\"sans-titre5\" width=\"1010\" height=\"501\" srcset=\"http:\/\/www.efj.press\/paulinehelari\/wp-content\/uploads\/sites\/68\/2017\/01\/Sans-titre5.jpeg 1010w, http:\/\/www.efj.press\/paulinehelari\/wp-content\/uploads\/sites\/68\/2017\/01\/Sans-titre5-300x149.jpeg 300w, http:\/\/www.efj.press\/paulinehelari\/wp-content\/uploads\/sites\/68\/2017\/01\/Sans-titre5-768x381.jpeg 768w\" sizes=\"(max-width: 1010px) 100vw, 1010px\" \/><\/p>\n<p>C&rsquo;est en partie gr\u00e2ce \u00e0 cette plateforme que le site 01net.com s&rsquo;est vu conna\u00eetre. Elle donne acc\u00e8s \u00e0 plus de 80 000 logiciels. En 2014 , ce sont pr\u00e8s de 165 millions de\u00a0t\u00e9l\u00e9chargements r\u00e9alis\u00e9s sur le site gr\u00e2ce \u00e0 cette plateforme.<\/p>\n<ul>\n<li>Le forum des internautes<\/li>\n<\/ul>\n<p><img loading=\"lazy\" decoding=\"async\" class=\"size-full wp-image-467 aligncenter\" src=\"http:\/\/www.efj.press\/paulinehelari\/wp-content\/uploads\/sites\/68\/2017\/01\/Sans-titre6.jpeg\" alt=\"sans-titre6\" width=\"1015\" height=\"297\" srcset=\"http:\/\/www.efj.press\/paulinehelari\/wp-content\/uploads\/sites\/68\/2017\/01\/Sans-titre6.jpeg 1015w, http:\/\/www.efj.press\/paulinehelari\/wp-content\/uploads\/sites\/68\/2017\/01\/Sans-titre6-300x88.jpeg 300w, http:\/\/www.efj.press\/paulinehelari\/wp-content\/uploads\/sites\/68\/2017\/01\/Sans-titre6-768x225.jpeg 768w\" sizes=\"(max-width: 1015px) 100vw, 1015px\" \/><\/p>\n<p>Comme bon nombre de forums sur les sites web, il regroupe les diff\u00e9rentes th\u00e9matiques du site 01net.com o\u00f9 les internautes peuvent \u00e9changer, jouer au jeu des questions-r\u00e9ponses.<\/p>\n<p><strong>01net.com, de nombreux articles pour une bien petite r\u00e9daction<\/strong><\/p>\n<p>Avec de nombreux articles publi\u00e9s chaque jour sur 01net.com mais aussi sur BFMTV High-Tech, la r\u00e9daction n&rsquo;est pourtant pas si importante. En effet, elle compte seulement 8 journalistes qui ont chacun leur sp\u00e9cialit\u00e9 : Fran\u00e7ois Bedin (ordinateurs),\u00a0Gilbert Kallenborn (s\u00e9curit\u00e9), C\u00e9cile Bolesse (actualit\u00e9), Aym\u00e9ric Sim\u00e9on (jeux vid\u00e9os), Adrian Branco (appareils photo), Am\u00e9lie Charnay (t\u00e9l\u00e9coms), Jean-S\u00e9bastien Zanchi et Rapha\u00ebl Grably (smartphones) et David Nogueira (objets connect\u00e9s et auto); une r\u00e9dactrice en chef adjointe St\u00e9phanie Molinier.<\/p>\n<p>Pour ma part, j&rsquo;ai principalement travaill\u00e9 avec le r\u00e9dacteur en chef, Eric Le Bourlout, le chef d&rsquo;\u00e9dition Pierre Fontaine et surtout la direction des r\u00e9dactions 01net, Delphine Sabattier. Pour tout conna\u00eetre de mes missions pendant mes six mois de travail, suivez-moi par <a href=\"http:\/\/www.efj.press\/paulinehelari\/stage\/une-petite-nouvelle-chez-01net-com\/\">ici<\/a>&#8230;<\/p>\n","protected":false},"excerpt":{"rendered":"<p>Le site 01net.com appartenant au groupe NextRadioTV, les locaux se trouvent dans le m\u00eame b\u00e2timent que ceux de BFMTV et RMC dans le 15\u00e8me arrondissement de Paris. Avec pr\u00e8s de 6 millions de vu en moyenne en 2014 et 73,4 millions de pages vues par mois, 01net.com est le site web fran\u00e7ais de r\u00e9f\u00e9rence sur &hellip; <a href=\"http:\/\/www.efj.press\/paulinehelari\/stage\/01net-com-un-site-100-dedie-a-la-high-tech\/\" class=\"more-link\">Continuer la lecture de <span class=\"screen-reader-text\">01net.com, un site 100% d\u00e9di\u00e9 \u00e0 la high-tech<\/span>  <span class=\"meta-nav\">&rarr;<\/span><\/a><\/p>\n","protected":false},"author":70,"featured_media":0,"parent":397,"menu_order":2,"comment_status":"closed","ping_status":"closed","template":"","meta":{"footnotes":""},"_links":{"self":[{"href":"http:\/\/www.efj.press\/paulinehelari\/wp-json\/wp\/v2\/pages\/452"}],"collection":[{"href":"http:\/\/www.efj.press\/paulinehelari\/wp-json\/wp\/v2\/pages"}],"about":[{"href":"http:\/\/www.efj.press\/paulinehelari\/wp-json\/wp\/v2\/types\/page"}],"author":[{"embeddable":true,"href":"http:\/\/www.efj.press\/paulinehelari\/wp-json\/wp\/v2\/users\/70"}],"replies":[{"embeddable":true,"href":"http:\/\/www.efj.press\/paulinehelari\/wp-json\/wp\/v2\/comments?post=452"}],"version-history":[{"count":27,"href":"http:\/\/www.efj.press\/paulinehelari\/wp-json\/wp\/v2\/pages\/452\/revisions"}],"predecessor-version":[{"id":491,"href":"http:\/\/www.efj.press\/paulinehelari\/wp-json\/wp\/v2\/pages\/452\/revisions\/491"}],"up":[{"embeddable":true,"href":"http:\/\/www.efj.press\/paulinehelari\/wp-json\/wp\/v2\/pages\/397"}],"wp:attachment":[{"href":"http:\/\/www.efj.press\/paulinehelari\/wp-json\/wp\/v2\/media?parent=452"}],"curies":[{"name":"wp","href":"https:\/\/api.w.org\/{rel}","templated":true}]}}