{"id":419,"date":"2017-01-04T21:22:49","date_gmt":"2017-01-04T20:22:49","guid":{"rendered":"http:\/\/www.efj.press\/paulinehelari\/?page_id=419"},"modified":"2017-01-05T00:30:49","modified_gmt":"2017-01-04T23:30:49","slug":"nextradiotv-un-groupe","status":"publish","type":"page","link":"http:\/\/www.efj.press\/paulinehelari\/stage\/nextradiotv-un-groupe\/","title":{"rendered":"SFR M\u00e9dia : entrez dans un des plus grand groupes de presse"},"content":{"rendered":"<h3>SFR M\u00e9dia, un des plus importants groupes de presse<\/h3>\n<p>En juillet 2015, Altice (le groupe de T\u00e9l\u00e9coms) annonce avoir nou\u00e9 un partenariat strat\u00e9gique avec le groupe NextRadioTV, le groupe d\u2019Alain Weill (auquel appartient directement 01net.com), en vue de le racheter \u00e0 terme.<\/p>\n<p>En avril 2016, SFR Group voit le jour. Le pr\u00e9sident directeur g\u00e9n\u00e9ral de SFR, Michel Combes, annonce la cr\u00e9ation de ce\u00a0 nouvel ensemble qui regroupe les activit\u00e9s T\u00e9l\u00e9com, M\u00e9dia (via Altice Media Group et NextRadioTV) et publicit\u00e9. Le groupe est alors organis\u00e9 en 3 p\u00f4les\u00a0: <b>SFR T\u00e9l\u00e9com<\/b>, <b>SFR Media<\/b> et <b>SFR Publicit\u00e9<\/b>.<\/p>\n<p>En juillet 2016, SFR Group annonce une nouvelle organisation de <b>SFR M\u00e9dia<\/b> qui\u00a0est d\u00e9sormais compos\u00e9 de SFR Presse,\u00a0SFR RadioTV et\u00a0SFR Sport. Afin de comprendre au mieux SFR M\u00e9dia, venons-en donc directement aux entit\u00e9s qui le constituent.<\/p>\n<p><img loading=\"lazy\" decoding=\"async\" class=\"aligncenter wp-image-421 size-full\" src=\"http:\/\/www.efj.press\/paulinehelari\/wp-content\/uploads\/sites\/68\/2017\/01\/SFRorga.jpeg\" alt=\"sfrorga\" width=\"806\" height=\"393\" srcset=\"http:\/\/www.efj.press\/paulinehelari\/wp-content\/uploads\/sites\/68\/2017\/01\/SFRorga.jpeg 806w, http:\/\/www.efj.press\/paulinehelari\/wp-content\/uploads\/sites\/68\/2017\/01\/SFRorga-300x146.jpeg 300w, http:\/\/www.efj.press\/paulinehelari\/wp-content\/uploads\/sites\/68\/2017\/01\/SFRorga-768x374.jpeg 768w\" sizes=\"(max-width: 806px) 100vw, 806px\" \/><strong>SFR<\/strong> <strong>M\u00e9dia<\/strong> propose en tout 20 cha\u00eenes et services pour 4 th\u00e9matiques.<\/p>\n<ol>\n<li><strong>L\u2019information\u00a0<\/strong>: BFM TV, BFM Business, BFM Sport, BFM Paris, i24news auxquelles s\u2019ajoute RMC en radio\u00a0;<\/li>\n<li><strong>Le sport<\/strong>\u00a0: SFR Sport 1, SFR Sport 2, SFR Sport 3, SFR Sport 4K, SFR Sport 5\u00a0;<\/li>\n<li><strong>La d\u00e9couverte et les documentaires\u00a0<\/strong>: RMC D\u00e9couverte, Discovery Channel, Discovery Science, Discovery Investigation, Discovery Family\u00a0;<\/li>\n<li><strong>Le cin\u00e9ma et les s\u00e9ries\u00a0<\/strong>: 13e rue, Syfy, E!, SFR Play, la future cha\u00eene s\u00e9ries et cin\u00e9ma de SFR.<\/li>\n<\/ol>\n<p><strong>NextRadioTV, un groupe m\u00e9dia 360\u00b0<br \/>\n<\/strong><\/p>\n<p><img loading=\"lazy\" decoding=\"async\" class=\"alignnone size-full wp-image-432\" src=\"http:\/\/www.efj.press\/paulinehelari\/wp-content\/uploads\/sites\/68\/2017\/01\/7130820-nextradiotv-se-tourne-vers-l-union-europeenne-pour-sauver-bfmtv.jpeg\" alt=\"7130820-nextradiotv-se-tourne-vers-l-union-europeenne-pour-sauver-bfmtv\" width=\"833\" height=\"413\" srcset=\"http:\/\/www.efj.press\/paulinehelari\/wp-content\/uploads\/sites\/68\/2017\/01\/7130820-nextradiotv-se-tourne-vers-l-union-europeenne-pour-sauver-bfmtv.jpeg 833w, http:\/\/www.efj.press\/paulinehelari\/wp-content\/uploads\/sites\/68\/2017\/01\/7130820-nextradiotv-se-tourne-vers-l-union-europeenne-pour-sauver-bfmtv-300x149.jpeg 300w, http:\/\/www.efj.press\/paulinehelari\/wp-content\/uploads\/sites\/68\/2017\/01\/7130820-nextradiotv-se-tourne-vers-l-union-europeenne-pour-sauver-bfmtv-768x381.jpeg 768w\" sizes=\"(max-width: 833px) 100vw, 833px\" \/><\/p>\n<p>NextRadioTV est un groupe pluri-m\u00e9dia ind\u00e9pendant qui comporte cinq th\u00e9matiques : information g\u00e9n\u00e9rale, sport, \u00e9conomie, d\u00e9couverte et high-tech d\u00e9clin\u00e9es sur quatre types de supports : t\u00e9l\u00e9vision, radio, supports digitaux fixes et mobiles. Le groupe poss\u00e8de trois grandes activit\u00e9s : la t\u00e9l\u00e9vision, la radio et le digital.<\/p>\n<ul>\n<li>L&rsquo;activit\u00e9 t\u00e9l\u00e9vision<\/li>\n<\/ul>\n<p>Elle regroupe BFMTV, premi\u00e8re cha\u00eene d&rsquo;information fran\u00e7aise en continu, BFM Business et RMC D\u00e9couverte.<\/p>\n<p><img loading=\"lazy\" decoding=\"async\" class=\"size-full wp-image-434 aligncenter\" src=\"http:\/\/www.efj.press\/paulinehelari\/wp-content\/uploads\/sites\/68\/2017\/01\/fb-bfmtv.png\" alt=\"fb-bfmtv\" width=\"202\" height=\"202\" srcset=\"http:\/\/www.efj.press\/paulinehelari\/wp-content\/uploads\/sites\/68\/2017\/01\/fb-bfmtv.png 202w, http:\/\/www.efj.press\/paulinehelari\/wp-content\/uploads\/sites\/68\/2017\/01\/fb-bfmtv-150x150.png 150w\" sizes=\"(max-width: 202px) 100vw, 202px\" \/><\/p>\n<p>Diffus\u00e9e gratuitement, 24h\/24, 7j\/7 depuis 2005, elle a \u00e9t\u00e9 con\u00e7ue pour r\u00e9pondre aux attentes d\u2019un large public. Elle est en direct int\u00e9gral tous les jours de 4h30 \u00e0 minuit et demi, et \u00e0 tout moment d\u00e8s que l\u2019actualit\u00e9 l\u2019exige. Elle b\u00e9n\u00e9ficie \u00e0 la fois du succ\u00e8s r\u00e9el de la TNT en France et d\u2019une grille attractive li\u00e9e \u00e0 son format\u00a0: BFMTV propose un rythme (information continue), un ton (le plus de direct possible) et un habillage (d\u00e9cor num\u00e9rique) qui n\u2019ont, pour l&rsquo;instant, pas d\u2019\u00e9quivalent dans le paysage audiovisuel fran\u00e7ais.<\/p>\n<p>Pr\u00e8s de <strong>10 millions de personnes <\/strong>regardent BFMTV chaque jour. La cha\u00eene est d\u00e9sormais dans le Top 10\u00a0des cha\u00eenes les plus regard\u00e9es de France.<\/p>\n<p><img loading=\"lazy\" decoding=\"async\" class=\"size-full wp-image-438 aligncenter\" src=\"http:\/\/www.efj.press\/paulinehelari\/wp-content\/uploads\/sites\/68\/2017\/01\/BFMBusiness.png\" alt=\"bfmbusiness\" width=\"744\" height=\"307\" srcset=\"http:\/\/www.efj.press\/paulinehelari\/wp-content\/uploads\/sites\/68\/2017\/01\/BFMBusiness.png 744w, http:\/\/www.efj.press\/paulinehelari\/wp-content\/uploads\/sites\/68\/2017\/01\/BFMBusiness-300x124.png 300w\" sizes=\"(max-width: 744px) 100vw, 744px\" \/><\/p>\n<p>Lanc\u00e9e le 22 novembre 2010, BFM Business TV est la 1<sup>\u00e8re<\/sup> cha\u00eene fran\u00e7aise d\u2019information \u00e9conomique et financi\u00e8re. Elle s\u2019appuie sur une marque reconnue et sur des personnalit\u00e9s de r\u00e9f\u00e9rence dans le domaine de l\u2019\u00e9conomie. Tous les acteurs qui font l\u2019actualit\u00e9 \u00e9conomique sont sur BFM Business.<\/p>\n<p><img loading=\"lazy\" decoding=\"async\" class=\"size-full wp-image-439 aligncenter\" src=\"http:\/\/www.efj.press\/paulinehelari\/wp-content\/uploads\/sites\/68\/2017\/01\/Logo_RMC_De\u0301couverte_2012.png\" alt=\"logo_rmc_decouverte_2012\" width=\"640\" height=\"264\" srcset=\"http:\/\/www.efj.press\/paulinehelari\/wp-content\/uploads\/sites\/68\/2017\/01\/Logo_RMC_De\u0301couverte_2012.png 640w, http:\/\/www.efj.press\/paulinehelari\/wp-content\/uploads\/sites\/68\/2017\/01\/Logo_RMC_De\u0301couverte_2012-300x124.png 300w\" sizes=\"(max-width: 640px) 100vw, 640px\" \/><\/p>\n<p>Lanc\u00e9e en d\u00e9cembre 2012, RMC D\u00e9couverte, est la 1<sup>\u00e8re<\/sup> cha\u00eene 100% documentaires en France. L\u2019ambition de RMC D\u00e9couverte a \u00e9t\u00e9 de proposer aux t\u00e9l\u00e9spectateurs une grande cha\u00eene familiale, gratuite, qualitative et valorisante par la qualit\u00e9 de ses programmes et de ses images HD, et avec une ligne \u00e9ditoriale claire et identifiable, selon un format ayant fait ses preuves \u00e0 l\u2019international.<\/p>\n<ul>\n<li>L&rsquo;activit\u00e9 radio<\/li>\n<\/ul>\n<p><img loading=\"lazy\" decoding=\"async\" class=\"size-full wp-image-440 aligncenter\" src=\"http:\/\/www.efj.press\/paulinehelari\/wp-content\/uploads\/sites\/68\/2017\/01\/RMC-Logo.jpeg\" alt=\"rmc-logo\" width=\"1111\" height=\"472\" srcset=\"http:\/\/www.efj.press\/paulinehelari\/wp-content\/uploads\/sites\/68\/2017\/01\/RMC-Logo.jpeg 1111w, http:\/\/www.efj.press\/paulinehelari\/wp-content\/uploads\/sites\/68\/2017\/01\/RMC-Logo-300x127.jpeg 300w, http:\/\/www.efj.press\/paulinehelari\/wp-content\/uploads\/sites\/68\/2017\/01\/RMC-Logo-768x326.jpeg 768w, http:\/\/www.efj.press\/paulinehelari\/wp-content\/uploads\/sites\/68\/2017\/01\/RMC-Logo-1024x435.jpeg 1024w\" sizes=\"(max-width: 1111px) 100vw, 1111px\" \/><\/p>\n<p>Reprise en 2000 par le groupe NextRadioTV, RMC Radio est une radio g\u00e9n\u00e9raliste, essentiellement ax\u00e9e sur l\u2019actualit\u00e9 et sur l\u2019interactivit\u00e9 avec les auditeurs, dans un format 100% parl\u00e9, in\u00e9dit en France. La grille des programmes de RMC s\u2019articule entre des rendez-vous d\u2019information et de sport.<\/p>\n<p>RMC se positionne comme la <strong>1<sup>\u00e8re<\/sup> radio de France pour les hommes de moins de 50 ans <\/strong>et\u00a0se positionne aussi devant Europe 1 sur les\u00a0CSP+.<\/p>\n<p><img loading=\"lazy\" decoding=\"async\" class=\"size-full wp-image-441 aligncenter\" src=\"http:\/\/www.efj.press\/paulinehelari\/wp-content\/uploads\/sites\/68\/2017\/01\/bfm-bu-radio.png\" alt=\"bfm-bu-radio\" width=\"554\" height=\"308\" srcset=\"http:\/\/www.efj.press\/paulinehelari\/wp-content\/uploads\/sites\/68\/2017\/01\/bfm-bu-radio.png 554w, http:\/\/www.efj.press\/paulinehelari\/wp-content\/uploads\/sites\/68\/2017\/01\/bfm-bu-radio-300x167.png 300w\" sizes=\"(max-width: 554px) 100vw, 554px\" \/><\/p>\n<p>Business Radio a \u00e9t\u00e9 reprise en 2002 et s\u2019est vite impos\u00e9e dans le paysage radiophonique fran\u00e7ais comme la r\u00e9f\u00e9rence de l\u2019information \u00e9conomique et financi\u00e8re. Elle alterne journaux, interviews et \u00e9missions de d\u00e9bats. Pr\u00e8s de 10 000 d\u00e9cideurs y sont interview\u00e9s chaque ann\u00e9e pour analyser et d\u00e9battre des questions \u00e9conomiques, sociales et internationales.<\/p>\n<p>BFM Business Radio est \u00e9cout\u00e9e chaque jour par <strong>449 000 auditeurs<\/strong>. C\u2019est la <strong>1<sup>\u00e8re<\/sup> radio affinitaire de France<\/strong> aupr\u00e8s des cibles premium (PDG, DG, g\u00e9rants, d\u00e9cideurs business) et elle offre \u00e0 ce titre un support de communication id\u00e9al et adapt\u00e9 aux annonceurs souhaitant atteindre cette cible.<\/p>\n<ul>\n<li>L&rsquo;activit\u00e9 digitale<\/li>\n<\/ul>\n<p><img loading=\"lazy\" decoding=\"async\" class=\"aligncenter wp-image-443 size-full\" src=\"http:\/\/www.efj.press\/paulinehelari\/wp-content\/uploads\/sites\/68\/2017\/01\/images.png\" alt=\"images\" width=\"311\" height=\"162\" srcset=\"http:\/\/www.efj.press\/paulinehelari\/wp-content\/uploads\/sites\/68\/2017\/01\/images.png 311w, http:\/\/www.efj.press\/paulinehelari\/wp-content\/uploads\/sites\/68\/2017\/01\/images-300x156.png 300w\" sizes=\"(max-width: 311px) 100vw, 311px\" \/><\/p>\n<p>Le site d&rsquo;information politique g\u00e9n\u00e9rale bfmtv.com lanc\u00e9 en 2012 a \u00e9t\u00e9 con\u00e7u sur le mod\u00e8le de CNN.com, avec une section d\u2019information politique et internationale (BFMTV ), une section d\u2019information \u00e9conomique (BFM Business), une section sport (RMC Sport) et une section communautaire d\u2019opinions et de d\u00e9bats (RMC). Il est aliment\u00e9 en continu par une r\u00e9daction d\u00e9di\u00e9e.<\/p>\n<p><img loading=\"lazy\" decoding=\"async\" class=\"size-full wp-image-445 aligncenter\" src=\"http:\/\/www.efj.press\/paulinehelari\/wp-content\/uploads\/sites\/68\/2017\/01\/01net.jpeg\" alt=\"Impression\" width=\"300\" height=\"124\" \/><\/p>\n<p>01net.com est donc le site pour lequel j&rsquo;ai travaill\u00e9 pendant six mois. Pour entrer dans le monde de ce site 100% high-tech, c&rsquo;est par <a href=\"http:\/\/www.efj.press\/paulinehelari\/stage\/01net-com-un-site-100-dedie-a-la-high-tech\/\">ici<\/a>&#8230;<\/p>\n","protected":false},"excerpt":{"rendered":"<p>SFR M\u00e9dia, un des plus importants groupes de presse En juillet 2015, Altice (le groupe de T\u00e9l\u00e9coms) annonce avoir nou\u00e9 un partenariat strat\u00e9gique avec le groupe NextRadioTV, le groupe d\u2019Alain Weill (auquel appartient directement 01net.com), en vue de le racheter \u00e0 terme. En avril 2016, SFR Group voit le jour. Le pr\u00e9sident directeur g\u00e9n\u00e9ral de &hellip; <a href=\"http:\/\/www.efj.press\/paulinehelari\/stage\/nextradiotv-un-groupe\/\" class=\"more-link\">Continuer la lecture de <span class=\"screen-reader-text\">SFR M\u00e9dia : entrez dans un des plus grand groupes de presse<\/span>  <span class=\"meta-nav\">&rarr;<\/span><\/a><\/p>\n","protected":false},"author":70,"featured_media":0,"parent":397,"menu_order":1,"comment_status":"closed","ping_status":"closed","template":"","meta":{"footnotes":""},"_links":{"self":[{"href":"http:\/\/www.efj.press\/paulinehelari\/wp-json\/wp\/v2\/pages\/419"}],"collection":[{"href":"http:\/\/www.efj.press\/paulinehelari\/wp-json\/wp\/v2\/pages"}],"about":[{"href":"http:\/\/www.efj.press\/paulinehelari\/wp-json\/wp\/v2\/types\/page"}],"author":[{"embeddable":true,"href":"http:\/\/www.efj.press\/paulinehelari\/wp-json\/wp\/v2\/users\/70"}],"replies":[{"embeddable":true,"href":"http:\/\/www.efj.press\/paulinehelari\/wp-json\/wp\/v2\/comments?post=419"}],"version-history":[{"count":20,"href":"http:\/\/www.efj.press\/paulinehelari\/wp-json\/wp\/v2\/pages\/419\/revisions"}],"predecessor-version":[{"id":492,"href":"http:\/\/www.efj.press\/paulinehelari\/wp-json\/wp\/v2\/pages\/419\/revisions\/492"}],"up":[{"embeddable":true,"href":"http:\/\/www.efj.press\/paulinehelari\/wp-json\/wp\/v2\/pages\/397"}],"wp:attachment":[{"href":"http:\/\/www.efj.press\/paulinehelari\/wp-json\/wp\/v2\/media?parent=419"}],"curies":[{"name":"wp","href":"https:\/\/api.w.org\/{rel}","templated":true}]}}