{"id":397,"date":"2016-10-07T10:03:29","date_gmt":"2016-10-07T09:03:29","guid":{"rendered":"http:\/\/www.efj.press\/paulinehelari\/?page_id=397"},"modified":"2017-01-05T01:19:13","modified_gmt":"2017-01-05T00:19:13","slug":"stage","status":"publish","type":"page","link":"http:\/\/www.efj.press\/paulinehelari\/stage\/","title":{"rendered":"Stage chez 01net.com"},"content":{"rendered":"<p>Pour le tout dernier stage de mon cursus universitaire, j&rsquo;ai eu la chance d&rsquo;\u00e9voluer pendant six mois au sein de la r\u00e9daction high-tech de 01net.com. A travers cette rubrique,\u00a0 je vais donc tenter de vous en apprendre davantage sur le site et ceux qui l&rsquo;anime ainsi que sur le grand groupe auquel il appartient : NextRadioTV.<\/p>\n<p>Ce stage a \u00e9t\u00e9 pour moi l&rsquo;occasion d&rsquo;\u00e9crire de nombreux articles que vous pouvez retrouver <a href=\"http:\/\/www.efj.press\/paulinehelari\/stage\/articles\/\">ici<\/a>.<\/p>\n<p>&nbsp;<\/p>\n","protected":false},"excerpt":{"rendered":"<p>Pour le tout dernier stage de mon cursus universitaire, j&rsquo;ai eu la chance d&rsquo;\u00e9voluer pendant six mois au sein de la r\u00e9daction high-tech de 01net.com. A travers cette rubrique,\u00a0 je vais donc tenter de vous en apprendre davantage sur le site et ceux qui l&rsquo;anime ainsi que sur le grand groupe auquel il appartient : &hellip; <a href=\"http:\/\/www.efj.press\/paulinehelari\/stage\/\" class=\"more-link\">Continuer la lecture de <span class=\"screen-reader-text\">Stage chez 01net.com<\/span>  <span class=\"meta-nav\">&rarr;<\/span><\/a><\/p>\n","protected":false},"author":70,"featured_media":0,"parent":0,"menu_order":1,"comment_status":"closed","ping_status":"closed","template":"","meta":{"footnotes":""},"_links":{"self":[{"href":"http:\/\/www.efj.press\/paulinehelari\/wp-json\/wp\/v2\/pages\/397"}],"collection":[{"href":"http:\/\/www.efj.press\/paulinehelari\/wp-json\/wp\/v2\/pages"}],"about":[{"href":"http:\/\/www.efj.press\/paulinehelari\/wp-json\/wp\/v2\/types\/page"}],"author":[{"embeddable":true,"href":"http:\/\/www.efj.press\/paulinehelari\/wp-json\/wp\/v2\/users\/70"}],"replies":[{"embeddable":true,"href":"http:\/\/www.efj.press\/paulinehelari\/wp-json\/wp\/v2\/comments?post=397"}],"version-history":[{"count":9,"href":"http:\/\/www.efj.press\/paulinehelari\/wp-json\/wp\/v2\/pages\/397\/revisions"}],"predecessor-version":[{"id":449,"href":"http:\/\/www.efj.press\/paulinehelari\/wp-json\/wp\/v2\/pages\/397\/revisions\/449"}],"wp:attachment":[{"href":"http:\/\/www.efj.press\/paulinehelari\/wp-json\/wp\/v2\/media?parent=397"}],"curies":[{"name":"wp","href":"https:\/\/api.w.org\/{rel}","templated":true}]}}