{"id":349,"date":"2016-07-08T19:50:43","date_gmt":"2016-07-08T18:50:43","guid":{"rendered":"http:\/\/www.efj.press\/paulinehelari\/?page_id=349"},"modified":"2016-08-02T16:22:13","modified_gmt":"2016-08-02T15:22:13","slug":"la-science-se-livre","status":"publish","type":"page","link":"http:\/\/www.efj.press\/paulinehelari\/travaux-efj\/la-science-se-livre\/","title":{"rendered":"La Science se livre !"},"content":{"rendered":"<p>L&rsquo;EFJ mettant l&rsquo;accent sur le \u00ab\u00a0mobile-journalism\u00a0\u00bb, nous avons eu l&rsquo;occasion de faire un reportage sur un sujet libre avec pour seul \u00e9quipement notre smartphone et un micro-cravate.<\/p>\n<p>Avec deux de mes camarades, j&rsquo;ai donc fais un reportage sur l&rsquo;op\u00e9ration \u00a0\u00bb La Science se livre \u00a0\u00bb qui f\u00eatait ses 20 ans !<\/p>\n<p>La Science se livre est une manifestation dans les biblioth\u00e8ques, m\u00e9diath\u00e8ques et lieux culturels qui attire chaque ann\u00e9e plus de 25 000 visiteurs. Initi\u00e9e par le D\u00e9partement des Hauts-de-Seine, elle met en comp\u00e9tition plusieurs ouvrages, s\u00e9lectionn\u00e9s au pr\u00e9alable par un jury, qui seront pr\u00e9sent\u00e9s \u00e0 diff\u00e9rentes classes de coll\u00e9giens. Pendant plusieurs semaines, ils sont \u00e9tudi\u00e9s par les \u00e9l\u00e8ves pour en \u00e9lire un seul \u00e0 la fin.<\/p>\n<p><iframe loading=\"lazy\" src=\"https:\/\/www.youtube.com\/embed\/W1S6zjE5JnU\" width=\"560\" height=\"315\" frameborder=\"0\" allowfullscreen=\"allowfullscreen\"><\/iframe><\/p>\n","protected":false},"excerpt":{"rendered":"<p>L&rsquo;EFJ mettant l&rsquo;accent sur le \u00ab\u00a0mobile-journalism\u00a0\u00bb, nous avons eu l&rsquo;occasion de faire un reportage sur un sujet libre avec pour seul \u00e9quipement notre smartphone et un micro-cravate. Avec deux de mes camarades, j&rsquo;ai donc fais un reportage sur l&rsquo;op\u00e9ration \u00a0\u00bb La Science se livre \u00a0\u00bb qui f\u00eatait ses 20 ans ! La Science se livre &hellip; <a href=\"http:\/\/www.efj.press\/paulinehelari\/travaux-efj\/la-science-se-livre\/\" class=\"more-link\">Continuer la lecture de <span class=\"screen-reader-text\">La Science se livre !<\/span>  <span class=\"meta-nav\">&rarr;<\/span><\/a><\/p>\n","protected":false},"author":70,"featured_media":0,"parent":337,"menu_order":1,"comment_status":"closed","ping_status":"closed","template":"","meta":{"footnotes":""},"_links":{"self":[{"href":"http:\/\/www.efj.press\/paulinehelari\/wp-json\/wp\/v2\/pages\/349"}],"collection":[{"href":"http:\/\/www.efj.press\/paulinehelari\/wp-json\/wp\/v2\/pages"}],"about":[{"href":"http:\/\/www.efj.press\/paulinehelari\/wp-json\/wp\/v2\/types\/page"}],"author":[{"embeddable":true,"href":"http:\/\/www.efj.press\/paulinehelari\/wp-json\/wp\/v2\/users\/70"}],"replies":[{"embeddable":true,"href":"http:\/\/www.efj.press\/paulinehelari\/wp-json\/wp\/v2\/comments?post=349"}],"version-history":[{"count":4,"href":"http:\/\/www.efj.press\/paulinehelari\/wp-json\/wp\/v2\/pages\/349\/revisions"}],"predecessor-version":[{"id":361,"href":"http:\/\/www.efj.press\/paulinehelari\/wp-json\/wp\/v2\/pages\/349\/revisions\/361"}],"up":[{"embeddable":true,"href":"http:\/\/www.efj.press\/paulinehelari\/wp-json\/wp\/v2\/pages\/337"}],"wp:attachment":[{"href":"http:\/\/www.efj.press\/paulinehelari\/wp-json\/wp\/v2\/media?parent=349"}],"curies":[{"name":"wp","href":"https:\/\/api.w.org\/{rel}","templated":true}]}}