{"id":345,"date":"2016-07-08T19:43:24","date_gmt":"2016-07-08T18:43:24","guid":{"rendered":"http:\/\/www.efj.press\/paulinehelari\/?page_id=345"},"modified":"2016-07-08T19:50:14","modified_gmt":"2016-07-08T18:50:14","slug":"4m-paris","status":"publish","type":"page","link":"http:\/\/www.efj.press\/paulinehelari\/travaux-efj\/4m-paris\/","title":{"rendered":"#4M Paris"},"content":{"rendered":"<p>J&rsquo;ai eu cette ann\u00e9e, en tant qu&rsquo;\u00e9tudiante, l&rsquo;opportunit\u00e9 de participer aux rencontres 4M Paris. Deux jours rythm\u00e9s aux conf\u00e9rences, aux interviews, aux tables rondes avec 200 acteurs de m\u00e9dias en ligne venus de 38 pays diff\u00e9rents.<\/p>\n<p>Autrement dit, un \u00e9v\u00e9nement particuli\u00e8rement int\u00e9ressant dans le parcours d&rsquo;une \u00e9tudiante en journalisme. Il fut, en effet, l&rsquo;occasion pour moi d&rsquo;\u00e9crire un article long format entrecoup\u00e9 d&rsquo;interviews.<\/p>\n<p>J&rsquo;ai choisi de traiter, avec deux camarades, les femmes dans le monde des m\u00e9dias num\u00e9riques. Fortes de leur parcours dans des pays qui ont connus, en autre, le Printemps Arabe, elles nous ont donn\u00e9s un aper\u00e7u de la vie de femme journaliste \u00e0 l&rsquo;\u00e9tranger.<\/p>\n<p>L&rsquo;article est disponible <a href=\"https:\/\/medium.com\/@EFJ_4M\/la-r%C3%A9ussite-des-femmes-dans-les-m%C3%A9dias-au-4m-e83208b0e19a#.4aok7mkyt\" target=\"_blank\">ici\u00a0<\/a>!<\/p>\n","protected":false},"excerpt":{"rendered":"<p>J&rsquo;ai eu cette ann\u00e9e, en tant qu&rsquo;\u00e9tudiante, l&rsquo;opportunit\u00e9 de participer aux rencontres 4M Paris. Deux jours rythm\u00e9s aux conf\u00e9rences, aux interviews, aux tables rondes avec 200 acteurs de m\u00e9dias en ligne venus de 38 pays diff\u00e9rents. Autrement dit, un \u00e9v\u00e9nement particuli\u00e8rement int\u00e9ressant dans le parcours d&rsquo;une \u00e9tudiante en journalisme. Il fut, en effet, l&rsquo;occasion pour &hellip; <a href=\"http:\/\/www.efj.press\/paulinehelari\/travaux-efj\/4m-paris\/\" class=\"more-link\">Continuer la lecture de <span class=\"screen-reader-text\">#4M Paris<\/span>  <span class=\"meta-nav\">&rarr;<\/span><\/a><\/p>\n","protected":false},"author":70,"featured_media":0,"parent":337,"menu_order":0,"comment_status":"closed","ping_status":"closed","template":"","meta":{"footnotes":""},"_links":{"self":[{"href":"http:\/\/www.efj.press\/paulinehelari\/wp-json\/wp\/v2\/pages\/345"}],"collection":[{"href":"http:\/\/www.efj.press\/paulinehelari\/wp-json\/wp\/v2\/pages"}],"about":[{"href":"http:\/\/www.efj.press\/paulinehelari\/wp-json\/wp\/v2\/types\/page"}],"author":[{"embeddable":true,"href":"http:\/\/www.efj.press\/paulinehelari\/wp-json\/wp\/v2\/users\/70"}],"replies":[{"embeddable":true,"href":"http:\/\/www.efj.press\/paulinehelari\/wp-json\/wp\/v2\/comments?post=345"}],"version-history":[{"count":3,"href":"http:\/\/www.efj.press\/paulinehelari\/wp-json\/wp\/v2\/pages\/345\/revisions"}],"predecessor-version":[{"id":347,"href":"http:\/\/www.efj.press\/paulinehelari\/wp-json\/wp\/v2\/pages\/345\/revisions\/347"}],"up":[{"embeddable":true,"href":"http:\/\/www.efj.press\/paulinehelari\/wp-json\/wp\/v2\/pages\/337"}],"wp:attachment":[{"href":"http:\/\/www.efj.press\/paulinehelari\/wp-json\/wp\/v2\/media?parent=345"}],"curies":[{"name":"wp","href":"https:\/\/api.w.org\/{rel}","templated":true}]}}