{"id":330,"date":"2016-07-08T17:22:37","date_gmt":"2016-07-08T16:22:37","guid":{"rendered":"http:\/\/www.efj.press\/paulinehelari\/?page_id=330"},"modified":"2017-01-05T00:30:15","modified_gmt":"2017-01-04T23:30:15","slug":"articles","status":"publish","type":"page","link":"http:\/\/www.efj.press\/paulinehelari\/stage\/articles\/","title":{"rendered":"Articles"},"content":{"rendered":"<p>La r\u00e9daction de 01net.com se charge \u00e9galement \u00a0d&rsquo;\u00e9crire des articles pour la rubrique High-Tech du site BFMtv.com. C&rsquo;est pour cette raison que j&rsquo;ai pu \u00e9crire des articles pour les deux sites internet.<\/p>\n<p><strong>BFM High-Tech<\/strong><\/p>\n<p><a href=\"http:\/\/hightech.bfmtv.com\/produit\/a-a-15-ans-il-utilise-son-argent-de-poche-pour-financer-une-surprenante-collection-apple-977869.html\" target=\"_blank\">A 15 ans, il se paye les plus rares ordinateurs Apple gr\u00e2ce \u00e0 son argent de poche <\/a><\/p>\n<p><a href=\"http:\/\/hightech.bfmtv.com\/internet\/comment-une-societe-de-distribution-de-films-veut-faire-peur-aux-utilisateurs-de-facebook-live-981150.html\" target=\"_blank\">Comment \u00e9viter que les utilisateurs de Facebook Live \u00ab\u00a0diffusent\u00a0\u00bb les films qu&rsquo;ils vont voir<\/a><\/p>\n<p><a href=\"http:\/\/hightech.bfmtv.com\/logiciel\/euro-2016-les-meilleures-applis-pour-parier-en-ligne-982845.html\" target=\"_blank\">Euro 2016 : 5 applis pour parier sur les matchs&#8230; et m\u00eame plus !<\/a><\/p>\n<p><a href=\"http:\/\/hightech.bfmtv.com\/logiciel\/ghostbot-l-appli-qui-vous-debarrasse-de-vos-rencards-rates-991684.html\">Ghostbot, l&rsquo;appli qui vous d\u00e9barrasse de vos rencards rat\u00e9s<\/a><\/p>\n<p><a href=\"http:\/\/hightech.bfmtv.com\/logiciel\/yellow-l-appli-qui-combine-tinder-et-snapchat-1002477.html\" target=\"_blank\">Yellow, l&rsquo;appli made in France qui combine Tinder et Snapchat<\/a><\/p>\n<p><a href=\"http:\/\/hightech.bfmtv.com\/jeux-videos\/pokemon-go-preparez-vous-a-affronter-les-autres-joueurs-1021785.html\">Pok\u00e9mon Go : pr\u00e9parez vous \u00e0 affronter les autres joueurs !<\/a><\/p>\n<p><a href=\"http:\/\/hightech.bfmtv.com\/epoque\/une-journaliste-turque-confond-codes-de-triche-pour-gta-4-et-messages-chiffres-de-l-armee-1022823.html\">Une journaliste turque confond codes de triche pour GTA 4 et messages chiffr\u00e9s de l&rsquo;arm\u00e9e<\/a><\/p>\n<p><a href=\"http:\/\/hightech.bfmtv.com\/jeux-videos\/pokemon-go-de-droles-d-accessoires-pour-attraper-tous-les-montres-1024834.html\">Pok\u00e9mon Go : de dr\u00f4les d&rsquo;accessoires pour attraper tous les <\/a><a href=\"http:\/\/hightech.bfmtv.com\/jeux-videos\/pokemon-go-de-droles-d-accessoires-pour-attraper-tous-les-montres-1024834.html\">monstres<\/a><\/p>\n<p><a href=\"http:\/\/hightech.bfmtv.com\/logiciel\/le-solitaire-debarque-dans-google-pour-tuer-votre-productivite-1030045.html\">Le solitaire d\u00e9barque dans Google pour tuer votre productivit\u00e9<\/a><\/p>\n<p><a href=\"http:\/\/hightech.bfmtv.com\/epoque\/embarrasse-par-des-videos-il-tente-de-detruire-internet-1031119.html\">Embarrass\u00e9 par des vid\u00e9os, il tente de \u00a0\u00bb d\u00e9truire \u00a0\u00bb Internet\u00a0<\/a><\/p>\n<p><a href=\"http:\/\/hightech.bfmtv.com\/epoque\/elle-s-implante-des-puces-pour-ouvrir-les-portes-avec-la-force-1031530.html\">Elle s&rsquo;implante des puces pour ouvrir les portes avec la \u00a0\u00bb Force \u00ab\u00a0<\/a><\/p>\n<p><a href=\"http:\/\/hightech.bfmtv.com\/produit\/tesla-model-x-premier-essai-exclusif-du-suv-electrique-en-video-1031827.html\">Tesla Model X : premier essai exclusif du SUV \u00e9lectrique en vid\u00e9o<\/a><\/p>\n<p><a href=\"http:\/\/hightech.bfmtv.com\/produit\/test-de-l-apple-watch-series-2-une-montre-connectee-enfin-recommandable-1037832.html\">Test de l&rsquo;Apple Watch Series 2 : une montre connect\u00e9e enfin recommandable\u00a0<\/a><\/p>\n<p><a href=\"http:\/\/hightech.bfmtv.com\/epoque\/qu-est-ce-que-le-swatting-a-l-origine-de-la-fausse-alerte-attentat-a-paris-1038722.html\">Qu&rsquo;est ce que le \u00a0\u00bb swatting \u00a0\u00bb \u00e0 l&rsquo;origine de la fausse alerte attentat \u00e0 Paris ?\u00a0<\/a><\/p>\n<p><strong>01net.com<\/strong><\/p>\n<p><a href=\"http:\/\/www.01net.com\/actualites\/pourquoi-facebook-veut-vous-forcer-a-utiliser-l-application-messenger-981518.html\" target=\"_blank\">Pourquoi Facebook veut vous forcer \u00e0 utiliser l&rsquo;application <\/a><a href=\"http:\/\/www.01net.com\/actualites\/pourquoi-facebook-veut-vous-forcer-a-utiliser-l-application-messenger-981518.html\" target=\"_blank\">Messenger<\/a><\/p>\n<p><a href=\"http:\/\/www.01net.com\/actualites\/euro-2016-comment-mettre-la-tour-eiffel-aux-couleurs-de-votre-equipe-preferee-979894.html\" target=\"_blank\">Euro 2016 : comment mettre la Tour Eiffel aux couleurs de votre \u00e9quipe pr\u00e9f\u00e9r\u00e9e ?<\/a><\/p>\n<p><a href=\"http:\/\/www.01net.com\/actualites\/bittorrent-va-lancer-sa-propre-chaine-d-info-en-streaming-991063.html\" target=\"_blank\">BitTorrent va lancer sa propre cha\u00eene d&rsquo;info&#8230; en P2P, \u00e9videmment<\/a><\/p>\n<p><a href=\"http:\/\/www.01net.com\/actualites\/android-chrome-52-va-vous-faire-economiser-de-la-data-et-de-l-energie-1022475.html\">Android : Chrome 52 va vous faire \u00e9conomiser de la data&#8230; et de l&rsquo;\u00e9nergie\u00a0<\/a><\/p>\n<p><a href=\"http:\/\/www.01net.com\/actualites\/les-prochains-galaxy-s-de-samsung-pourraient-tous-disposer-d-un-ecran-incurve-1023899.html\">Les prochains Galaxy S de Samsung pourraient tous disposer d&rsquo;un \u00e9cran incurv\u00e9<\/a><\/p>\n<p><a href=\"http:\/\/www.01net.com\/actualites\/la-playstation-neo-devoilee-le-7-septembre-1024504.html\">La PlayStation Neo d\u00e9voil\u00e9e le 7 septembre ?\u00a0<\/a><\/p>\n<p><a href=\"http:\/\/www.01net.com\/actualites\/minecraft-est-enfin-disponible-sur-l-oculus-rift-1027006.html\">Minecraft est enfin disponible sur l&rsquo;Oculus Rift\u00a0<\/a><\/p>\n<p><a href=\"http:\/\/www.01net.com\/actualites\/le-canon-eos-5d-mark-iv-fait-le-plein-de-nouveautes-wi-fi-gps-capteur-304-megapixels-1029711.html\">Le Canon EOS 5D Mark IV fait le plein de nouveaut\u00e9s : Wi-Fi, GPS, capteur 30,4 Mpix&#8230;\u00a0<\/a><\/p>\n<p><a href=\"http:\/\/www.01net.com\/actualites\/chrome-53-facilite-le-paiement-mobile-1032303.html\">Chrome 53 facilite le paiement mobile\u00a0<\/a><\/p>\n","protected":false},"excerpt":{"rendered":"<p>La r\u00e9daction de 01net.com se charge \u00e9galement \u00a0d&rsquo;\u00e9crire des articles pour la rubrique High-Tech du site BFMtv.com. C&rsquo;est pour cette raison que j&rsquo;ai pu \u00e9crire des articles pour les deux sites internet. BFM High-Tech A 15 ans, il se paye les plus rares ordinateurs Apple gr\u00e2ce \u00e0 son argent de poche Comment \u00e9viter que les &hellip; <a href=\"http:\/\/www.efj.press\/paulinehelari\/stage\/articles\/\" class=\"more-link\">Continuer la lecture de <span class=\"screen-reader-text\">Articles<\/span>  <span class=\"meta-nav\">&rarr;<\/span><\/a><\/p>\n","protected":false},"author":70,"featured_media":0,"parent":397,"menu_order":4,"comment_status":"closed","ping_status":"closed","template":"","meta":{"footnotes":""},"_links":{"self":[{"href":"http:\/\/www.efj.press\/paulinehelari\/wp-json\/wp\/v2\/pages\/330"}],"collection":[{"href":"http:\/\/www.efj.press\/paulinehelari\/wp-json\/wp\/v2\/pages"}],"about":[{"href":"http:\/\/www.efj.press\/paulinehelari\/wp-json\/wp\/v2\/types\/page"}],"author":[{"embeddable":true,"href":"http:\/\/www.efj.press\/paulinehelari\/wp-json\/wp\/v2\/users\/70"}],"replies":[{"embeddable":true,"href":"http:\/\/www.efj.press\/paulinehelari\/wp-json\/wp\/v2\/comments?post=330"}],"version-history":[{"count":32,"href":"http:\/\/www.efj.press\/paulinehelari\/wp-json\/wp\/v2\/pages\/330\/revisions"}],"predecessor-version":[{"id":409,"href":"http:\/\/www.efj.press\/paulinehelari\/wp-json\/wp\/v2\/pages\/330\/revisions\/409"}],"up":[{"embeddable":true,"href":"http:\/\/www.efj.press\/paulinehelari\/wp-json\/wp\/v2\/pages\/397"}],"wp:attachment":[{"href":"http:\/\/www.efj.press\/paulinehelari\/wp-json\/wp\/v2\/media?parent=330"}],"curies":[{"name":"wp","href":"https:\/\/api.w.org\/{rel}","templated":true}]}}