{"id":196,"date":"2015-12-03T10:29:47","date_gmt":"2015-12-03T09:29:47","guid":{"rendered":"http:\/\/www.efj.press\/paulinehelari\/?page_id=196"},"modified":"2015-12-03T10:30:19","modified_gmt":"2015-12-03T09:30:19","slug":"4-questions-a","status":"publish","type":"page","link":"http:\/\/www.efj.press\/paulinehelari\/grande-enquete-data\/les-marches-publics-le-labyrinthe-de-la-transparence\/4-questions-a\/","title":{"rendered":"4 questions \u00e0&#8230;"},"content":{"rendered":"<p><strong>Laurence Audras, <\/strong><i><strong>Cheffe du d\u00e9partement communication au Secr\u00e9tariat g\u00e9n\u00e9ral pour la modernisation de l\u2019action publique (Sgmap).<\/strong> <\/i><\/p>\n<p><i>Laurence Audras a tent\u00e9 de nous \u00e9clairer sur la mission Etalab qui vise \u00e0 faciliter la r\u00e9utilisation des informations publiques et plus particuli\u00e8rement sur le fonctionnement de la plateforme data.gouv.fr <\/i><\/p>\n<p>&nbsp;<\/p>\n<p><b>Quelle est la mission de data.gouv.fr ?<\/b><\/p>\n<p>\u00ab Data.gouv.fr en soit c\u2019est la plateforme de mise \u00e0 disposition de la donn\u00e9e publique, toute cat\u00e9gorie et tout type de donn\u00e9e. Statistique, recensement, autrement dit l\u2019ensemble des donn\u00e9es qui apparaissent \u00e0 l\u2019administration sont rendus disponibles sur data.gouv.fr dans la mesure o\u00f9 elles sont ouvertes. Data.gouv.fr est davantage consid\u00e9r\u00e9 comme une base documentaire que comme une plateforme d\u00e9di\u00e9e aux march\u00e9s publics. \u00bb<\/p>\n<p>&nbsp;<\/p>\n<p><b>La publication des march\u00e9s conclus est-elle obligatoire sur data.gouv ?<\/b><\/p>\n<p>\u00ab La plateforme fonctionne sur la base du volontariat, c\u2019est-\u00e0-dire qu\u2019aucune donn\u00e9e n\u2019a obligation \u00e0 \u00eatre publi\u00e9e dessus. Toute la mission Etalab est de faire en sorte qu\u2019un maximum de donn\u00e9es soit publi\u00e9, mis \u00e0 disposition et donc r\u00e9utilisable librement par tous. Il y a une action tr\u00e8s forte qui a \u00e9t\u00e9 engag\u00e9, ces derni\u00e8res ann\u00e9es et en particuliers ces 18 derniers mois aupr\u00e8s des administrations, par la mission Etalab pour ouvrir les donn\u00e9es, pour les convaincre de le faire et de publier des donn\u00e9es exploitables, dans un format qui soit r\u00e9utilisable. La loi Lemaire va dans ce sens-l\u00e0 \u00a0avec un maximum d\u2019ouverture des donn\u00e9es et de remise \u00e0 disposition de celles-ci. Elle recense les march\u00e9s pass\u00e9s et notifi\u00e9s, selon l\u2019obligation l\u00e9gale. L\u2019objectif d\u2019Etalab et de data.gouv \u00e9tant d\u2019arriver \u00e0 un maximum de transparence sur ces march\u00e9s pour que les citoyens puissent les suivre au fur et \u00e0 mesure. \u00bb<\/p>\n<p>&nbsp;<\/p>\n<p><b>L\u2019objectif de transparence est-il atteint aujourd\u2019hui ?<\/b><\/p>\n<p>\u00ab Il est \u00e9vident que ce niveau de transparence parfaite n\u2019est pas atteint sur data.gouv. Toutes les donn\u00e9es n\u2019ont pas encore \u00e9t\u00e9 remont\u00e9es pour y parvenir, malgr\u00e9 les mesures concr\u00e8tes misent en place comme l\u2019administrateur des donn\u00e9es l\u2019ann\u00e9e derni\u00e8re ou l\u2019action d\u2019Axelle Lemaire sur son projet de loi pour une R\u00e9publique num\u00e9rique. Il y a une action tr\u00e8s forte pour que l\u2019ensemble des donn\u00e9es dont dispose l\u2019administration soit aussi disponible et facile \u00e0 r\u00e9utiliser pour les citoyens. A l\u2019heure d\u2019aujourd\u2019hui, je suis bien consciente que ce n\u2019est pas sur economie.gouv.fr que le citoyen lambda va trouver des r\u00e9ponses. En revanche, ce n\u2019est pas non plus sur data.gouv.fr. Il est vrai que ce n\u2019est pas parfait, je ne vais pas vous dire le contraire, mais on y travail. Aujourd\u2019hui, il n\u2019existe pas d\u2019outil tout pr\u00e9par\u00e9 avec une recherche dynamique par th\u00e8me. \u00a0\u00bb<\/p>\n<p>&nbsp;<\/p>\n<p><b>Comment peut-on acc\u00e9der aux march\u00e9s publics conclus pass\u00e9s par \u00a0Etalab ?<\/b><\/p>\n<p>\u00ab Au m\u00eame titre que tous les autres services du Premier Ministre, nous publions au journal officiel et dans les presses sp\u00e9cialis\u00e9es les appels d\u2019offres et les march\u00e9s notifi\u00e9s. Etalab en soit n\u2019a pas pass\u00e9 des tonnes de march\u00e9s, mais je suppose que s\u2019il devait le faire, il les publierait. Etalab est une mission qui fait partie du SGMAP et nous m\u00eame le SGMAP, nos march\u00e9s ne sont pas conclus au nom du SGMAP, mais au nom de la direction des affaires financi\u00e8res des services du Premier Ministre. Nous ne sommes qu\u2019un petit \u00e9l\u00e9ment des services administratifs du Premier Ministre. Lorsqu\u2019un appel d\u2019offre est pass\u00e9 il l\u2019est fait au nom des services du Premier Ministre et non au nom d\u2019Etalab en soit. \u00bb<\/p>\n","protected":false},"excerpt":{"rendered":"<p>Laurence Audras, Cheffe du d\u00e9partement communication au Secr\u00e9tariat g\u00e9n\u00e9ral pour la modernisation de l\u2019action publique (Sgmap). Laurence Audras a tent\u00e9 de nous \u00e9clairer sur la mission Etalab qui vise \u00e0 faciliter la r\u00e9utilisation des informations publiques et plus particuli\u00e8rement sur le fonctionnement de la plateforme data.gouv.fr &nbsp; Quelle est la mission de data.gouv.fr ? \u00ab &hellip; <a href=\"http:\/\/www.efj.press\/paulinehelari\/grande-enquete-data\/les-marches-publics-le-labyrinthe-de-la-transparence\/4-questions-a\/\" class=\"more-link\">Continuer la lecture de <span class=\"screen-reader-text\">4 questions \u00e0&#8230;<\/span>  <span class=\"meta-nav\">&rarr;<\/span><\/a><\/p>\n","protected":false},"author":70,"featured_media":0,"parent":156,"menu_order":1,"comment_status":"closed","ping_status":"closed","template":"","meta":{"footnotes":""},"_links":{"self":[{"href":"http:\/\/www.efj.press\/paulinehelari\/wp-json\/wp\/v2\/pages\/196"}],"collection":[{"href":"http:\/\/www.efj.press\/paulinehelari\/wp-json\/wp\/v2\/pages"}],"about":[{"href":"http:\/\/www.efj.press\/paulinehelari\/wp-json\/wp\/v2\/types\/page"}],"author":[{"embeddable":true,"href":"http:\/\/www.efj.press\/paulinehelari\/wp-json\/wp\/v2\/users\/70"}],"replies":[{"embeddable":true,"href":"http:\/\/www.efj.press\/paulinehelari\/wp-json\/wp\/v2\/comments?post=196"}],"version-history":[{"count":2,"href":"http:\/\/www.efj.press\/paulinehelari\/wp-json\/wp\/v2\/pages\/196\/revisions"}],"predecessor-version":[{"id":198,"href":"http:\/\/www.efj.press\/paulinehelari\/wp-json\/wp\/v2\/pages\/196\/revisions\/198"}],"up":[{"embeddable":true,"href":"http:\/\/www.efj.press\/paulinehelari\/wp-json\/wp\/v2\/pages\/156"}],"wp:attachment":[{"href":"http:\/\/www.efj.press\/paulinehelari\/wp-json\/wp\/v2\/media?parent=196"}],"curies":[{"name":"wp","href":"https:\/\/api.w.org\/{rel}","templated":true}]}}