{"id":186,"date":"2015-12-03T10:12:17","date_gmt":"2015-12-03T09:12:17","guid":{"rendered":"http:\/\/www.efj.press\/paulinehelari\/?page_id=186"},"modified":"2015-12-08T23:03:33","modified_gmt":"2015-12-08T22:03:33","slug":"les-chiffres-cles","status":"publish","type":"page","link":"http:\/\/www.efj.press\/paulinehelari\/grande-enquete-data\/methodologie\/les-chiffres-cles\/","title":{"rendered":"Les chiffres cl\u00e9s"},"content":{"rendered":"<p style=\"text-align: center;\">\n<p style=\"text-align: center;\"><strong>11<\/strong> google docs<\/p>\n<p style=\"text-align: center;\"><strong>37<\/strong> feuilles spreadsheets<\/p>\n<p style=\"text-align: center;\"><strong>864<\/strong> lignes sur le tableau r\u00e9capitulatif (2 556 cellules remplies de donn\u00e9es)<\/p>\n<p style=\"text-align: center;\">En moyenne : <strong>11<\/strong> onglets ouverts sur les navigateurs<\/p>\n<p style=\"text-align: center;\"><a href=\"http:\/\/iframesrc=\/\/giphy.com\/embed\/fQZX2aoRC1Tqwwidth=480height=270frameBorder=0class=giphy-embedallowFullScreen\/iframepahref=http:\/\/giphy.com\/gifs\/fQZX2aoRC1TqwviaGIPHY\/a\/p\"><iframe loading=\"lazy\" class=\"giphy-embed\" src=\"\/\/giphy.com\/embed\/fQZX2aoRC1Tqw\" width=\"339\" height=\"339\" frameborder=\"0\" allowfullscreen=\"allowfullscreen\"><\/iframe><\/a><\/p>\n<p style=\"text-align: center;\"><strong>5<\/strong> d\u00e9bats (tr\u00e8s) houleux et des heures et des heures de r\u00e9flexion<\/p>\n<p><img loading=\"lazy\" decoding=\"async\" class=\"aligncenter\" src=\"http:\/\/www.tuxboard.com\/photos\/2013\/02\/je-m-enerve.gif\" alt=\"\" width=\"256\" height=\"144\" \/><\/p>\n<p style=\"text-align: center;\"><strong>112<\/strong> coups de t\u00e9l\u00e9phone<\/p>\n<p><img loading=\"lazy\" decoding=\"async\" class=\"aligncenter\" src=\"http:\/\/i.imgur.com\/dBNl6.gif\" alt=\"\" width=\"265\" height=\"159\" \/><\/p>\n<p style=\"text-align: center;\"><strong>240<\/strong> cigarettes fum\u00e9es<\/p>\n<p style=\"text-align: center;\"><a href=\"http:\/\/iframesrc=\/\/giphy.com\/embed\/n60s5QpOQymacwidth=480height=360frameBorder=0class=giphy-embedallowFullScreen\/iframepahref=http:\/\/giphy.com\/gifs\/videos-end-looped-n60s5QpOQymacviaGIPHY\/a\/p\"><iframe loading=\"lazy\" class=\"giphy-embed\" src=\"\/\/giphy.com\/embed\/n60s5QpOQymac\" width=\"228\" height=\"228\" frameborder=\"0\" allowfullscreen=\"allowfullscreen\"><br \/>\n<\/iframe><\/a><\/p>\n<p>&nbsp;<\/p>\n","protected":false},"excerpt":{"rendered":"<p>11 google docs 37 feuilles spreadsheets 864 lignes sur le tableau r\u00e9capitulatif (2 556 cellules remplies de donn\u00e9es) En moyenne : 11 onglets ouverts sur les navigateurs 5 d\u00e9bats (tr\u00e8s) houleux et des heures et des heures de r\u00e9flexion 112 coups de t\u00e9l\u00e9phone 240 cigarettes fum\u00e9es &nbsp;<\/p>\n","protected":false},"author":70,"featured_media":0,"parent":70,"menu_order":0,"comment_status":"closed","ping_status":"closed","template":"","meta":{"footnotes":""},"_links":{"self":[{"href":"http:\/\/www.efj.press\/paulinehelari\/wp-json\/wp\/v2\/pages\/186"}],"collection":[{"href":"http:\/\/www.efj.press\/paulinehelari\/wp-json\/wp\/v2\/pages"}],"about":[{"href":"http:\/\/www.efj.press\/paulinehelari\/wp-json\/wp\/v2\/types\/page"}],"author":[{"embeddable":true,"href":"http:\/\/www.efj.press\/paulinehelari\/wp-json\/wp\/v2\/users\/70"}],"replies":[{"embeddable":true,"href":"http:\/\/www.efj.press\/paulinehelari\/wp-json\/wp\/v2\/comments?post=186"}],"version-history":[{"count":7,"href":"http:\/\/www.efj.press\/paulinehelari\/wp-json\/wp\/v2\/pages\/186\/revisions"}],"predecessor-version":[{"id":243,"href":"http:\/\/www.efj.press\/paulinehelari\/wp-json\/wp\/v2\/pages\/186\/revisions\/243"}],"up":[{"embeddable":true,"href":"http:\/\/www.efj.press\/paulinehelari\/wp-json\/wp\/v2\/pages\/70"}],"wp:attachment":[{"href":"http:\/\/www.efj.press\/paulinehelari\/wp-json\/wp\/v2\/media?parent=186"}],"curies":[{"name":"wp","href":"https:\/\/api.w.org\/{rel}","templated":true}]}}