{"id":184,"date":"2015-12-03T10:10:30","date_gmt":"2015-12-03T09:10:30","guid":{"rendered":"http:\/\/www.efj.press\/paulinehelari\/?page_id=184"},"modified":"2015-12-10T14:37:04","modified_gmt":"2015-12-10T13:37:04","slug":"marches-conclus-et-presse-ecrite-un-enjeu-economique","status":"publish","type":"page","link":"http:\/\/www.efj.press\/paulinehelari\/grande-enquete-data\/les-marches-publics-le-labyrinthe-de-la-transparence\/marches-conclus-et-presse-ecrite-un-enjeu-economique\/","title":{"rendered":"March\u00e9s conclus et presse \u00e9crite : un enjeu \u00e9conomique"},"content":{"rendered":"<p>Pour les march\u00e9s conclus de moins de 90 000 \u20ac, il appartient \u00e0 l\u2019acheteur de publier la liste de ses march\u00e9s conclus sur le support de son choix, notamment dans la presse quotidienne r\u00e9gionale (PQR).<\/p>\n<p>Selon Aur\u00e9lien Tourret, de la CANEVA, soci\u00e9t\u00e9 de conseil et d\u2019expertise sur les march\u00e9s publics :<i> \u00ab ces publications repr\u00e9sentent un revenu important pour la PQR \u00bb<\/i>. Il s\u2019agit donc d\u2019un enjeu \u00e9conomique. Aujourd\u2019hui, une partie des entit\u00e9s publie encore ces march\u00e9s conclus dans la presse.<\/p>\n","protected":false},"excerpt":{"rendered":"<p>Pour les march\u00e9s conclus de moins de 90 000 \u20ac, il appartient \u00e0 l\u2019acheteur de publier la liste de ses march\u00e9s conclus sur le support de son choix, notamment dans la presse quotidienne r\u00e9gionale (PQR). Selon Aur\u00e9lien Tourret, de la CANEVA, soci\u00e9t\u00e9 de conseil et d\u2019expertise sur les march\u00e9s publics : \u00ab ces publications repr\u00e9sentent &hellip; <a href=\"http:\/\/www.efj.press\/paulinehelari\/grande-enquete-data\/les-marches-publics-le-labyrinthe-de-la-transparence\/marches-conclus-et-presse-ecrite-un-enjeu-economique\/\" class=\"more-link\">Continuer la lecture de <span class=\"screen-reader-text\">March\u00e9s conclus et presse \u00e9crite : un enjeu \u00e9conomique<\/span>  <span class=\"meta-nav\">&rarr;<\/span><\/a><\/p>\n","protected":false},"author":70,"featured_media":0,"parent":156,"menu_order":2,"comment_status":"closed","ping_status":"closed","template":"","meta":{"footnotes":""},"_links":{"self":[{"href":"http:\/\/www.efj.press\/paulinehelari\/wp-json\/wp\/v2\/pages\/184"}],"collection":[{"href":"http:\/\/www.efj.press\/paulinehelari\/wp-json\/wp\/v2\/pages"}],"about":[{"href":"http:\/\/www.efj.press\/paulinehelari\/wp-json\/wp\/v2\/types\/page"}],"author":[{"embeddable":true,"href":"http:\/\/www.efj.press\/paulinehelari\/wp-json\/wp\/v2\/users\/70"}],"replies":[{"embeddable":true,"href":"http:\/\/www.efj.press\/paulinehelari\/wp-json\/wp\/v2\/comments?post=184"}],"version-history":[{"count":5,"href":"http:\/\/www.efj.press\/paulinehelari\/wp-json\/wp\/v2\/pages\/184\/revisions"}],"predecessor-version":[{"id":268,"href":"http:\/\/www.efj.press\/paulinehelari\/wp-json\/wp\/v2\/pages\/184\/revisions\/268"}],"up":[{"embeddable":true,"href":"http:\/\/www.efj.press\/paulinehelari\/wp-json\/wp\/v2\/pages\/156"}],"wp:attachment":[{"href":"http:\/\/www.efj.press\/paulinehelari\/wp-json\/wp\/v2\/media?parent=184"}],"curies":[{"name":"wp","href":"https:\/\/api.w.org\/{rel}","templated":true}]}}