{"id":181,"date":"2015-12-03T10:08:28","date_gmt":"2015-12-03T09:08:28","guid":{"rendered":"http:\/\/www.efj.press\/paulinehelari\/?page_id=181"},"modified":"2015-12-10T14:44:05","modified_gmt":"2015-12-10T13:44:05","slug":"glossaire","status":"publish","type":"page","link":"http:\/\/www.efj.press\/paulinehelari\/grande-enquete-data\/les-marches-publics-le-labyrinthe-de-la-transparence\/glossaire\/","title":{"rendered":"Glossaire"},"content":{"rendered":"<p>Transparence : Accessibilit\u00e9 des donn\u00e9es du domaine public<\/p>\n<p>March\u00e9 public : march\u00e9 pass\u00e9 par une entit\u00e9 de l\u2019\u00c9tat avec de l\u2019argent public.<\/p>\n<p>Liste de march\u00e9s publics conclus : ensemble de march\u00e9s conclus par une entit\u00e9 d\u2019achat sur une ann\u00e9e.<\/p>\n<p>Entit\u00e9 d\u2019achat : Administrations qui ont la possibilit\u00e9 de passer des march\u00e9s publics.<\/p>\n<p>Avis d\u2019attribution : notification \u00e0 l\u2019attention des perdants du march\u00e9.<\/p>\n<p>BOAMP : \u00e9quivalent du Journal Officiel, mais pour les march\u00e9s publics.<\/p>\n<p>Etalab : responsable de la d\u00e9mat\u00e9rialisation des donn\u00e9es de l\u2019\u00c9tat. Le but \u00e9tant d\u2019en faciliter l\u2019acc\u00e8s aux citoyens.<\/p>\n<p>Data.gouv.fr : site permettant l\u2019acc\u00e8s \u00e0 tous aux donn\u00e9es publiques, allant des donn\u00e9es de la RATP au prix de l\u2019eau en fonction des villes, en passant par LES LISTES DE MARCHES PUBLICS CONCLUS<\/p>\n","protected":false},"excerpt":{"rendered":"<p>Transparence : Accessibilit\u00e9 des donn\u00e9es du domaine public March\u00e9 public : march\u00e9 pass\u00e9 par une entit\u00e9 de l\u2019\u00c9tat avec de l\u2019argent public. Liste de march\u00e9s publics conclus : ensemble de march\u00e9s conclus par une entit\u00e9 d\u2019achat sur une ann\u00e9e. Entit\u00e9 d\u2019achat : Administrations qui ont la possibilit\u00e9 de passer des march\u00e9s publics. Avis d\u2019attribution : &hellip; <a href=\"http:\/\/www.efj.press\/paulinehelari\/grande-enquete-data\/les-marches-publics-le-labyrinthe-de-la-transparence\/glossaire\/\" class=\"more-link\">Continuer la lecture de <span class=\"screen-reader-text\">Glossaire<\/span>  <span class=\"meta-nav\">&rarr;<\/span><\/a><\/p>\n","protected":false},"author":70,"featured_media":0,"parent":156,"menu_order":3,"comment_status":"closed","ping_status":"closed","template":"","meta":{"footnotes":""},"_links":{"self":[{"href":"http:\/\/www.efj.press\/paulinehelari\/wp-json\/wp\/v2\/pages\/181"}],"collection":[{"href":"http:\/\/www.efj.press\/paulinehelari\/wp-json\/wp\/v2\/pages"}],"about":[{"href":"http:\/\/www.efj.press\/paulinehelari\/wp-json\/wp\/v2\/types\/page"}],"author":[{"embeddable":true,"href":"http:\/\/www.efj.press\/paulinehelari\/wp-json\/wp\/v2\/users\/70"}],"replies":[{"embeddable":true,"href":"http:\/\/www.efj.press\/paulinehelari\/wp-json\/wp\/v2\/comments?post=181"}],"version-history":[{"count":3,"href":"http:\/\/www.efj.press\/paulinehelari\/wp-json\/wp\/v2\/pages\/181\/revisions"}],"predecessor-version":[{"id":270,"href":"http:\/\/www.efj.press\/paulinehelari\/wp-json\/wp\/v2\/pages\/181\/revisions\/270"}],"up":[{"embeddable":true,"href":"http:\/\/www.efj.press\/paulinehelari\/wp-json\/wp\/v2\/pages\/156"}],"wp:attachment":[{"href":"http:\/\/www.efj.press\/paulinehelari\/wp-json\/wp\/v2\/media?parent=181"}],"curies":[{"name":"wp","href":"https:\/\/api.w.org\/{rel}","templated":true}]}}