{"id":148,"date":"2015-12-02T15:34:23","date_gmt":"2015-12-02T14:34:23","guid":{"rendered":"http:\/\/www.efj.press\/paulinehelari\/?page_id=148"},"modified":"2015-12-03T10:40:57","modified_gmt":"2015-12-03T09:40:57","slug":"lequipe","status":"publish","type":"page","link":"http:\/\/www.efj.press\/paulinehelari\/grande-enquete-data\/lequipe\/","title":{"rendered":"L&rsquo;Equipe Data"},"content":{"rendered":"<p>Le s\u00e9lectionneur Jean-Marc Manach, accompagn\u00e9 de son adjointe Tatiana Kalouguine, forme une \u00e9quipe de 11 joueurs. Avec la Coupe du monde en ligne de mire.<\/p>\n<p>Apr\u00e8s un match nul compliqu\u00e9 contre \u00ab ITER \u00bb, l\u2019\u00e9quipe se remobilise pour la seconde rencontre, cette fois-ci face aux redoutables \u00ab march\u00e9s publics \u00bb. A deux semaines du d\u00e9but de la comp\u00e9tition, mi-octobre, 11 joueurs sont convoqu\u00e9s lors du rassemblement. Finalement, trois d\u00e9clarent forfait, laissant le groupe \u00e0 8&#8230;<\/p>\n<p>&nbsp;<\/p>\n<p><strong>Donadey Sonia<\/strong>, dot\u00e9e d\u2019un calme irr\u00e9prochable, elle a su apaiser les tensions au sein du groupe, \u00ab en soi(T) \u00bb.<\/p>\n<p><strong>H\u00e9lari Pauline<\/strong>, discr\u00e8te et efficace, \u00ab la Reine du t\u00e9l\u00e9phone \u00bb a recueilli des t\u00e9moignages essentiels au d\u00e9veloppement de l&rsquo;enqu\u00eate.<\/p>\n<p><strong>Huvelin Gr\u00e9goire<\/strong>, entre analyses fines et blagues l\u00e9g\u00e8res, il a su d\u00e9tendre l\u2019atmosph\u00e8re et remotiver les troupes quand cela \u00e9tait n\u00e9cessaire.<\/p>\n<p><strong>L\u00e9cuyer Vincent<\/strong>, calme, il n\u2019a pas rechign\u00e9 aux diff\u00e9rentes t\u00e2ches et a su mettre le sujet en perspective.<\/p>\n<p><strong>Louis Paul<\/strong>, ex-futur \u00e9conomiste et ma\u00eetre des tableurs, c\u2019est lui qui a mani\u00e9 les chiffres et les statistiques<\/p>\n<p><strong>Ouicher Victoria<\/strong>, malgr\u00e9 ses p\u00e9pins physiques, elle a harcel\u00e9 Data Gouv comme il le fallait.<\/p>\n<p><strong>Pillon Ad\u00e8le<\/strong>, son esprit de contradiction a souvent men\u00e9 \u00e0 des d\u00e9bats houleux mais constructifs.<\/p>\n<p><strong>St\u00e9phan Simon<\/strong>, ses comp\u00e9tences juridiques ont \u00e9t\u00e9 pr\u00e9cieuses pour comprendre les tenants et les aboutissants du sujet.<\/p>\n<p>&nbsp;<\/p>\n","protected":false},"excerpt":{"rendered":"<p>Le s\u00e9lectionneur Jean-Marc Manach, accompagn\u00e9 de son adjointe Tatiana Kalouguine, forme une \u00e9quipe de 11 joueurs. Avec la Coupe du monde en ligne de mire. Apr\u00e8s un match nul compliqu\u00e9 contre \u00ab ITER \u00bb, l\u2019\u00e9quipe se remobilise pour la seconde rencontre, cette fois-ci face aux redoutables \u00ab march\u00e9s publics \u00bb. A deux semaines du d\u00e9but &hellip; <a href=\"http:\/\/www.efj.press\/paulinehelari\/grande-enquete-data\/lequipe\/\" class=\"more-link\">Continuer la lecture de <span class=\"screen-reader-text\">L&rsquo;Equipe Data<\/span>  <span class=\"meta-nav\">&rarr;<\/span><\/a><\/p>\n","protected":false},"author":70,"featured_media":0,"parent":66,"menu_order":4,"comment_status":"closed","ping_status":"closed","template":"","meta":{"footnotes":""},"_links":{"self":[{"href":"http:\/\/www.efj.press\/paulinehelari\/wp-json\/wp\/v2\/pages\/148"}],"collection":[{"href":"http:\/\/www.efj.press\/paulinehelari\/wp-json\/wp\/v2\/pages"}],"about":[{"href":"http:\/\/www.efj.press\/paulinehelari\/wp-json\/wp\/v2\/types\/page"}],"author":[{"embeddable":true,"href":"http:\/\/www.efj.press\/paulinehelari\/wp-json\/wp\/v2\/users\/70"}],"replies":[{"embeddable":true,"href":"http:\/\/www.efj.press\/paulinehelari\/wp-json\/wp\/v2\/comments?post=148"}],"version-history":[{"count":6,"href":"http:\/\/www.efj.press\/paulinehelari\/wp-json\/wp\/v2\/pages\/148\/revisions"}],"predecessor-version":[{"id":150,"href":"http:\/\/www.efj.press\/paulinehelari\/wp-json\/wp\/v2\/pages\/148\/revisions\/150"}],"up":[{"embeddable":true,"href":"http:\/\/www.efj.press\/paulinehelari\/wp-json\/wp\/v2\/pages\/66"}],"wp:attachment":[{"href":"http:\/\/www.efj.press\/paulinehelari\/wp-json\/wp\/v2\/media?parent=148"}],"curies":[{"name":"wp","href":"https:\/\/api.w.org\/{rel}","templated":true}]}}