{"id":61,"date":"2016-11-30T16:17:22","date_gmt":"2016-11-30T15:17:22","guid":{"rendered":"http:\/\/www.efj.press\/oscarbelayche\/?page_id=61"},"modified":"2016-11-30T16:25:20","modified_gmt":"2016-11-30T15:25:20","slug":"nouvelles-tirees-dhitchcock-magazine-myster-mocky-presente","status":"publish","type":"page","link":"http:\/\/www.efj.press\/oscarbelayche\/a-propos\/cv\/cinema\/tournages-avec-jean-pierre-mocky\/nouvelles-tirees-dhitchcock-magazine-myster-mocky-presente\/","title":{"rendered":"Nouvelles tir\u00e9es d&rsquo;Hitchcock Magazine, Myster Mocky pr\u00e9sente"},"content":{"rendered":"<p><img loading=\"lazy\" decoding=\"async\" class=\"alignnone size-full wp-image-62\" src=\"http:\/\/www.efj.press\/oscarbelayche\/wp-content\/uploads\/sites\/140\/2016\/11\/Jeep.jpg\" alt=\"jeep\" width=\"180\" height=\"259\" \/><\/p>\n<p>De quoi mourir de rire :<br \/>\nElle a tu\u00e9 son mari, mais le mort s&rsquo;est veng\u00e9. Et comment.<br \/>\nAvec : Louise Monot, Stanislas Merhar, Philippe Chevallier<br \/>\nLa voix de sa conscience :<br \/>\nIl en avait enterr\u00e9 des gens pour avoir cet argent! Et finalement, c&rsquo;est lui qu&rsquo;on a enterr\u00e9.<br \/>\nAvec : Mich\u00e8le Bernier, Daniel Russo<br \/>\nUne si gentille serveuse :<br \/>\nPaisible serveuse qui un jour devient une f\u00e9roce tueuse.<br \/>\nAvec : Micheline Presle, Zo\u00e9 F\u00e9lix, Aur\u00e9lien Wiik<\/p>\n<p><img loading=\"lazy\" decoding=\"async\" class=\"alignnone size-full wp-image-65\" src=\"http:\/\/www.efj.press\/oscarbelayche\/wp-content\/uploads\/sites\/140\/2016\/11\/JP.jpg\" alt=\"jp\" width=\"180\" height=\"255\" \/><\/p>\n<p>Cellule insonoris\u00e9e :<br \/>\nUn officier de police pour l&rsquo;amour de sa fille devient un ripoux mais sa punition sera terrible.<br \/>\nAvec : Claude Brasseur, Patricia Barzyk<br \/>\nLe diable en embuscade :<br \/>\nUn professeur amoureux de sa belle \u00e9l\u00e8ve? Normal? Mais attention, \u00e0 condition de ne pas lui faire de mal.<br \/>\nAvec : Jean-Hugues Anglade et Bruno Putzulu<\/p>\n<p>T\u00e9moins de choix :<br \/>\nComment de simples citoyens arrivent \u00e0 se d\u00e9barrasser avec astuce d&rsquo;un vilain ma\u00eetre chanteur.<br \/>\nAvec : Lorant Deutsch, Dominique Pinon<\/p>\n","protected":false},"excerpt":{"rendered":"<p>De quoi mourir de rire : Elle a tu\u00e9 son mari, mais le mort s&rsquo;est veng\u00e9. Et comment. Avec : Louise Monot, Stanislas Merhar, Philippe Chevallier La voix de sa conscience : Il en avait enterr\u00e9 des gens pour avoir cet argent! Et finalement, c&rsquo;est lui qu&rsquo;on a enterr\u00e9. Avec : Mich\u00e8le Bernier, Daniel Russo &hellip; <a href=\"http:\/\/www.efj.press\/oscarbelayche\/a-propos\/cv\/cinema\/tournages-avec-jean-pierre-mocky\/nouvelles-tirees-dhitchcock-magazine-myster-mocky-presente\/\" class=\"more-link\">Continuer la lecture de <span class=\"screen-reader-text\">Nouvelles tir\u00e9es d&rsquo;Hitchcock Magazine, Myster Mocky pr\u00e9sente<\/span>  <span class=\"meta-nav\">&rarr;<\/span><\/a><\/p>\n","protected":false},"author":121,"featured_media":0,"parent":42,"menu_order":0,"comment_status":"closed","ping_status":"closed","template":"","meta":{"footnotes":""},"_links":{"self":[{"href":"http:\/\/www.efj.press\/oscarbelayche\/wp-json\/wp\/v2\/pages\/61"}],"collection":[{"href":"http:\/\/www.efj.press\/oscarbelayche\/wp-json\/wp\/v2\/pages"}],"about":[{"href":"http:\/\/www.efj.press\/oscarbelayche\/wp-json\/wp\/v2\/types\/page"}],"author":[{"embeddable":true,"href":"http:\/\/www.efj.press\/oscarbelayche\/wp-json\/wp\/v2\/users\/121"}],"replies":[{"embeddable":true,"href":"http:\/\/www.efj.press\/oscarbelayche\/wp-json\/wp\/v2\/comments?post=61"}],"version-history":[{"count":3,"href":"http:\/\/www.efj.press\/oscarbelayche\/wp-json\/wp\/v2\/pages\/61\/revisions"}],"predecessor-version":[{"id":66,"href":"http:\/\/www.efj.press\/oscarbelayche\/wp-json\/wp\/v2\/pages\/61\/revisions\/66"}],"up":[{"embeddable":true,"href":"http:\/\/www.efj.press\/oscarbelayche\/wp-json\/wp\/v2\/pages\/42"}],"wp:attachment":[{"href":"http:\/\/www.efj.press\/oscarbelayche\/wp-json\/wp\/v2\/media?parent=61"}],"curies":[{"name":"wp","href":"https:\/\/api.w.org\/{rel}","templated":true}]}}