{"id":55,"date":"2016-11-30T15:36:50","date_gmt":"2016-11-30T14:36:50","guid":{"rendered":"http:\/\/www.efj.press\/oscarbelayche\/?page_id=55"},"modified":"2016-11-30T15:37:29","modified_gmt":"2016-11-30T14:37:29","slug":"grenouille-dhiver-2","status":"publish","type":"page","link":"http:\/\/www.efj.press\/oscarbelayche\/a-propos\/cv\/cinema\/tournages-avec-slony-sow\/grenouille-dhiver-2\/","title":{"rendered":"Grenouille d&rsquo;Hiver"},"content":{"rendered":"<p>De Slony Sow<br \/>\nAvec G\u00e9rard Depardieu, Eriko Takeda, Sabine Lenoel<br \/>\nNationalit\u00e9 Fran\u00e7ais<\/p>\n<p><img loading=\"lazy\" decoding=\"async\" class=\"alignnone size-full wp-image-50\" src=\"http:\/\/www.efj.press\/oscarbelayche\/wp-content\/uploads\/sites\/140\/2016\/11\/GGG.jpg\" alt=\"ggg\" width=\"215\" height=\"290\" \/><\/p>\n<p>SYNOPSIS ET D\u00c9TAILS<br \/>\nBenjamin, viticulteur, voit sa femme s\u2019\u00e9teindre dans ses bras des suites d\u2019une longue maladie. Ne pouvant rester pr\u00e8s de la d\u00e9pouille de celle-ci, il d\u00e9cide, et ce, malgr\u00e9 le froid, de s\u2019installer dans ses vignes le temps que les pompes fun\u00e8bres viennent lever le corps. Le probl\u00e8me c\u2019est que nous sommes dimanche. Il lui faudra donc attendre jusqu\u2019au lendemain matin pour retourner dans cette maison qu\u2019il regarde \u00e0 pr\u00e9sent comme le tombeau de son avenir. Mais une innocente Japonaise, venue sp\u00e9cialement pour la d\u00e9gustation de son vin, va amener d\u00e9licatement Benjamin \u00e0 faire son deuil.<\/p>\n","protected":false},"excerpt":{"rendered":"<p>De Slony Sow Avec G\u00e9rard Depardieu, Eriko Takeda, Sabine Lenoel Nationalit\u00e9 Fran\u00e7ais SYNOPSIS ET D\u00c9TAILS Benjamin, viticulteur, voit sa femme s\u2019\u00e9teindre dans ses bras des suites d\u2019une longue maladie. Ne pouvant rester pr\u00e8s de la d\u00e9pouille de celle-ci, il d\u00e9cide, et ce, malgr\u00e9 le froid, de s\u2019installer dans ses vignes le temps que les pompes &hellip; <a href=\"http:\/\/www.efj.press\/oscarbelayche\/a-propos\/cv\/cinema\/tournages-avec-slony-sow\/grenouille-dhiver-2\/\" class=\"more-link\">Continuer la lecture de <span class=\"screen-reader-text\">Grenouille d&rsquo;Hiver<\/span>  <span class=\"meta-nav\">&rarr;<\/span><\/a><\/p>\n","protected":false},"author":121,"featured_media":0,"parent":46,"menu_order":0,"comment_status":"closed","ping_status":"closed","template":"","meta":{"footnotes":""},"_links":{"self":[{"href":"http:\/\/www.efj.press\/oscarbelayche\/wp-json\/wp\/v2\/pages\/55"}],"collection":[{"href":"http:\/\/www.efj.press\/oscarbelayche\/wp-json\/wp\/v2\/pages"}],"about":[{"href":"http:\/\/www.efj.press\/oscarbelayche\/wp-json\/wp\/v2\/types\/page"}],"author":[{"embeddable":true,"href":"http:\/\/www.efj.press\/oscarbelayche\/wp-json\/wp\/v2\/users\/121"}],"replies":[{"embeddable":true,"href":"http:\/\/www.efj.press\/oscarbelayche\/wp-json\/wp\/v2\/comments?post=55"}],"version-history":[{"count":1,"href":"http:\/\/www.efj.press\/oscarbelayche\/wp-json\/wp\/v2\/pages\/55\/revisions"}],"predecessor-version":[{"id":57,"href":"http:\/\/www.efj.press\/oscarbelayche\/wp-json\/wp\/v2\/pages\/55\/revisions\/57"}],"up":[{"embeddable":true,"href":"http:\/\/www.efj.press\/oscarbelayche\/wp-json\/wp\/v2\/pages\/46"}],"wp:attachment":[{"href":"http:\/\/www.efj.press\/oscarbelayche\/wp-json\/wp\/v2\/media?parent=55"}],"curies":[{"name":"wp","href":"https:\/\/api.w.org\/{rel}","templated":true}]}}