{"id":41,"date":"2016-11-09T15:47:36","date_gmt":"2016-11-09T14:47:36","guid":{"rendered":"http:\/\/www.efj.press\/nicolasroxo\/?page_id=41"},"modified":"2016-12-06T21:12:55","modified_gmt":"2016-12-06T20:12:55","slug":"articles","status":"publish","type":"page","link":"http:\/\/www.efj.press\/nicolasroxo\/works\/articles\/","title":{"rendered":"articles"},"content":{"rendered":"<p style=\"text-align: left\"><em><strong>Ca passe ou \u00e7a casse<\/strong><\/em><\/p>\n<p style=\"text-align: left\"><img loading=\"lazy\" decoding=\"async\" class=\"alignnone size-medium wp-image-89\" src=\"http:\/\/www.efj.press\/nicolasroxo\/wp-content\/uploads\/sites\/160\/2016\/11\/quartier-des-beaudottes-sevran-13898916390-300x130.jpg\" alt=\"quartier-des-beaudottes-sevran-13898916390\" width=\"300\" height=\"130\" srcset=\"http:\/\/www.efj.press\/nicolasroxo\/wp-content\/uploads\/sites\/160\/2016\/11\/quartier-des-beaudottes-sevran-13898916390-300x130.jpg 300w, http:\/\/www.efj.press\/nicolasroxo\/wp-content\/uploads\/sites\/160\/2016\/11\/quartier-des-beaudottes-sevran-13898916390-768x334.jpg 768w, http:\/\/www.efj.press\/nicolasroxo\/wp-content\/uploads\/sites\/160\/2016\/11\/quartier-des-beaudottes-sevran-13898916390-1024x445.jpg 1024w, http:\/\/www.efj.press\/nicolasroxo\/wp-content\/uploads\/sites\/160\/2016\/11\/quartier-des-beaudottes-sevran-13898916390.jpg 1260w\" sizes=\"(max-width: 300px) 100vw, 300px\" \/><\/p>\n<p style=\"text-align: left\">La municipalit\u00e9 a choisi de renouveler son quartier le plus vieillissant , n\u00e9anmoins cette r\u00e9novation doit passer tout d\u2019abord par une d\u00e9molition compl\u00e8te de la cit\u00e9.<\/p>\n<p style=\"text-align: left\">\u201cLa Mare aux cur\u00e9s\u201d doit dispara\u00eetre informe le maire de nangis. Pour cela rien ne vaut une r\u00e9novation compl\u00e8te du quartier . Cette action a pu \u00eatre mis en place gr\u00e2ce aux \u00e9conomies faites par la ville durant de nombreuse ann\u00e9es. Cependant des personnes vivant dans ces tours ou \u00e0 proximit\u00e9 ne veulent pas de cette d\u00e9molition. Alain, personnes vivant dans l\u2019une des tours de la mare au cur\u00e9s a donc d\u00e9cid\u00e9 de mettre en place une p\u00e9tition contre l&rsquo;arriv\u00e9e des buldozer. il pr\u00e9cise que lui et les habitants de ces tours vivent dans une alchimie parfaite et que la mixit\u00e9 y est positive. Les habitants tr\u00e8s solidaire entre eux esp\u00e8re que ce projet ne verra pas le jour. Certains sont pr\u00eat \u00e0 aller manifester devant la mairie ou le projet de r\u00e9novation du quartier doit \u00eatre d\u00e9battu lors du prochain conseil municipal. Autre probl\u00e8me qui doit \u00eatre soulev\u00e9s , pendant la dur\u00e9e des travaux plus de 700 familles n\u2019auront plus acc\u00e8s \u00e0 leurs logement et devront trouver un h\u00e9bergement provisoire ,la mairie reste muette \u00e0 cette question qui touche plus de 2500 personnes. Ces personnes n\u2019ont pas tous une budget permettant d\u2019aller dans un hotel .le maire a d\u00e9cid\u00e9 d\u2019inviter les repr\u00e9sentants des locataires pour \u00e9changer et trouver des solutions satisfaisants pour les deux camps. Pour le maire et ses adjoints la r\u00e9novation du quartier est indispensable compte tenu de la d\u00e9gradation faites au seins des immeubles,rendant les lieux insalubres et dangereux pour la sant\u00e9 et la s\u00e9curit\u00e9 de tous. Le maire \u00e0 plusieurs reprises a d\u00e9j\u00e0 tent\u00e9 d\u2019y rem\u00e9dier. Les services de l&rsquo;hygi\u00e8ne et de la s\u00e9curit\u00e9 se sont rendus \u00e0 de nombreuses reprises sur les lieux ou des d\u00e9g\u00e2ts doivent \u00eatre r\u00e9par\u00e9s au sein de la mare au cur\u00e9s. Le maire esp\u00e8re aussi qu\u2019avec ses travaux rapport\u00e9s dans le quartier, il permettra de cr\u00e9er une cohabitation plus sereine mais surtout rendre beaucoup plus accessible ce quartier qui jadis n\u2019a jamais \u00e9t\u00e9 ouvert au monde ext\u00e9rieur. Toutefois ses r\u00e9ponses dict\u00e9s par le maire ne semble pas amadouer les contestataires. Alain et ceux ayant sign\u00e9e la p\u00e9tition n&rsquo;\u00e9prouvent eux aussi aucun soulagement quant au devenir de leur quartier. Il reste n\u00e9anmoins encore une carte \u00e0 jouer du c\u00f4t\u00e9 des habitants, en effet la mise en place d\u2019une proc\u00e9dure en justice va prendre un certain temps avant qu\u2019elle ne se termine, laissant ainsi le temps \u00e0 Alain et \u00e0 sa p\u00e9tition de toucher un nombre plus important de personnes et pouvoir ainsi convaincre la municipalit\u00e9 d&rsquo;\u00e9couter ses habitants et leurs appels au secours.<\/p>\n<p>&nbsp;<\/p>\n<p style=\"text-align: left\"><img loading=\"lazy\" decoding=\"async\" class=\"alignnone size-medium wp-image-99\" src=\"http:\/\/www.efj.press\/nicolasroxo\/wp-content\/uploads\/sites\/160\/2016\/11\/trump-300x169.jpg\" alt=\"trump\" width=\"300\" height=\"169\" srcset=\"http:\/\/www.efj.press\/nicolasroxo\/wp-content\/uploads\/sites\/160\/2016\/11\/trump-300x169.jpg 300w, http:\/\/www.efj.press\/nicolasroxo\/wp-content\/uploads\/sites\/160\/2016\/11\/trump.jpg 720w\" sizes=\"(max-width: 300px) 100vw, 300px\" \/><\/p>\n<p><b>Trump \u00e9lu, les cons\u00e9quences directes de cette victoire pour la France<\/b><span style=\"font-weight: 400\">\u00a0<strong>?<\/strong><\/span><\/p>\n<p><span style=\"font-weight: 400\">Au matin m\u00eame de la victoire de Donald Trump aux \u00e9lections pr\u00e9sidentielles am\u00e9ricaines , une vague de questions nous submergent , qu\u2019adviendra de la france ? La france a t elle la m\u00eame place dans le coeur des \u00a0am\u00e9ricains d\u2019Obama que celle de Trump ? La France peut elle \u00eatre influenc\u00e9e dans ses choix lors des prochaines \u00e9lections. <\/span><\/p>\n<p><span style=\"font-weight: 400\">La victoire de Trump vient rappeler \u00e0 tous que tout est possible : les favoris ne sont pas toujours les grands gagnants. \u201cJe f\u00e9licite Donald Trump pour sa victoire\u201d a dit Fran\u00e7ois Hollande lors d\u2019un discours en l\u2019honneur du nouveau pr\u00e9sident Am\u00e9ricain. Lors de ce discours convenu \u00a0on a vu un pr\u00e9sident fran\u00e7ais soumis \u00e0 sa fonction. La france a toujours \u00e9t\u00e9 un soutien de poids aupr\u00e8s des Etats-Unis. N\u00e9anmoins avec l&rsquo;arriv\u00e9e d\u2019une personnalit\u00e9 hors du commun au pouvoir de la premi\u00e8re puissance mondiale, La France aura t-elle toujours un lien fort avec les Etat-Unis ? Non les liens ne seront plus comme avant, on imagine une Am\u00e9rique beaucoup plus isolationniste et protectionniste. On peut craindre des relations plus tendus avec la France ,une p\u00e9riode d\u2019incertitude s\u2019ouvre. <\/span><\/p>\n<p><span style=\"font-weight: 400\">La France, elle, doit se r\u00e9soudre \u00e0 rester seule car avec le Brexit et l\u2019arriv\u00e9e de Trump, les conflits seront plus nombreux et plus difficiles \u00e0 r\u00e9soudre. <\/span><\/p>\n<p><span style=\"font-weight: 400\">Mais la probl\u00e9matique ne s&rsquo;arr\u00eate pas \u00e0 ce constat, cette victoire donne plus de force au patriotes de l&rsquo;extr\u00eame droite qui se sentent pr\u00eat \u00e0 \u00e9lire leur pr\u00e9sidente aux \u00e9lections pr\u00e9sidentielles<\/span><\/p>\n<p><span style=\"font-weight: 400\">\u201cSi j\u2019\u00e9tais am\u00e9ricaine je voterai donald trump \u201c r\u00e9pond Marine Le Pen. Avec cette victoire de Donald Trump, Marine Le Pen chef du parti du Front National veut montrer au peuple Fran\u00e7ais que ce changement peut \u00eatre aussi applicable pour la France. Elle souhaite un \u201cr\u00e9veil\u201d du peuple fran\u00e7ais lors des \u00e9lections pr\u00e9sidentielles. Les favoris qui sont Alain Jupp\u00e9 ou bien Nicolas Sarkozy se sentent donc menac\u00e9 par une troisi\u00e8me force qu\u2019ils avaient jusqu\u2019alors sous-estim\u00e9e. <\/span><\/p>\n<p><span style=\"font-weight: 400\">Alors de l\u00e0 \u00e0 penser que les instituts de sondages sous-estiment \u00a0aussi les votes de l&rsquo;extr\u00eame droite en France et envisager qu\u2019elle puisse l\u2019emporter il y\u2019a qu\u2019un pas.<\/span><\/p>\n<p><span style=\"font-weight: 400\">Cette victoire peut influencer le peuple fran\u00e7ais qui pour un certain nombre, ne se sentent plus compris par les politiciens actuels. Ces personnes pourraient trouver pourraient se rallier au c\u00f4t\u00e9 de Marine Le Pen, qui dans son programme parle comme un air de Donald Trump. <\/span><\/p>\n<p style=\"text-align: left\"><span style=\"font-weight: 400\">Les prochaines \u00e9lections pr\u00e9sidentielle en France sont tr\u00e8s attendus. Pour certains, l\u2019arriv\u00e9e au pouvoir de Marine Le Pen ne fait plus aucun doute compte tenu du peu de franchise des autres partis. <\/span><\/p>\n","protected":false},"excerpt":{"rendered":"<p>Ca passe ou \u00e7a casse La municipalit\u00e9 a choisi de renouveler son quartier le plus vieillissant , n\u00e9anmoins cette r\u00e9novation doit passer tout d\u2019abord par une d\u00e9molition compl\u00e8te de la cit\u00e9. \u201cLa Mare aux cur\u00e9s\u201d doit dispara\u00eetre informe le maire de nangis. Pour cela rien ne vaut une r\u00e9novation compl\u00e8te du quartier . Cette action &hellip; <a href=\"http:\/\/www.efj.press\/nicolasroxo\/works\/articles\/\" class=\"more-link\">Continuer la lecture de <span class=\"screen-reader-text\">articles<\/span>  <span class=\"meta-nav\">&rarr;<\/span><\/a><\/p>\n","protected":false},"author":140,"featured_media":0,"parent":36,"menu_order":0,"comment_status":"closed","ping_status":"closed","template":"","meta":{"footnotes":""},"_links":{"self":[{"href":"http:\/\/www.efj.press\/nicolasroxo\/wp-json\/wp\/v2\/pages\/41"}],"collection":[{"href":"http:\/\/www.efj.press\/nicolasroxo\/wp-json\/wp\/v2\/pages"}],"about":[{"href":"http:\/\/www.efj.press\/nicolasroxo\/wp-json\/wp\/v2\/types\/page"}],"author":[{"embeddable":true,"href":"http:\/\/www.efj.press\/nicolasroxo\/wp-json\/wp\/v2\/users\/140"}],"replies":[{"embeddable":true,"href":"http:\/\/www.efj.press\/nicolasroxo\/wp-json\/wp\/v2\/comments?post=41"}],"version-history":[{"count":8,"href":"http:\/\/www.efj.press\/nicolasroxo\/wp-json\/wp\/v2\/pages\/41\/revisions"}],"predecessor-version":[{"id":115,"href":"http:\/\/www.efj.press\/nicolasroxo\/wp-json\/wp\/v2\/pages\/41\/revisions\/115"}],"up":[{"embeddable":true,"href":"http:\/\/www.efj.press\/nicolasroxo\/wp-json\/wp\/v2\/pages\/36"}],"wp:attachment":[{"href":"http:\/\/www.efj.press\/nicolasroxo\/wp-json\/wp\/v2\/media?parent=41"}],"curies":[{"name":"wp","href":"https:\/\/api.w.org\/{rel}","templated":true}]}}