{"id":17,"date":"2016-11-09T15:07:23","date_gmt":"2016-11-09T14:07:23","guid":{"rendered":"http:\/\/www.efj.press\/nicolasroxo\/?page_id=17"},"modified":"2016-12-07T20:20:11","modified_gmt":"2016-12-07T19:20:11","slug":"accueil","status":"publish","type":"page","link":"http:\/\/www.efj.press\/nicolasroxo\/accueil\/","title":{"rendered":"Accueil"},"content":{"rendered":"<p>&nbsp;<\/p>\n<p style=\"text-align: center\"><strong>Bienvenue sur mon blog je m&rsquo;appelle Nicolas Roxo je suis en premi\u00e8re ann\u00e9e de journalisme.<\/strong><br \/>\n<strong> Dans ce site vous trouverez toute une vari\u00e9t\u00e9 \u00a0d&rsquo;article.<\/strong><\/p>\n<p style=\"text-align: center\"><strong>Bonne visite<\/strong><\/p>\n<p>&nbsp;<\/p>\n","protected":false},"excerpt":{"rendered":"<p>&nbsp; Bienvenue sur mon blog je m&rsquo;appelle Nicolas Roxo je suis en premi\u00e8re ann\u00e9e de journalisme. Dans ce site vous trouverez toute une vari\u00e9t\u00e9 \u00a0d&rsquo;article. Bonne visite &nbsp;<\/p>\n","protected":false},"author":140,"featured_media":0,"parent":0,"menu_order":0,"comment_status":"closed","ping_status":"closed","template":"","meta":{"footnotes":""},"_links":{"self":[{"href":"http:\/\/www.efj.press\/nicolasroxo\/wp-json\/wp\/v2\/pages\/17"}],"collection":[{"href":"http:\/\/www.efj.press\/nicolasroxo\/wp-json\/wp\/v2\/pages"}],"about":[{"href":"http:\/\/www.efj.press\/nicolasroxo\/wp-json\/wp\/v2\/types\/page"}],"author":[{"embeddable":true,"href":"http:\/\/www.efj.press\/nicolasroxo\/wp-json\/wp\/v2\/users\/140"}],"replies":[{"embeddable":true,"href":"http:\/\/www.efj.press\/nicolasroxo\/wp-json\/wp\/v2\/comments?post=17"}],"version-history":[{"count":12,"href":"http:\/\/www.efj.press\/nicolasroxo\/wp-json\/wp\/v2\/pages\/17\/revisions"}],"predecessor-version":[{"id":119,"href":"http:\/\/www.efj.press\/nicolasroxo\/wp-json\/wp\/v2\/pages\/17\/revisions\/119"}],"wp:attachment":[{"href":"http:\/\/www.efj.press\/nicolasroxo\/wp-json\/wp\/v2\/media?parent=17"}],"curies":[{"name":"wp","href":"https:\/\/api.w.org\/{rel}","templated":true}]}}