{"id":15,"date":"2016-11-09T15:38:31","date_gmt":"2016-11-09T14:38:31","guid":{"rendered":"http:\/\/www.efj.press\/nicolasroxo\/?page_id=15"},"modified":"2016-12-07T20:49:02","modified_gmt":"2016-12-07T19:49:02","slug":"cv","status":"publish","type":"page","link":"http:\/\/www.efj.press\/nicolasroxo\/cv\/","title":{"rendered":"cv"},"content":{"rendered":"<p><img loading=\"lazy\" decoding=\"async\" class=\"alignnone wp-image-122\" src=\"http:\/\/www.efj.press\/nicolasroxo\/wp-content\/uploads\/sites\/160\/2016\/11\/IMG_2002-e1481139680943-225x300.jpg\" alt=\"img_2002\" width=\"135\" height=\"180\" srcset=\"http:\/\/www.efj.press\/nicolasroxo\/wp-content\/uploads\/sites\/160\/2016\/11\/IMG_2002-e1481139680943-225x300.jpg 225w, http:\/\/www.efj.press\/nicolasroxo\/wp-content\/uploads\/sites\/160\/2016\/11\/IMG_2002-e1481139680943-768x1024.jpg 768w, http:\/\/www.efj.press\/nicolasroxo\/wp-content\/uploads\/sites\/160\/2016\/11\/IMG_2002-e1481139680943.jpg 960w\" sizes=\"(max-width: 135px) 100vw, 135px\" \/><\/p>\n<p>ROXO Nicolas 19 ans<\/p>\n<p>77515 Pommeuse N\u00e9 \u00e0 Meaux le 29\/07\/1997<br \/>\n24 Bis rue des coteaux Fran\u00e7ais<br \/>\nT\u00e9l\u00e9phone\u00a0: 07 62 60 72 43<\/p>\n<p>Permis B<br \/>\nEmail\u00a0: nicolas.roxo7@gmail.com<\/p>\n<p><strong>Travail \u00e9tudiant<\/strong><\/p>\n<p>Atouts et comp\u00e9tences sp\u00e9cifiques<br \/>\nDivers travaux (manuels, informatiques&#8230;), patient et m\u00e9ticuleux, tr\u00e8s bonne r\u00e9sistance physique (passion pour le sport).<\/p>\n<p><strong>Exp\u00e9rience professionnelle<\/strong><br \/>\n12\/2011 Stage en entreprise\u00a0:<br \/>\nAu journal \u00ab\u00a0 Le Parisien\u00a0\u00bb &#8211; Agence de Meaux<\/p>\n<p><strong>Parcours scolaire et formations<\/strong><br \/>\n2008-2012 Coll\u00e8ge Louise Michel \u00e0 Faremoutiers(77)<br \/>\nObtention du dipl\u00f4me \u00ab\u00a0Brevet des coll\u00e8ges\u00a0\u00bb<\/p>\n<p style=\"text-align: left\">De puis septembre 2012 Lyc\u00e9e Jules Ferry \u00e0 Coulommiers (77)<br \/>\nSession juillet 2016 Obtention du Baccalaur\u00e9at g\u00e9n\u00e9ral \u2013 s\u00e9rie ES (\u00e9conomique et sociale)<br \/>\nActuellement en Etude sup\u00e9rieure en \u00e9cole de journalisme (EFJ)<\/p>\n<p><strong>Connaissances compl\u00e9mentaires<\/strong><br \/>\nInformatique\u00a0:<br \/>\nWord, Excel, Powerpoint Imovie et Internet<\/p>\n<p><strong>Langues\u00a0<\/strong><br \/>\nAnglais, Espagnol et Portugais<\/p>\n<p><strong>Loisirs<\/strong><br \/>\nFootball (pratiqu\u00e9 en club), athl\u00e9tisme et basket<br \/>\nCin\u00e9ma, musique\u2026<br \/>\nLecture diverses (livres d\u2019\u00e9conomie et sociologie, journaux et romans<\/p>\n","protected":false},"excerpt":{"rendered":"<p>ROXO Nicolas 19 ans 77515 Pommeuse N\u00e9 \u00e0 Meaux le 29\/07\/1997 24 Bis rue des coteaux Fran\u00e7ais T\u00e9l\u00e9phone\u00a0: 07 62 60 72 43 Permis B Email\u00a0: nicolas.roxo7@gmail.com Travail \u00e9tudiant Atouts et comp\u00e9tences sp\u00e9cifiques Divers travaux (manuels, informatiques&#8230;), patient et m\u00e9ticuleux, tr\u00e8s bonne r\u00e9sistance physique (passion pour le sport). Exp\u00e9rience professionnelle 12\/2011 Stage en entreprise\u00a0: Au &hellip; <a href=\"http:\/\/www.efj.press\/nicolasroxo\/cv\/\" class=\"more-link\">Continuer la lecture de <span class=\"screen-reader-text\">cv<\/span>  <span class=\"meta-nav\">&rarr;<\/span><\/a><\/p>\n","protected":false},"author":140,"featured_media":0,"parent":0,"menu_order":0,"comment_status":"closed","ping_status":"closed","template":"","meta":{"footnotes":""},"_links":{"self":[{"href":"http:\/\/www.efj.press\/nicolasroxo\/wp-json\/wp\/v2\/pages\/15"}],"collection":[{"href":"http:\/\/www.efj.press\/nicolasroxo\/wp-json\/wp\/v2\/pages"}],"about":[{"href":"http:\/\/www.efj.press\/nicolasroxo\/wp-json\/wp\/v2\/types\/page"}],"author":[{"embeddable":true,"href":"http:\/\/www.efj.press\/nicolasroxo\/wp-json\/wp\/v2\/users\/140"}],"replies":[{"embeddable":true,"href":"http:\/\/www.efj.press\/nicolasroxo\/wp-json\/wp\/v2\/comments?post=15"}],"version-history":[{"count":9,"href":"http:\/\/www.efj.press\/nicolasroxo\/wp-json\/wp\/v2\/pages\/15\/revisions"}],"predecessor-version":[{"id":123,"href":"http:\/\/www.efj.press\/nicolasroxo\/wp-json\/wp\/v2\/pages\/15\/revisions\/123"}],"wp:attachment":[{"href":"http:\/\/www.efj.press\/nicolasroxo\/wp-json\/wp\/v2\/media?parent=15"}],"curies":[{"name":"wp","href":"https:\/\/api.w.org\/{rel}","templated":true}]}}