{"id":103,"date":"2016-12-06T15:18:34","date_gmt":"2016-12-06T14:18:34","guid":{"rendered":"http:\/\/www.efj.press\/nicolasroxo\/?page_id=103"},"modified":"2016-12-07T20:19:20","modified_gmt":"2016-12-07T19:19:20","slug":"portrait","status":"publish","type":"page","link":"http:\/\/www.efj.press\/nicolasroxo\/portrait\/","title":{"rendered":"Portrait"},"content":{"rendered":"<p>&nbsp;<\/p>\n<p>Sur cette page vous trouverez des\u00a0portraits sur diff\u00e9rents artistes ou \u00a0po\u00e8tes.<\/p>\n<p>&nbsp;<\/p>\n<p><strong><img loading=\"lazy\" decoding=\"async\" class=\"alignnone size-medium wp-image-111\" src=\"http:\/\/www.efj.press\/nicolasroxo\/wp-content\/uploads\/sites\/160\/2016\/12\/zingaro-pics-300x240.jpg\" alt=\"zingaro-pics\" width=\"300\" height=\"240\" srcset=\"http:\/\/www.efj.press\/nicolasroxo\/wp-content\/uploads\/sites\/160\/2016\/12\/zingaro-pics-300x240.jpg 300w, http:\/\/www.efj.press\/nicolasroxo\/wp-content\/uploads\/sites\/160\/2016\/12\/zingaro-pics.jpg 600w\" sizes=\"(max-width: 300px) 100vw, 300px\" \/><\/strong><\/p>\n<p><strong>Le sacr\u00e9 coeur d\u2019Astolfo Zingaro<\/strong><\/p>\n<p>Astolfo Zingaro, ce nom ne vous dit pas grand chose pourtant vous l\u2019avez sans doutes aper\u00e7u dans les rues du XIX\u00e8me arrondissement de Paris. Peintre depuis des ann\u00e9es \u00e0 la place Montmartre ses peintures sont difficilement comptable.<\/p>\n<p>\u201cC\u2019est venu d\u2019un coup \u201d, voil\u00e0 ce que nous dit Astolfo Zingaro en parlant de son art. Ce sc\u00e9nario lui m\u00eame ne l\u2019avait pas pr\u00e9vu. En se baladant de temps \u00e0 autre \u00e0 la place du Tertre voyant tous ces artistes peindre il d\u00e9cida d\u2019avancer vers la peinture \u00e0 son tour. D\u00e8s le premier coup de pinceau il se sentit dans son \u00e9l\u00e9ment, tout fut instinctif, il se laissa porter par la toile et c\u2019\u00e9tait parti, sa voie fut toute trouv\u00e9e.<br \/>\nN\u00e9anmoins chaque m\u00e9tier a ses complexit\u00e9s, Zingaro l\u2019a vite compris et les difficult\u00e9s sont tr\u00e8s vite apparues, l&rsquo;absence d&rsquo;\u00e9motions par les passants ou bien le manque de curiosit\u00e9 de certains, de reconnaissance sont des sentiments avec lesquels Astolfo doit vivre chaque jour. Il comprit aussi tr\u00e8s rapidement que son plus grand combat sera une lutte contre lui m\u00eame. Tomber dans l\u2019oublie, se perdre ou bien \u00eatre atteint par la folie sont des risques auxquels d\u2019innombrables po\u00e8tes ou peintres ont \u00e9t\u00e9 touch\u00e9s allant pour certains jusqu&rsquo;\u00e0 la mort. Tenir le coup est son ma\u00eetre mot, Zingaro l\u2019a tr\u00e8s bien compris et tr\u00e8s vite, ne pas se lamenter sur son sort alors que c\u2019est nous qui l\u2019avons d\u00e9cid\u00e9 voil\u00e0 ce qu\u2019il faut faire pour le peintre, pour lui il faut rester fort devant toute \u00e9ventualit\u00e9 et contrainte.<br \/>\nIl pr\u00e9tend que devant les moqueries ou le manque de reconnaissance rester vaillant et noble et est que rien ne sert de se camoufler lorsqu\u2019on pense que nos travaux ne m\u00e9ritent pas la lumi\u00e8re. Astolfo continua alors de peindre des toiles que \u00e7a plaise ou non au public, son style tr\u00e8s abstrait pour les passants ne l&rsquo;\u00e9tait pas pour lui. Son art repr\u00e9sente \u00e0 ses yeux des moments de la vie de tous les jours, son imagination ne s&rsquo;arr\u00eate jamais, il peint ce qu\u2019il d\u00e9sire tout en restant proche de la r\u00e9alit\u00e9. Ce style tr\u00e8s contemporain et moderne qu\u2018il donne \u00e0 ses oeuvres montre un d\u00e9sir \u00e0 s\u2019ouvrir vers le monde. \u201cc\u2019est l\u2019aventure\u201d pr\u00e9cise t-il avec ce style il se permet d\u2019\u00e9largir ses horizons. A l\u2019heure actuelle son imagination ne s\u2019est toujours pas interrompue, son souhait de continuer dans ce chemin reste in\u00e9branlable.<br \/>\nQuel est donc son secret pour perdurer aussi longtemps dans un monde ou les plus passionn\u00e9s meurent les premiers ?<br \/>\nSa r\u00e9ponse fut aussi belle que sa carri\u00e8re. Pour Astolfo Zingaro la r\u00e9ussite d\u2019une longue carri\u00e8re se r\u00e9sout \u00e0 se laisser diriger par ses envies ses tourmentes et ses \u00e9motions. Il faut savoir accepter l\u2019id\u00e9e de se faire contr\u00f4ler par la toile et non pas l\u2019inverse. Vouloir diriger tous faits et gestes sont les principaux rejets d\u2019une bonne toile. Avec aujourd\u2019hui 65 ans Astolfo Zingaro se retrouve dans une cat\u00e9gorie o\u00f9 seules les \u00e9lites de la peinture se retrouvent. Ses peintures sont toutes reconnaissables \u00e0 sa signature Zingaro couleur blanche.<br \/>\nAstolfo Zingaro aura pass\u00e9 la quasi totalit\u00e9 de sa vie \u00e0 rester sur la m\u00eame place, \u00eatre au m\u00eame lieu, mais toujours devant des milliers de passant diff\u00e9rents.<\/p>\n","protected":false},"excerpt":{"rendered":"<p>&nbsp; Sur cette page vous trouverez des\u00a0portraits sur diff\u00e9rents artistes ou \u00a0po\u00e8tes. &nbsp; Le sacr\u00e9 coeur d\u2019Astolfo Zingaro Astolfo Zingaro, ce nom ne vous dit pas grand chose pourtant vous l\u2019avez sans doutes aper\u00e7u dans les rues du XIX\u00e8me arrondissement de Paris. Peintre depuis des ann\u00e9es \u00e0 la place Montmartre ses peintures sont difficilement comptable. &hellip; <a href=\"http:\/\/www.efj.press\/nicolasroxo\/portrait\/\" class=\"more-link\">Continuer la lecture de <span class=\"screen-reader-text\">Portrait<\/span>  <span class=\"meta-nav\">&rarr;<\/span><\/a><\/p>\n","protected":false},"author":140,"featured_media":0,"parent":0,"menu_order":0,"comment_status":"closed","ping_status":"closed","template":"","meta":{"footnotes":""},"_links":{"self":[{"href":"http:\/\/www.efj.press\/nicolasroxo\/wp-json\/wp\/v2\/pages\/103"}],"collection":[{"href":"http:\/\/www.efj.press\/nicolasroxo\/wp-json\/wp\/v2\/pages"}],"about":[{"href":"http:\/\/www.efj.press\/nicolasroxo\/wp-json\/wp\/v2\/types\/page"}],"author":[{"embeddable":true,"href":"http:\/\/www.efj.press\/nicolasroxo\/wp-json\/wp\/v2\/users\/140"}],"replies":[{"embeddable":true,"href":"http:\/\/www.efj.press\/nicolasroxo\/wp-json\/wp\/v2\/comments?post=103"}],"version-history":[{"count":8,"href":"http:\/\/www.efj.press\/nicolasroxo\/wp-json\/wp\/v2\/pages\/103\/revisions"}],"predecessor-version":[{"id":118,"href":"http:\/\/www.efj.press\/nicolasroxo\/wp-json\/wp\/v2\/pages\/103\/revisions\/118"}],"wp:attachment":[{"href":"http:\/\/www.efj.press\/nicolasroxo\/wp-json\/wp\/v2\/media?parent=103"}],"curies":[{"name":"wp","href":"https:\/\/api.w.org\/{rel}","templated":true}]}}