{"id":54,"date":"2016-11-28T22:33:08","date_gmt":"2016-11-28T21:33:08","guid":{"rendered":"http:\/\/www.efj.press\/maximecoupeau\/?page_id=54"},"modified":"2018-10-25T14:07:11","modified_gmt":"2018-10-25T13:07:11","slug":"acceuil","status":"publish","type":"page","link":"http:\/\/www.efj.press\/maximecoupeau\/","title":{"rendered":"ACCUEIL"},"content":{"rendered":"<p style=\"text-align: justify\">Ch\u00e8r(e)s internautes,<\/p>\n<p class=\"p1\" style=\"text-align: justify\"><span class=\"s1\">Neutralit\u00e9, objectivit\u00e9 et r\u00e9flexion sont les ma\u00eetres mots de ce m\u00e9tier si fascinant. Le journalisme c\u2019est la passion de l\u2019information.\u00a0<\/span><span class=\"s1\">Cette passion de l\u2019information d\u00e9coule de cet attrait pour l\u2019investigation. <\/span><\/p>\n<p class=\"p1\" style=\"text-align: justify\"><span class=\"s1\">Dans ce sens, et comme le disait avec ferveur, No\u00ebl Mam\u00e8re : \u201cL\u2019information est l&rsquo;oxyg\u00e8ne des temps modernes.\u201d. Ainsi, pour assurer cette croisade de la \u00ab\u00a0V\u00e9rit\u00e9\u00a0\u00bb, tous les journalistes se doivent d\u2019offrir un oeil neuf et attentif aux mutations de notre soci\u00e9t\u00e9 contemporaine.<\/span><\/p>\n<p class=\"p1\" style=\"text-align: justify\"><span class=\"s1\">Ces objecteurs de conscience, h\u00e9rauts du scientisme et jouteurs \u00e9m\u00e9rites de l\u2019honn\u00eatet\u00e9 intellectuelle, incarnent la nouvelle forme d\u2019espoir du pouvoir de la rue.\u00a0<\/span><\/p>\n<p class=\"p1\" style=\"text-align: justify\"><span class=\"s1\">Une ind\u00e9pendance \u00e9ditoriale fi\u00e8rement brandie contre la vilenie des investisseurs priv\u00e9s. Alors, ne craignez plus les fakes news et autres calomnies politiques ! Les journalistes veillent et assureront \u00e0 jamais, la Libert\u00e9. <span class=\"Apple-converted-space\">\u00a0 <\/span>\u00a0<\/span><\/p>\n<p style=\"text-align: justify\">Bonne visite \u00e0 tous du site.<\/p>\n<p style=\"text-align: justify\"><strong>Me suivre sur les r\u00e9seaux sociaux :<\/strong><\/p>\n<p style=\"text-align: justify\"><a style=\"color: #000000\" href=\"https:\/\/twitter.com\/coupeau_maxime?lang=fr\" target=\"_blank\"><img loading=\"lazy\" decoding=\"async\" class=\"alignnone wp-image-55\" src=\"http:\/\/www.efj.press\/maximecoupeau\/wp-content\/uploads\/sites\/143\/2016\/11\/twitter_maxime.jpg\" alt=\"twitter_maxime\" width=\"49\" height=\"49\" \/>\u00a0@coupeau_maxime<\/a><\/p>\n<p class=\"alignnone\" style=\"text-align: justify\" title=\"https:\/\/twitter.com\/coupeau_maxime?lang=fr\">\u00a0<a href=\"https:\/\/www.facebook.com\/maxime.coupeau\"><img loading=\"lazy\" decoding=\"async\" class=\"alignnone wp-image-56\" src=\"http:\/\/www.efj.press\/maximecoupeau\/wp-content\/uploads\/sites\/143\/2016\/11\/facebookmaxime.jpg\" alt=\"facebookmaxime\" width=\"47\" height=\"47\" \/><\/a>\u00a0<a href=\"https:\/\/www.facebook.com\/memoirehistoireblog\" target=\"_blank\"><span style=\"color: #000000\">@memoire&amp;histoire<\/span><\/a><\/p>\n<p class=\"alignnone\" style=\"text-align: justify\" title=\"https:\/\/twitter.com\/coupeau_maxime?lang=fr\"><img loading=\"lazy\" decoding=\"async\" class=\"https:\/\/www.instagram.com\/maximecoupeaupro\/ alignnone wp-image-995\" title=\"https:\/\/www.instagram.com\/maximecoupeaupro\/\" src=\"http:\/\/www.efj.press\/maximecoupeau\/wp-content\/uploads\/sites\/143\/2016\/11\/download.jpg\" alt=\"download\" width=\"66\" height=\"66\" srcset=\"http:\/\/www.efj.press\/maximecoupeau\/wp-content\/uploads\/sites\/143\/2016\/11\/download.jpg 225w, http:\/\/www.efj.press\/maximecoupeau\/wp-content\/uploads\/sites\/143\/2016\/11\/download-150x150.jpg 150w\" sizes=\"(max-width: 66px) 100vw, 66px\" \/><span style=\"color: #000000\"><a style=\"color: #000000\" href=\"https:\/\/www.instagram.com\/maximecoupeaupro\/\" target=\"_blank\">@maximecoupeaupro\u00a0<\/a><\/span><\/p>\n<p class=\"alignnone\" style=\"text-align: justify\" title=\"https:\/\/twitter.com\/coupeau_maxime?lang=fr\"><img loading=\"lazy\" decoding=\"async\" class=\"alignnone wp-image-996\" src=\"http:\/\/www.efj.press\/maximecoupeau\/wp-content\/uploads\/sites\/143\/2016\/11\/download.png\" alt=\"download\" width=\"60\" height=\"60\" srcset=\"http:\/\/www.efj.press\/maximecoupeau\/wp-content\/uploads\/sites\/143\/2016\/11\/download.png 225w, http:\/\/www.efj.press\/maximecoupeau\/wp-content\/uploads\/sites\/143\/2016\/11\/download-150x150.png 150w\" sizes=\"(max-width: 60px) 100vw, 60px\" \/><span style=\"color: #000000\"><a style=\"color: #000000\" href=\"https:\/\/www.youtube.com\/channel\/UCVzvU_nej4YRtSK7PUFb7wA\" target=\"_blank\">@maximecoupeau<\/a><\/span><\/p>\n","protected":false},"excerpt":{"rendered":"<p>Ch\u00e8r(e)s internautes, Neutralit\u00e9, objectivit\u00e9 et r\u00e9flexion sont les ma\u00eetres mots de ce m\u00e9tier si fascinant. Le journalisme c\u2019est la passion de l\u2019information.\u00a0Cette passion de l\u2019information d\u00e9coule de cet attrait pour l\u2019investigation. Dans ce sens, et comme le disait avec ferveur, No\u00ebl Mam\u00e8re : \u201cL\u2019information est l&rsquo;oxyg\u00e8ne des temps modernes.\u201d. Ainsi, pour assurer cette croisade de &hellip; <a href=\"http:\/\/www.efj.press\/maximecoupeau\/\" class=\"more-link\">Continuer la lecture de <span class=\"screen-reader-text\">ACCUEIL<\/span>  <span class=\"meta-nav\">&rarr;<\/span><\/a><\/p>\n","protected":false},"author":124,"featured_media":0,"parent":0,"menu_order":0,"comment_status":"closed","ping_status":"closed","template":"","meta":{"footnotes":""},"_links":{"self":[{"href":"http:\/\/www.efj.press\/maximecoupeau\/wp-json\/wp\/v2\/pages\/54"}],"collection":[{"href":"http:\/\/www.efj.press\/maximecoupeau\/wp-json\/wp\/v2\/pages"}],"about":[{"href":"http:\/\/www.efj.press\/maximecoupeau\/wp-json\/wp\/v2\/types\/page"}],"author":[{"embeddable":true,"href":"http:\/\/www.efj.press\/maximecoupeau\/wp-json\/wp\/v2\/users\/124"}],"replies":[{"embeddable":true,"href":"http:\/\/www.efj.press\/maximecoupeau\/wp-json\/wp\/v2\/comments?post=54"}],"version-history":[{"count":19,"href":"http:\/\/www.efj.press\/maximecoupeau\/wp-json\/wp\/v2\/pages\/54\/revisions"}],"predecessor-version":[{"id":1007,"href":"http:\/\/www.efj.press\/maximecoupeau\/wp-json\/wp\/v2\/pages\/54\/revisions\/1007"}],"wp:attachment":[{"href":"http:\/\/www.efj.press\/maximecoupeau\/wp-json\/wp\/v2\/media?parent=54"}],"curies":[{"name":"wp","href":"https:\/\/api.w.org\/{rel}","templated":true}]}}