{"id":67,"date":"2016-11-30T13:56:41","date_gmt":"2016-11-30T12:56:41","guid":{"rendered":"http:\/\/www.efj.press\/mathislevieux\/?page_id=67"},"modified":"2016-11-30T16:05:33","modified_gmt":"2016-11-30T15:05:33","slug":"mojo","status":"publish","type":"page","link":"http:\/\/www.efj.press\/mathislevieux\/mes-projets\/mojo\/","title":{"rendered":"Equalizer Mag"},"content":{"rendered":"<p><a href=\"http:\/\/equalizer-mag.com\">equalizer-mag.com<\/a><\/p>\n<p>Le site d&rsquo;actualit\u00e9s musicales destin\u00e9 \u00e0 la nouvelle g\u00e9n\u00e9ration ! News, interviews et reportages pour rester connect\u00e9 au monde de la musique !<\/p>\n<p>La r\u00e9daction d&rsquo;Equalizer c&rsquo;est tout d&rsquo;abord une bande de potes, qui partagent une passion commune pour\u00a0la musique. Une \u00e9mission radio, des articles,\u00a0c&rsquo;est tout ce qu&rsquo;il vous faut pour suivre l&rsquo;actualit\u00e9\u00a0musicale dans une ambiance d\u00e9tendue !<\/p>\n","protected":false},"excerpt":{"rendered":"<p>equalizer-mag.com Le site d&rsquo;actualit\u00e9s musicales destin\u00e9 \u00e0 la nouvelle g\u00e9n\u00e9ration ! News, interviews et reportages pour rester connect\u00e9 au monde de la musique ! La r\u00e9daction d&rsquo;Equalizer c&rsquo;est tout d&rsquo;abord une bande de potes, qui partagent une passion commune pour\u00a0la musique. Une \u00e9mission radio, des articles,\u00a0c&rsquo;est tout ce qu&rsquo;il vous faut pour suivre l&rsquo;actualit\u00e9\u00a0musicale dans &hellip; <a href=\"http:\/\/www.efj.press\/mathislevieux\/mes-projets\/mojo\/\" class=\"more-link\">Continuer la lecture de <span class=\"screen-reader-text\">Equalizer Mag<\/span>  <span class=\"meta-nav\">&rarr;<\/span><\/a><\/p>\n","protected":false},"author":132,"featured_media":77,"parent":113,"menu_order":0,"comment_status":"closed","ping_status":"closed","template":"","meta":{"footnotes":""},"_links":{"self":[{"href":"http:\/\/www.efj.press\/mathislevieux\/wp-json\/wp\/v2\/pages\/67"}],"collection":[{"href":"http:\/\/www.efj.press\/mathislevieux\/wp-json\/wp\/v2\/pages"}],"about":[{"href":"http:\/\/www.efj.press\/mathislevieux\/wp-json\/wp\/v2\/types\/page"}],"author":[{"embeddable":true,"href":"http:\/\/www.efj.press\/mathislevieux\/wp-json\/wp\/v2\/users\/132"}],"replies":[{"embeddable":true,"href":"http:\/\/www.efj.press\/mathislevieux\/wp-json\/wp\/v2\/comments?post=67"}],"version-history":[{"count":8,"href":"http:\/\/www.efj.press\/mathislevieux\/wp-json\/wp\/v2\/pages\/67\/revisions"}],"predecessor-version":[{"id":119,"href":"http:\/\/www.efj.press\/mathislevieux\/wp-json\/wp\/v2\/pages\/67\/revisions\/119"}],"up":[{"embeddable":true,"href":"http:\/\/www.efj.press\/mathislevieux\/wp-json\/wp\/v2\/pages\/113"}],"wp:featuredmedia":[{"embeddable":true,"href":"http:\/\/www.efj.press\/mathislevieux\/wp-json\/wp\/v2\/media\/77"}],"wp:attachment":[{"href":"http:\/\/www.efj.press\/mathislevieux\/wp-json\/wp\/v2\/media?parent=67"}],"curies":[{"name":"wp","href":"https:\/\/api.w.org\/{rel}","templated":true}]}}