{"id":61,"date":"2016-11-30T13:55:22","date_gmt":"2016-11-30T12:55:22","guid":{"rendered":"http:\/\/www.efj.press\/mathislevieux\/?page_id=61"},"modified":"2016-11-30T16:07:09","modified_gmt":"2016-11-30T15:07:09","slug":"curriculum-vitae","status":"publish","type":"page","link":"http:\/\/www.efj.press\/mathislevieux\/curriculum-vitae\/","title":{"rendered":"Curriculum Vitae"},"content":{"rendered":"<p><strong>Mathis Levieux<\/strong><\/p>\n<ul>\n<li>115 route de Saint-Nom, 78620 &#8211; L&rsquo;Etang-la-ville<\/li>\n<li>0624907829<\/li>\n<li>mathis.levieux@efj.fr<\/li>\n<\/ul>\n<hr \/>\n<p><strong>Exp\u00e9rience :<\/strong><\/p>\n<blockquote><p><strong>R\u00e9dacteur web \/ Chroniqueur radio, Equalizer Mag\u00a0: depuis Novembre 2016<\/strong><\/p><\/blockquote>\n<p>Missions et t\u00e2ches r\u00e9alis\u00e9es :<\/p>\n<ul>\n<li>r\u00e9daction d\u2019articles web<\/li>\n<li>construction du site web<\/li>\n<li>community manager<\/li>\n<li>chroniqueur et animateur web-radio<\/li>\n<\/ul>\n<hr \/>\n<blockquote><p><strong>Vendeur, Le C\u00e8dre Rouge\u00a0: depuis Septembre 2015<\/strong><\/p><\/blockquote>\n<p>Missions et t\u00e2ches r\u00e9alis\u00e9es :<\/p>\n<ul>\n<li>accueil client\u00e8le<\/li>\n<li>caisse<\/li>\n<li>conseil de vente<\/li>\n<\/ul>\n<hr \/>\n<blockquote><p><strong>Stagiaire, Canal+\u00a0: F\u00e9vrier 2013<\/strong><\/p><\/blockquote>\n<p>Missions et t\u00e2ches r\u00e9alis\u00e9es :<\/p>\n<ul>\n<li>montage de reportage pr\u00eat \u00e0 diffuser<\/li>\n<li>observation de la diffusion directe en r\u00e9gie &#8211; rencontre avec les journalistes<\/li>\n<\/ul>\n<p>&nbsp;<\/p>\n<p><strong>Formation et dipl\u00f4mes :<\/strong><\/p>\n<blockquote><p><strong><em>EFJ<\/em><\/strong><\/p><\/blockquote>\n<p>Journalisme plurim\u00e9dia, 2016 &#8211; 2019<\/p>\n<hr \/>\n<blockquote><p><strong><em>Institut Saint-Thomas de Villeneuve<\/em><\/strong><\/p><\/blockquote>\n<p>Baccalaur\u00e9at G\u00e9n\u00e9ral, Economique et Sociale (ES) option Sciences Politiques, 2014 &#8211; 2016<\/p>\n<p>&nbsp;<\/p>\n<p><strong>Comp\u00e9tences et expertise :<\/strong><\/p>\n<p>Journalisme<\/p>\n<hr \/>\n<p>Musique<\/p>\n<hr \/>\n<p>Data journalisme\u00a0Journalisme plurim\u00e9dia<\/p>\n<p>&nbsp;<\/p>\n<p><strong>Langues :<\/strong><\/p>\n<p>Fran\u00e7ais<\/p>\n<hr \/>\n<p>Anglais<\/p>\n<hr \/>\n<p>Espagnol (scolaire)<\/p>\n","protected":false},"excerpt":{"rendered":"<p>Mathis Levieux 115 route de Saint-Nom, 78620 &#8211; L&rsquo;Etang-la-ville 0624907829 mathis.levieux@efj.fr Exp\u00e9rience : R\u00e9dacteur web \/ Chroniqueur radio, Equalizer Mag\u00a0: depuis Novembre 2016 Missions et t\u00e2ches r\u00e9alis\u00e9es : r\u00e9daction d\u2019articles web construction du site web community manager chroniqueur et animateur web-radio Vendeur, Le C\u00e8dre Rouge\u00a0: depuis Septembre 2015 Missions et t\u00e2ches r\u00e9alis\u00e9es : accueil client\u00e8le &hellip; <a href=\"http:\/\/www.efj.press\/mathislevieux\/curriculum-vitae\/\" class=\"more-link\">Continuer la lecture de <span class=\"screen-reader-text\">Curriculum Vitae<\/span>  <span class=\"meta-nav\">&rarr;<\/span><\/a><\/p>\n","protected":false},"author":132,"featured_media":0,"parent":0,"menu_order":0,"comment_status":"closed","ping_status":"closed","template":"","meta":{"footnotes":""},"_links":{"self":[{"href":"http:\/\/www.efj.press\/mathislevieux\/wp-json\/wp\/v2\/pages\/61"}],"collection":[{"href":"http:\/\/www.efj.press\/mathislevieux\/wp-json\/wp\/v2\/pages"}],"about":[{"href":"http:\/\/www.efj.press\/mathislevieux\/wp-json\/wp\/v2\/types\/page"}],"author":[{"embeddable":true,"href":"http:\/\/www.efj.press\/mathislevieux\/wp-json\/wp\/v2\/users\/132"}],"replies":[{"embeddable":true,"href":"http:\/\/www.efj.press\/mathislevieux\/wp-json\/wp\/v2\/comments?post=61"}],"version-history":[{"count":7,"href":"http:\/\/www.efj.press\/mathislevieux\/wp-json\/wp\/v2\/pages\/61\/revisions"}],"predecessor-version":[{"id":121,"href":"http:\/\/www.efj.press\/mathislevieux\/wp-json\/wp\/v2\/pages\/61\/revisions\/121"}],"wp:attachment":[{"href":"http:\/\/www.efj.press\/mathislevieux\/wp-json\/wp\/v2\/media?parent=61"}],"curies":[{"name":"wp","href":"https:\/\/api.w.org\/{rel}","templated":true}]}}