{"id":55,"date":"2015-10-20T11:28:24","date_gmt":"2015-10-20T10:28:24","guid":{"rendered":"http:\/\/www.efj.press\/maelleauriol\/?page_id=55"},"modified":"2015-12-03T13:00:30","modified_gmt":"2015-12-03T12:00:30","slug":"a-propos-de-ce-blog","status":"publish","type":"page","link":"http:\/\/www.efj.press\/maelleauriol\/a-propos-de-ce-blog\/","title":{"rendered":"Ma grande enqu\u00eate"},"content":{"rendered":"<p>Nous vous invitons \u00e0 d\u00e9couvrir notre <a href=\"http:\/\/www.efj.press\/maelleauriol\/a-propos-de-ce-blog\/le-reportage\/\">reportage<\/a> vid\u00e9o, ainsi que des diff\u00e9rents contenus annexes comme\u00a0<a href=\"http:\/\/www.efj.press\/maelleauriol\/a-propos-de-ce-blog\/les-dessous-de-lenquete\/\">Les coulisses de l&rsquo;enqu\u00eate<\/a>,\u00a0<a href=\"http:\/\/www.efj.press\/maelleauriol\/a-propos-de-ce-blog\/ils-ont-participe\/\">Ils ont particip\u00e9&#8230;<\/a>\u00a0ou\u00a0<a href=\"http:\/\/www.efj.press\/maelleauriol\/a-propos-de-ce-blog\/pour-aller-plus-loin\/\">Pour aller plus loin&#8230;<\/a><\/p>\n<p>Bonne lecture !<\/p>\n","protected":false},"excerpt":{"rendered":"<p>Nous vous invitons \u00e0 d\u00e9couvrir notre reportage vid\u00e9o, ainsi que des diff\u00e9rents contenus annexes comme\u00a0Les coulisses de l&rsquo;enqu\u00eate,\u00a0Ils ont particip\u00e9&#8230;\u00a0ou\u00a0Pour aller plus loin&#8230; Bonne lecture !<\/p>\n","protected":false},"author":4,"featured_media":198,"parent":0,"menu_order":0,"comment_status":"closed","ping_status":"closed","template":"","meta":{"footnotes":""},"_links":{"self":[{"href":"http:\/\/www.efj.press\/maelleauriol\/wp-json\/wp\/v2\/pages\/55"}],"collection":[{"href":"http:\/\/www.efj.press\/maelleauriol\/wp-json\/wp\/v2\/pages"}],"about":[{"href":"http:\/\/www.efj.press\/maelleauriol\/wp-json\/wp\/v2\/types\/page"}],"author":[{"embeddable":true,"href":"http:\/\/www.efj.press\/maelleauriol\/wp-json\/wp\/v2\/users\/4"}],"replies":[{"embeddable":true,"href":"http:\/\/www.efj.press\/maelleauriol\/wp-json\/wp\/v2\/comments?post=55"}],"version-history":[{"count":12,"href":"http:\/\/www.efj.press\/maelleauriol\/wp-json\/wp\/v2\/pages\/55\/revisions"}],"predecessor-version":[{"id":240,"href":"http:\/\/www.efj.press\/maelleauriol\/wp-json\/wp\/v2\/pages\/55\/revisions\/240"}],"wp:featuredmedia":[{"embeddable":true,"href":"http:\/\/www.efj.press\/maelleauriol\/wp-json\/wp\/v2\/media\/198"}],"wp:attachment":[{"href":"http:\/\/www.efj.press\/maelleauriol\/wp-json\/wp\/v2\/media?parent=55"}],"curies":[{"name":"wp","href":"https:\/\/api.w.org\/{rel}","templated":true}]}}