{"id":291,"date":"2015-12-09T15:09:11","date_gmt":"2015-12-09T14:09:11","guid":{"rendered":"http:\/\/www.efj.press\/maelleauriol\/?page_id=291"},"modified":"2015-12-09T15:22:17","modified_gmt":"2015-12-09T14:22:17","slug":"travaux-radio","status":"publish","type":"page","link":"http:\/\/www.efj.press\/maelleauriol\/travaux-radio\/","title":{"rendered":"Mes travaux"},"content":{"rendered":"<h1>Voici quelques\u00a0reportages que j&rsquo;ai pu r\u00e9aliser lors de mon dernier stage chez Radio Notre Dame.<\/h1>\n<ul>\n<li><strong><a href=\"http:\/\/radionotredame.net\/2015\/temoignage\/aout-secours-alimentaire-aide-demunis-ete-39047\/\" target=\"_blank\">Alors que la plupart des associations d&rsquo;aide alimentaire ferment leurs portes au cours de l&rsquo;\u00e9t\u00e9, Ao\u00fbt secours alimentaire accueille les plus d\u00e9munis.<\/a><\/strong><\/li>\n<\/ul>\n<ul>\n<li style=\"text-align: justify;\"><strong><a href=\"http:\/\/radionotredame.net\/2015\/societe\/fin-de-vie-debat-assemblee-nationale-34388\/\" target=\"_blank\">Fin de vie : un d\u00e9bat sensible \u00e0 l\u2019Assembl\u00e9e<\/a><\/strong><\/li>\n<\/ul>\n<ul>\n<li style=\"text-align: justify;\"><strong><strong><a href=\"http:\/\/radionotredame.net\/2015\/temoignage\/fin-de-vie-avis-cyrille-magali-jeanteur-locked-in-syndrome-34810\/\" target=\"_blank\">A la suite d&rsquo;un accident de voiture, Cyrille Jeanteur est atteint du \u00ab\u00a0locked-in syndrome\u00a0\u00bb. La loi sur la fin de vie ? Une source d&rsquo;inqui\u00e9tudes pour sa femme et lui.<\/a><\/strong><\/strong><\/li>\n<\/ul>\n<ul>\n<li style=\"text-align: justify;\">\n<p class=\"description\"><strong><a href=\"http:\/\/radionotredame.net\/2015\/vie-de-leglise\/pme-francaise-protege-colonnes-vatican-36489\/\" target=\"_blank\">L&rsquo;entreprise fran\u00e7aise Guard Industrie a d\u00e9croch\u00e9 un contrat pour la protection des colonnes de la place Saint-Pierre, au Vatican.<\/a><\/strong><\/p>\n<\/li>\n<li style=\"text-align: justify;\"><strong><a href=\"http:\/\/radionotredame.net\/2015\/societe\/rencontre-portrait-marthe-robin-37179\/\" target=\"_blank\">Catholique mystique et fondatrice des foyers de charit\u00e9, Marthe Robin a accueilli \u00e0 son chevet plus de cent mille personnes. Portrait de l&rsquo;un de ses visiteurs.<\/a><\/strong><\/li>\n<\/ul>\n<ul>\n<li style=\"text-align: justify;\">\n<p class=\"blue-pipe\"><strong><a title=\"Permalien vers Gaspillage alimentaire : les solutions du rapport Garot\" href=\"http:\/\/radionotredame.net\/2015\/societe\/gaspillage-alimentaire-solutions-rapport-garot-35932\/\">Gaspillage alimentaire : les solutions du rapport Garot<\/a><\/strong><\/p>\n<\/li>\n<li style=\"text-align: justify;\">\n<p class=\"blue-pipe\"><strong><a title=\"Permalien vers Les orgues de Paris, un patrimoine menac\u00e9\" href=\"http:\/\/radionotredame.net\/2015\/vie-de-leglise\/orgues-paris-patrimoine-menace-36959\/\">Les orgues de Paris, un patrimoine menac\u00e9<\/a><\/strong><\/p>\n<\/li>\n<\/ul>\n<h2><\/h2>\n<p>&nbsp;<\/p>\n","protected":false},"excerpt":{"rendered":"<p>Voici quelques\u00a0reportages que j&rsquo;ai pu r\u00e9aliser lors de mon dernier stage chez Radio Notre Dame. Alors que la plupart des associations d&rsquo;aide alimentaire ferment leurs portes au cours de l&rsquo;\u00e9t\u00e9, Ao\u00fbt secours alimentaire accueille les plus d\u00e9munis. Fin de vie : un d\u00e9bat sensible \u00e0 l\u2019Assembl\u00e9e A la suite d&rsquo;un accident de voiture, Cyrille Jeanteur &hellip; <a href=\"http:\/\/www.efj.press\/maelleauriol\/travaux-radio\/\" class=\"more-link\">Continuer la lecture de <span class=\"screen-reader-text\">Mes travaux<\/span>  <span class=\"meta-nav\">&rarr;<\/span><\/a><\/p>\n","protected":false},"author":4,"featured_media":0,"parent":0,"menu_order":0,"comment_status":"closed","ping_status":"closed","template":"","meta":{"footnotes":""},"_links":{"self":[{"href":"http:\/\/www.efj.press\/maelleauriol\/wp-json\/wp\/v2\/pages\/291"}],"collection":[{"href":"http:\/\/www.efj.press\/maelleauriol\/wp-json\/wp\/v2\/pages"}],"about":[{"href":"http:\/\/www.efj.press\/maelleauriol\/wp-json\/wp\/v2\/types\/page"}],"author":[{"embeddable":true,"href":"http:\/\/www.efj.press\/maelleauriol\/wp-json\/wp\/v2\/users\/4"}],"replies":[{"embeddable":true,"href":"http:\/\/www.efj.press\/maelleauriol\/wp-json\/wp\/v2\/comments?post=291"}],"version-history":[{"count":7,"href":"http:\/\/www.efj.press\/maelleauriol\/wp-json\/wp\/v2\/pages\/291\/revisions"}],"predecessor-version":[{"id":299,"href":"http:\/\/www.efj.press\/maelleauriol\/wp-json\/wp\/v2\/pages\/291\/revisions\/299"}],"wp:attachment":[{"href":"http:\/\/www.efj.press\/maelleauriol\/wp-json\/wp\/v2\/media?parent=291"}],"curies":[{"name":"wp","href":"https:\/\/api.w.org\/{rel}","templated":true}]}}