{"id":234,"date":"2015-12-03T12:26:32","date_gmt":"2015-12-03T11:26:32","guid":{"rendered":"http:\/\/www.efj.press\/maelleauriol\/?page_id=234"},"modified":"2015-12-09T15:27:51","modified_gmt":"2015-12-09T14:27:51","slug":"accueil","status":"publish","type":"page","link":"http:\/\/www.efj.press\/maelleauriol\/","title":{"rendered":"ACCUEIL"},"content":{"rendered":"<h1>Bienvenue sur mon blog !<\/h1>\n<hr \/>\n<p><strong>Deux rubriques principales composent cet espace personel :<\/strong><\/p>\n<div class=\"entry-content\">\n<p>&gt;\u00a0<a href=\"http:\/\/www.efj.press\/maelleauriol\/a-propos-de-ce-blog\/le-reportage\/\" target=\"_blank\">MA GRANDE ENQUETE :<\/a> restitution online du travail d\u2019enqu\u00eate r\u00e9alis\u00e9 dans le cadre de ma formation<\/p>\n<p>&gt;\u00a0<a href=\"http:\/\/www.efj.press\/maelleauriol\/a-propos-de-moi\/\">A PROPOS DE MOI : <\/a>une pr\u00e9sentation de mon cursus, de ma personnalit\u00e9, de mes projets,\u2026<\/p>\n<\/div>\n","protected":false},"excerpt":{"rendered":"<p>Bienvenue sur mon blog ! Deux rubriques principales composent cet espace personel : &gt;\u00a0MA GRANDE ENQUETE : restitution online du travail d\u2019enqu\u00eate r\u00e9alis\u00e9 dans le cadre de ma formation &gt;\u00a0A PROPOS DE MOI : une pr\u00e9sentation de mon cursus, de ma personnalit\u00e9, de mes projets,\u2026<\/p>\n","protected":false},"author":4,"featured_media":0,"parent":0,"menu_order":0,"comment_status":"closed","ping_status":"closed","template":"","meta":{"footnotes":""},"_links":{"self":[{"href":"http:\/\/www.efj.press\/maelleauriol\/wp-json\/wp\/v2\/pages\/234"}],"collection":[{"href":"http:\/\/www.efj.press\/maelleauriol\/wp-json\/wp\/v2\/pages"}],"about":[{"href":"http:\/\/www.efj.press\/maelleauriol\/wp-json\/wp\/v2\/types\/page"}],"author":[{"embeddable":true,"href":"http:\/\/www.efj.press\/maelleauriol\/wp-json\/wp\/v2\/users\/4"}],"replies":[{"embeddable":true,"href":"http:\/\/www.efj.press\/maelleauriol\/wp-json\/wp\/v2\/comments?post=234"}],"version-history":[{"count":6,"href":"http:\/\/www.efj.press\/maelleauriol\/wp-json\/wp\/v2\/pages\/234\/revisions"}],"predecessor-version":[{"id":237,"href":"http:\/\/www.efj.press\/maelleauriol\/wp-json\/wp\/v2\/pages\/234\/revisions\/237"}],"wp:attachment":[{"href":"http:\/\/www.efj.press\/maelleauriol\/wp-json\/wp\/v2\/media?parent=234"}],"curies":[{"name":"wp","href":"https:\/\/api.w.org\/{rel}","templated":true}]}}