{"id":184,"date":"2015-12-02T13:44:40","date_gmt":"2015-12-02T12:44:40","guid":{"rendered":"http:\/\/www.efj.press\/maelleauriol\/?page_id=184"},"modified":"2015-12-14T12:54:04","modified_gmt":"2015-12-14T11:54:04","slug":"le-reportage","status":"publish","type":"page","link":"http:\/\/www.efj.press\/maelleauriol\/a-propos-de-ce-blog\/le-reportage\/","title":{"rendered":"Le Reportage"},"content":{"rendered":"<h1><strong>La difficult\u00e9 d\u2019apprentissage des gestes m\u00e9dicaux. L\u2019exemple de la gyn\u00e9cologie.\u00a0<\/strong><\/h1>\n<p class=\"western\">Des \u00e9tudiants en m\u00e9decine peuvent-ils s\u2019exercer au toucher vaginal au bloc op\u00e9ratoire sur des patientes endormies ? La pol\u00e9mique est n\u00e9e apr\u00e8s la fuite d\u2019un document qui atteste qu\u2019il s\u2019agit d\u2019une consigne donn\u00e9e par certains centres hospitaliers universitaires. Quelle est l\u2019ampleur de cette pratique\u00a0? Quelle est la r\u00e9action des pouvoirs publiques\u00a0? Comment trouver un \u00e9quilibre entre former nos m\u00e9decins et respecter le droit des patients ?<\/p>\n<p class=\"western\"><strong>Une enqu\u00eate de Sixtine G\u00e9rard-Tasset et Ma\u00eblle Auriol\u00a0<\/strong><\/p>\n<p><iframe loading=\"lazy\" frameborder=\"0\" width=\"474\" height=\"268\" src=\"http:\/\/www.dailymotion.com\/embed\/video\/x3gikxp\" allowfullscreen><\/iframe><\/p>\n","protected":false},"excerpt":{"rendered":"<p>La difficult\u00e9 d\u2019apprentissage des gestes m\u00e9dicaux. L\u2019exemple de la gyn\u00e9cologie.\u00a0 Des \u00e9tudiants en m\u00e9decine peuvent-ils s\u2019exercer au toucher vaginal au bloc op\u00e9ratoire sur des patientes endormies ? La pol\u00e9mique est n\u00e9e apr\u00e8s la fuite d\u2019un document qui atteste qu\u2019il s\u2019agit d\u2019une consigne donn\u00e9e par certains centres hospitaliers universitaires. Quelle est l\u2019ampleur de cette pratique\u00a0? Quelle &hellip; <a href=\"http:\/\/www.efj.press\/maelleauriol\/a-propos-de-ce-blog\/le-reportage\/\" class=\"more-link\">Continuer la lecture de <span class=\"screen-reader-text\">Le Reportage<\/span>  <span class=\"meta-nav\">&rarr;<\/span><\/a><\/p>\n","protected":false},"author":4,"featured_media":0,"parent":55,"menu_order":1,"comment_status":"closed","ping_status":"closed","template":"","meta":{"footnotes":""},"_links":{"self":[{"href":"http:\/\/www.efj.press\/maelleauriol\/wp-json\/wp\/v2\/pages\/184"}],"collection":[{"href":"http:\/\/www.efj.press\/maelleauriol\/wp-json\/wp\/v2\/pages"}],"about":[{"href":"http:\/\/www.efj.press\/maelleauriol\/wp-json\/wp\/v2\/types\/page"}],"author":[{"embeddable":true,"href":"http:\/\/www.efj.press\/maelleauriol\/wp-json\/wp\/v2\/users\/4"}],"replies":[{"embeddable":true,"href":"http:\/\/www.efj.press\/maelleauriol\/wp-json\/wp\/v2\/comments?post=184"}],"version-history":[{"count":5,"href":"http:\/\/www.efj.press\/maelleauriol\/wp-json\/wp\/v2\/pages\/184\/revisions"}],"predecessor-version":[{"id":314,"href":"http:\/\/www.efj.press\/maelleauriol\/wp-json\/wp\/v2\/pages\/184\/revisions\/314"}],"up":[{"embeddable":true,"href":"http:\/\/www.efj.press\/maelleauriol\/wp-json\/wp\/v2\/pages\/55"}],"wp:attachment":[{"href":"http:\/\/www.efj.press\/maelleauriol\/wp-json\/wp\/v2\/media?parent=184"}],"curies":[{"name":"wp","href":"https:\/\/api.w.org\/{rel}","templated":true}]}}