{"id":155,"date":"2015-11-30T20:53:19","date_gmt":"2015-11-30T19:53:19","guid":{"rendered":"http:\/\/www.efj.press\/maelleauriol\/?page_id=155"},"modified":"2015-12-10T14:28:05","modified_gmt":"2015-12-10T13:28:05","slug":"ils-ont-participe","status":"publish","type":"page","link":"http:\/\/www.efj.press\/maelleauriol\/a-propos-de-ce-blog\/ils-ont-participe\/","title":{"rendered":"Ils ont particip\u00e9&#8230;"},"content":{"rendered":"<p><em>Voici la liste non-exhaustive de nos t\u00e9moins et intervenants&#8230;<\/em><\/p>\n<p><strong>Sarah Tixier<\/strong>, interne en gyn\u00e9cologie obst\u00e9trique au CHU d&rsquo;Angers <strong>Vincent Cr\u00e9paux<\/strong>, interne en m\u00e9decine de la procr\u00e9ation au CHU <strong>Marion Mourant<\/strong>, avocate sp\u00e9cialiste du droit des patients \u00a0 \u00a0 \u00a0 \u00a0 \u00a0 \u00a0 \u00a0 \u00a0 \u00a0 \u00a0 \u00a0 <strong>Guy Vallancien<\/strong>, gyn\u00e9cologue-urologue et directeur de l&rsquo;Ecole Europ\u00e9enne de Chirurgie \u00e0 Paris \u00a0 \u00a0 \u00a0 \u00a0 \u00a0 \u00a0 \u00a0 \u00a0 \u00a0 \u00a0 \u00a0 \u00a0 \u00a0 \u00a0 \u00a0 \u00a0 \u00a0 \u00a0 \u00a0 \u00a0 \u00a0 \u00a0 \u00a0 \u00a0 \u00a0 \u00a0 \u00a0 \u00a0 \u00a0 \u00a0 \u00a0 \u00a0 \u00a0 \u00a0 \u00a0 \u00a0 <strong>Vie de Carabin<\/strong>, interne anonyme. \u00a0 \u00a0 \u00a0 \u00a0 \u00a0 \u00a0 \u00a0 \u00a0 \u00a0 \u00a0 \u00a0 \u00a0 \u00a0 \u00a0 \u00a0 \u00a0 \u00a0 \u00a0 \u00a0 \u00a0 \u00a0 \u00a0 \u00a0 \u00a0 \u00a0 \u00a0 \u00a0 \u00a0 \u00a0 \u00a0 \u00a0 \u00a0 \u00a0 \u00a0 \u00a0 \u00a0 \u00a0 <strong>Anne-Charlotte Lamau<\/strong>, enseignante \u00e0 l&rsquo;universit\u00e9 de m\u00e9decine Descartes et chef de clinique \u00e0 Port-Royal \u00a0 \u00a0 \u00a0 \u00a0 \u00a0 \u00a0 \u00a0 \u00a0 \u00a0 \u00a0 \u00a0 \u00a0 \u00a0 \u00a0 \u00a0 \u00a0 \u00a0 \u00a0 \u00a0 \u00a0 \u00a0 \u00a0 \u00a0 \u00a0 \u00a0 <strong>Justine Hugon-Rodin<\/strong>, enseignante \u00e0 l&rsquo;universit\u00e9 de Descartes et chef de clinique \u00e0 Port-Royal \u00a0 \u00a0 \u00a0 \u00a0 \u00a0 \u00a0 \u00a0 \u00a0 \u00a0 \u00a0 \u00a0 \u00a0 \u00a0 \u00a0 \u00a0 \u00a0 \u00a0 \u00a0 \u00a0 \u00a0 \u00a0 \u00a0 \u00a0 \u00a0 \u00a0 \u00a0 \u00a0 \u00a0 \u00a0 \u00a0 \u00a0 \u00a0 \u00a0 \u00a0 \u00a0 \u00a0 \u00a0 \u00a0 <strong>Antoine Tesni\u00e8re<\/strong>, directeur de la plateforme<a href=\"http:\/\/ilumens.fr\/\" target=\"_blank\"> iLumens<\/a> et anesth\u00e9siste-r\u00e9animateur \u00a0 \u00a0 \u00a0 \u00a0 \u00a0 \u00a0 \u00a0 \u00a0 \u00a0 \u00a0 \u00a0 \u00a0 \u00a0 \u00a0 \u00a0 \u00a0 \u00a0 \u00a0 \u00a0 \u00a0 \u00a0 \u00a0 \u00a0 \u00a0 \u00a0 \u00a0 \u00a0 \u00a0 \u00a0 \u00a0 \u00a0 \u00a0 \u00a0 \u00a0 \u00a0 \u00a0 \u00a0 \u00a0 \u00a0 \u00a0 \u00a0 \u00a0 \u00a0 \u00a0 \u00a0 <strong>Henri Cohen<\/strong>, chef de service \u00e0 l&rsquo;institut Montsouris \u00a0 \u00a0 \u00a0 \u00a0 \u00a0 \u00a0 \u00a0 \u00a0 \u00a0 \u00a0 \u00a0 \u00a0 \u00a0 \u00a0 \u00a0 \u00a0 \u00a0 <strong>Corinne Daver<\/strong>, avocate sp\u00e9cialiste du droit des patients \u00a0 \u00a0 \u00a0 \u00a0 \u00a0 \u00a0 \u00a0 \u00a0 \u00a0 \u00a0 \u00a0 \u00a0 <strong>Jean-Pierre Vinel<\/strong>, pr\u00e9sident des doyens de la facult\u00e9 de m\u00e9decine <strong>Claire-Marie<\/strong>, externe et \u00e9l\u00e8ve \u00e0 la facult\u00e9 de m\u00e9decine Ren\u00e9 Descartes \u00a0 \u00a0 \u00a0 \u00a0 \u00a0 \u00a0 \u00a0 \u00a0 \u00a0 \u00a0 \u00a0 \u00a0 \u00a0 \u00a0 \u00a0 \u00a0 \u00a0 \u00a0 \u00a0 \u00a0 \u00a0 \u00a0 \u00a0 \u00a0 \u00a0 \u00a0 \u00a0 \u00a0 \u00a0 \u00a0 \u00a0 \u00a0 \u00a0 \u00a0 \u00a0 \u00a0 \u00a0 \u00a0 \u00a0 \u00a0 \u00a0 \u00a0 \u00a0 \u00a0 \u00a0 \u00a0 \u00a0 \u00a0 \u00a0 \u00a0 \u00a0 \u00a0 \u00a0 \u00a0 \u00a0 \u00a0 \u00a0 \u00a0 <strong>Mehdi Touhat<\/strong>, interne en neuro chirurgie \u00a0 \u00a0 \u00a0 \u00a0 \u00a0 \u00a0 \u00a0 \u00a0 \u00a0 \u00a0 \u00a0 \u00a0 \u00a0 \u00a0 \u00a0 \u00a0 \u00a0 \u00a0 \u00a0 \u00a0 \u00a0 \u00a0 \u00a0 <strong>Denis Lacroix<\/strong>, chef de service en radiologie \u00a0 \u00a0 \u00a0 \u00a0 \u00a0 \u00a0 \u00a0 \u00a0 \u00a0 \u00a0 \u00a0 \u00a0 \u00a0 \u00a0 \u00a0 \u00a0 \u00a0 \u00a0 <strong>Alexandra Fourcade<\/strong>, sp\u00e9cialiste du droit des patients<br \/>\n<strong>CNGOF<\/strong>, <a href=\"http:\/\/www.cngof.fr\/\">o<\/a><span style=\"color: #000000;\"><span style=\"font-family: 'Times New Roman', serif;\"><span style=\"font-size: medium;\"><a href=\"http:\/\/www.cngof.fr\/\" target=\"_blank\">rganisme professionnel des m\u00e9decins exer\u00e7ant la gyn\u00e9cologie et l&rsquo;obst\u00e9trique en France<\/a>\u00a0 \u00a0 \u00a0 \u00a0 \u00a0 \u00a0 \u00a0 \u00a0 \u00a0 \u00a0 \u00a0 \u00a0 \u00a0 \u00a0 \u00a0 \u00a0 \u00a0 \u00a0 \u00a0 \u00a0 \u00a0 \u00a0 \u00a0 \u00a0 \u00a0 \u00a0 \u00a0 \u00a0 \u00a0 \u00a0 \u00a0 \u00a0 \u00a0 \u00a0 \u00a0 \u00a0 \u00a0 <\/span><\/span><\/span><strong>AIGM<\/strong>, <a href=\"http:\/\/aigm.asso.fr\/wp\/\" target=\"_blank\">association des internes en gyn\u00e9cologie m\u00e9dicale<\/a><\/p>\n<h1 class=\"entry-title\">EN CHIFFRES&#8230;<\/h1>\n<p><strong>Une soixantaine<\/strong> de personnes contact\u00e9es<br \/>\n<strong>Une\u00a0cinquantaine<\/strong> de mails envoy\u00e9s<br \/>\n<strong style=\"font-size: 16px; line-height: 1.5;\">Une trentaine<\/strong><span style=\"font-size: 16px; font-weight: 400; line-height: 1.5;\"> d&rsquo;internes en gyn\u00e9cologie m\u00e9dicale soudoy\u00e9s<br \/>\n<\/span><strong style=\"font-size: 16px; line-height: 1.5;\">Une vingtaine<\/strong><span style=\"font-size: 16px; font-weight: 400; line-height: 1.5;\"> d&rsquo;\u00e9tablissements m\u00e9dicaux appel\u00e9s\u00a0 \u00a0 \u00a0 \u00a0 \u00a0 \u00a0 \u00a0 \u00a0 \u00a0 \u00a0 \u00a0 \u00a0 \u00a0 \u00a0 \u00a0 \u00a0 <\/span><strong style=\"font-size: 16px; line-height: 1.5;\">Une vingtaine<\/strong><span style=\"font-size: 16px; font-weight: 400; line-height: 1.5;\">\u00a0d&rsquo;appels \u00e0 t\u00e9moins pass\u00e9s<br \/>\n<\/span><strong style=\"font-size: 16px; line-height: 1.5;\">Trois <\/strong>heures de rushs<strong style=\"font-size: 16px; line-height: 1.5;\"><br \/>\n<\/strong><strong style=\"font-size: 16px; line-height: 1.5;\">Trois <\/strong>chutes dont une \u00e0 scooter \u00a0 \u00a0<strong style=\"font-size: 16px; line-height: 1.5;\"> \u00a0 \u00a0 \u00a0 \u00a0 \u00a0 \u00a0 \u00a0 \u00a0 \u00a0 \u00a0 \u00a0 \u00a0 \u00a0 \u00a0 \u00a0 \u00a0 \u00a0 \u00a0 \u00a0 \u00a0 \u00a0 \u00a0 \u00a0 \u00a0 \u00a0 \u00a0 \u00a0 \u00a0 \u00a0 \u00a0 \u00a0 \u00a0 \u00a0 <strong>Deux <\/strong><\/strong>interviews annul\u00e9es \u00e0 la derni\u00e8re minute \u00a0 \u00a0<strong style=\"font-size: 16px; line-height: 1.5;\"> \u00a0 \u00a0 \u00a0 \u00a0 \u00a0 \u00a0 \u00a0 \u00a0 \u00a0 \u00a0 \u00a0 \u00a0 \u00a0 \u00a0 \u00a0 \u00a0 \u00a0 \u00a0 \u00a0 \u00a0 \u00a0 Un<\/strong> voyage \u00e0 Angers \u00a0 \u00a0 \u00a0<strong style=\"font-size: 16px; line-height: 1.5;\"> \u00a0 \u00a0 \u00a0 \u00a0 \u00a0 \u00a0 \u00a0 \u00a0 \u00a0 \u00a0 \u00a0 \u00a0 \u00a0 \u00a0 \u00a0 \u00a0 \u00a0 \u00a0 \u00a0 \u00a0 \u00a0 \u00a0 \u00a0 \u00a0 \u00a0 \u00a0 \u00a0 \u00a0 \u00a0 \u00a0 \u00a0 \u00a0 \u00a0 \u00a0 \u00a0 \u00a0 \u00a0 \u00a0 \u00a0 \u00a0 \u00a0 \u00a0 \u00a0 \u00a0 \u00a0 \u00a0 \u00a0 \u00a0 \u00a0 \u00a0 Une <\/strong>grille d&rsquo;h\u00f4pital escalad\u00e9e<strong style=\"font-size: 16px; line-height: 1.5;\">\u00a0 \u00a0 \u00a0 \u00a0 \u00a0 \u00a0 \u00a0 \u00a0 \u00a0 \u00a0 \u00a0 \u00a0 \u00a0 \u00a0 \u00a0 \u00a0 \u00a0 \u00a0 \u00a0 \u00a0 \u00a0 \u00a0 \u00a0 \u00a0 \u00a0 \u00a0 \u00a0 \u00a0 \u00a0 \u00a0 \u00a0 \u00a0 \u00a0 \u00a0 \u00a0 \u00a0 \u00a0 \u00a0 \u00a0<\/strong><\/p>\n<p>&nbsp;<\/p>\n<p>&nbsp;<\/p>\n<p>&nbsp;<\/p>\n","protected":false},"excerpt":{"rendered":"<p>Voici la liste non-exhaustive de nos t\u00e9moins et intervenants&#8230; Sarah Tixier, interne en gyn\u00e9cologie obst\u00e9trique au CHU d&rsquo;Angers Vincent Cr\u00e9paux, interne en m\u00e9decine de la procr\u00e9ation au CHU Marion Mourant, avocate sp\u00e9cialiste du droit des patients \u00a0 \u00a0 \u00a0 \u00a0 \u00a0 \u00a0 \u00a0 \u00a0 \u00a0 \u00a0 \u00a0 Guy Vallancien, gyn\u00e9cologue-urologue et directeur de l&rsquo;Ecole Europ\u00e9enne &hellip; <a href=\"http:\/\/www.efj.press\/maelleauriol\/a-propos-de-ce-blog\/ils-ont-participe\/\" class=\"more-link\">Continuer la lecture de <span class=\"screen-reader-text\">Ils ont particip\u00e9&#8230;<\/span>  <span class=\"meta-nav\">&rarr;<\/span><\/a><\/p>\n","protected":false},"author":4,"featured_media":193,"parent":55,"menu_order":3,"comment_status":"closed","ping_status":"closed","template":"","meta":{"footnotes":""},"_links":{"self":[{"href":"http:\/\/www.efj.press\/maelleauriol\/wp-json\/wp\/v2\/pages\/155"}],"collection":[{"href":"http:\/\/www.efj.press\/maelleauriol\/wp-json\/wp\/v2\/pages"}],"about":[{"href":"http:\/\/www.efj.press\/maelleauriol\/wp-json\/wp\/v2\/types\/page"}],"author":[{"embeddable":true,"href":"http:\/\/www.efj.press\/maelleauriol\/wp-json\/wp\/v2\/users\/4"}],"replies":[{"embeddable":true,"href":"http:\/\/www.efj.press\/maelleauriol\/wp-json\/wp\/v2\/comments?post=155"}],"version-history":[{"count":20,"href":"http:\/\/www.efj.press\/maelleauriol\/wp-json\/wp\/v2\/pages\/155\/revisions"}],"predecessor-version":[{"id":301,"href":"http:\/\/www.efj.press\/maelleauriol\/wp-json\/wp\/v2\/pages\/155\/revisions\/301"}],"up":[{"embeddable":true,"href":"http:\/\/www.efj.press\/maelleauriol\/wp-json\/wp\/v2\/pages\/55"}],"wp:featuredmedia":[{"embeddable":true,"href":"http:\/\/www.efj.press\/maelleauriol\/wp-json\/wp\/v2\/media\/193"}],"wp:attachment":[{"href":"http:\/\/www.efj.press\/maelleauriol\/wp-json\/wp\/v2\/media?parent=155"}],"curies":[{"name":"wp","href":"https:\/\/api.w.org\/{rel}","templated":true}]}}