{"id":2,"date":"2015-10-29T00:58:05","date_gmt":"2015-10-28T23:58:05","guid":{"rendered":"http:\/\/www.efj.press\/lucieauge\/?page_id=2"},"modified":"2017-05-28T19:04:43","modified_gmt":"2017-05-28T18:04:43","slug":"page-d-exemple","status":"publish","type":"page","link":"http:\/\/www.efj.press\/lucieauge\/","title":{"rendered":"Bienvenue"},"content":{"rendered":"<p>Je suis actuellement \u00e9tudiante en troisi\u00e8me ann\u00e9e \u00e0 l\u2019Ecole du nouveau journalisme (EFJ).<\/p>\n<p>En parcourant mon blog, vous tomberez sur certains de mes articles mais \u00e9galement sur mon rapport de stage \u00e0 Good Morning Crowdfunding et celui \u00e0 A NOUS PARIS.<\/p>\n<p>Je vous invite \u00e0 me suivre sur <a href=\"https:\/\/twitter.com\/lucieauge\">Twitter<\/a>\u00a0et \u00e0 regarder mes articles sur mon autre blog <a href=\"https:\/\/etudiantejournalisme.wordpress.com\/\">ici<\/a>.<\/p>\n<p>Lucie Aug\u00e9<\/p>\n<p>lucie.auge@gmail.com<\/p>\n","protected":false},"excerpt":{"rendered":"<p>Je suis actuellement \u00e9tudiante en troisi\u00e8me ann\u00e9e \u00e0 l\u2019Ecole du nouveau journalisme (EFJ). En parcourant mon blog, vous tomberez sur certains de mes articles mais \u00e9galement sur mon rapport de stage \u00e0 Good Morning Crowdfunding et celui \u00e0 A NOUS PARIS. Je vous invite \u00e0 me suivre sur Twitter\u00a0et \u00e0 regarder mes articles sur mon &hellip; <a href=\"http:\/\/www.efj.press\/lucieauge\/\" class=\"more-link\">Continuer la lecture de <span class=\"screen-reader-text\">Bienvenue<\/span>  <span class=\"meta-nav\">&rarr;<\/span><\/a><\/p>\n","protected":false},"author":43,"featured_media":0,"parent":0,"menu_order":0,"comment_status":"closed","ping_status":"open","template":"","meta":{"footnotes":""},"_links":{"self":[{"href":"http:\/\/www.efj.press\/lucieauge\/wp-json\/wp\/v2\/pages\/2"}],"collection":[{"href":"http:\/\/www.efj.press\/lucieauge\/wp-json\/wp\/v2\/pages"}],"about":[{"href":"http:\/\/www.efj.press\/lucieauge\/wp-json\/wp\/v2\/types\/page"}],"author":[{"embeddable":true,"href":"http:\/\/www.efj.press\/lucieauge\/wp-json\/wp\/v2\/users\/43"}],"replies":[{"embeddable":true,"href":"http:\/\/www.efj.press\/lucieauge\/wp-json\/wp\/v2\/comments?post=2"}],"version-history":[{"count":4,"href":"http:\/\/www.efj.press\/lucieauge\/wp-json\/wp\/v2\/pages\/2\/revisions"}],"predecessor-version":[{"id":152,"href":"http:\/\/www.efj.press\/lucieauge\/wp-json\/wp\/v2\/pages\/2\/revisions\/152"}],"wp:attachment":[{"href":"http:\/\/www.efj.press\/lucieauge\/wp-json\/wp\/v2\/media?parent=2"}],"curies":[{"name":"wp","href":"https:\/\/api.w.org\/{rel}","templated":true}]}}