{"id":13,"date":"2016-11-16T15:42:22","date_gmt":"2016-11-16T14:42:22","guid":{"rendered":"http:\/\/www.efj.press\/lucarastelli\/?page_id=13"},"modified":"2018-08-10T15:25:09","modified_gmt":"2018-08-10T14:25:09","slug":"accueil","status":"publish","type":"page","link":"http:\/\/www.efj.press\/lucarastelli\/","title":{"rendered":"Bonjour \u00e0 tous"},"content":{"rendered":"<p>Bonjour je m&rsquo;appelle Luca Rastelli et je suis \u00e9tudiant en troisi\u00e8me ann\u00e9e a l&rsquo;EFJ\u00a0\u00e0 Levallois-Perret, je\u00a0veux \u00eatre journaliste sportif apr\u00e8s mes \u00e9tudes.<\/p>\n<p>Je suis un passionn\u00e9 de sport (si si\u00a0je vous jure) et de nombreux articles\u00a0\u00e0 ce sujet\u00a0seront publi\u00e9s sur ce site,\u00a0 mais je\u00a0mettrai\u00a0\u00e9galement des playlists\u00a0de musiques que j&rsquo;appr\u00e9cie dans le cadre d&rsquo;une s\u00e9rie nomm\u00e9e mes ch\u00e8res \u00e9coutes. Des articles sur d&rsquo;autres sujets comme la politique ou des\u00a0r\u00e9flexions sur des sujets divers et vari\u00e9s.<\/p>\n<p>Mes articles seront\u00a0\u00e0 mon image, pas prise de t\u00e8te avec l&rsquo;objectif d&rsquo;informer sur un ton\u00a0 un tantinet d\u00e9cal\u00e9 \ud83d\ude42<\/p>\n<p>&nbsp;<\/p>\n<p><a href=\"https:\/\/www.facebook.com\/luca.rastelli.92\"><img loading=\"lazy\" decoding=\"async\" class=\"alignnone wp-image-30\" src=\"http:\/\/www.efj.press\/lucarastelli\/wp-content\/uploads\/sites\/159\/2016\/11\/facebook.jpg\" alt=\"facebook\" width=\"47\" height=\"47\" \/>\u00a0<\/a><a href=\"https:\/\/twitter.com\/LucaRastelli91\"><img loading=\"lazy\" decoding=\"async\" class=\"alignnone wp-image-31\" src=\"http:\/\/www.efj.press\/lucarastelli\/wp-content\/uploads\/sites\/159\/2016\/11\/twitter.jpg\" alt=\"twitter\" width=\"47\" height=\"47\" \/><\/a>\u00a0<a href=\"https:\/\/www.youtube.com\/channel\/UCoiMiFQ2u7MDL4W7ejVM8fA\"><img loading=\"lazy\" decoding=\"async\" class=\"alignnone wp-image-32\" src=\"http:\/\/www.efj.press\/lucarastelli\/wp-content\/uploads\/sites\/159\/2016\/11\/youtube.png\" alt=\"youtube\" width=\"65\" height=\"65\" srcset=\"http:\/\/www.efj.press\/lucarastelli\/wp-content\/uploads\/sites\/159\/2016\/11\/youtube.png 225w, http:\/\/www.efj.press\/lucarastelli\/wp-content\/uploads\/sites\/159\/2016\/11\/youtube-150x150.png 150w\" sizes=\"(max-width: 65px) 100vw, 65px\" \/><\/a><\/p>\n","protected":false},"excerpt":{"rendered":"<p>Bonjour je m&rsquo;appelle Luca Rastelli et je suis \u00e9tudiant en troisi\u00e8me ann\u00e9e a l&rsquo;EFJ\u00a0\u00e0 Levallois-Perret, je\u00a0veux \u00eatre journaliste sportif apr\u00e8s mes \u00e9tudes. Je suis un passionn\u00e9 de sport (si si\u00a0je vous jure) et de nombreux articles\u00a0\u00e0 ce sujet\u00a0seront publi\u00e9s sur ce site,\u00a0 mais je\u00a0mettrai\u00a0\u00e9galement des playlists\u00a0de musiques que j&rsquo;appr\u00e9cie dans le cadre d&rsquo;une s\u00e9rie nomm\u00e9e &hellip; <a href=\"http:\/\/www.efj.press\/lucarastelli\/\" class=\"more-link\">Continuer la lecture de <span class=\"screen-reader-text\">Bonjour \u00e0 tous<\/span>  <span class=\"meta-nav\">&rarr;<\/span><\/a><\/p>\n","protected":false},"author":139,"featured_media":0,"parent":0,"menu_order":0,"comment_status":"closed","ping_status":"closed","template":"","meta":{"footnotes":""},"_links":{"self":[{"href":"http:\/\/www.efj.press\/lucarastelli\/wp-json\/wp\/v2\/pages\/13"}],"collection":[{"href":"http:\/\/www.efj.press\/lucarastelli\/wp-json\/wp\/v2\/pages"}],"about":[{"href":"http:\/\/www.efj.press\/lucarastelli\/wp-json\/wp\/v2\/types\/page"}],"author":[{"embeddable":true,"href":"http:\/\/www.efj.press\/lucarastelli\/wp-json\/wp\/v2\/users\/139"}],"replies":[{"embeddable":true,"href":"http:\/\/www.efj.press\/lucarastelli\/wp-json\/wp\/v2\/comments?post=13"}],"version-history":[{"count":16,"href":"http:\/\/www.efj.press\/lucarastelli\/wp-json\/wp\/v2\/pages\/13\/revisions"}],"predecessor-version":[{"id":124,"href":"http:\/\/www.efj.press\/lucarastelli\/wp-json\/wp\/v2\/pages\/13\/revisions\/124"}],"wp:attachment":[{"href":"http:\/\/www.efj.press\/lucarastelli\/wp-json\/wp\/v2\/media?parent=13"}],"curies":[{"name":"wp","href":"https:\/\/api.w.org\/{rel}","templated":true}]}}