{"id":57,"date":"2016-11-30T14:04:24","date_gmt":"2016-11-30T13:04:24","guid":{"rendered":"http:\/\/www.efj.press\/louisepointudimbleval\/?page_id=57"},"modified":"2017-05-05T15:40:23","modified_gmt":"2017-05-05T14:40:23","slug":"travaux","status":"publish","type":"page","link":"http:\/\/www.efj.press\/louisepointudimbleval\/travaux\/","title":{"rendered":"Articles"},"content":{"rendered":"<p><a href=\"http:\/\/www.efj.press\/louisepointudimbleval\/2016\/11\/09\/la-reac-a\/\">Airbnb\u00a0<\/a>: Tr\u00e8s courte br\u00e8ve \u00e0 propos de la proposition d&rsquo;Airbnb pour Halloween.<\/p>\n<p><a href=\"http:\/\/www.efj.press\/louisepointudimbleval\/2016\/11\/09\/nouveau-cadre-de-vie-pour-combs-la-ville-article-creatif\/\">Nouveau cadre de vie pour Combs la Ville<\/a>\u00a0: Article cr\u00e9atif r\u00e9alis\u00e9 \u00e0 partir de fausses informations. Quel avenir pour les citoyens ?<\/p>\n<p><a href=\"http:\/\/www.efj.press\/louisepointudimbleval\/2016\/11\/30\/le-digital-ou-lemergence-dun-nouveau-modele-economique\/\">Le digital ou l&rsquo;\u00e9mergence d&rsquo;un nouveau mod\u00e8le \u00e9conomique\u00a0<\/a>\u00a0: Du 23 au 24 Novembre 2016 se tenait le salon de La Presse au Futur. Retour sur une des conf\u00e9rences pr\u00e9sent\u00e9es, \u00e0 propos du digital et de son \u00e9conomie.<\/p>\n<p><a href=\"http:\/\/www.efj.press\/louisepointudimbleval\/2016\/11\/30\/uni-presse-soit-la-france-vue-par-le-monde\/\">UNI-Presse : soit la France vue par le monde\u00a0<\/a>: Cette entreprise de presse, dont j&rsquo;ai eu l&rsquo;occasion de rencontrer les entrepreneurs, permet la diffusion de la presse fran\u00e7aise partout dans le monde.<\/p>\n<p><a href=\"http:\/\/www.efj.press\/louisepointudimbleval\/2016\/12\/23\/portrait\/\">Portrait<\/a> : Rencontrez Cassandra De Carvalho, \u00e9tudiante en journalisme \u00e0 l&rsquo;EFJ Paris.<\/p>\n<p><a href=\"http:\/\/www.efj.press\/louisepointudimbleval\/category\/politique\/\">Restitution<\/a> : Retour sur le d\u00e9cryptage de la campagne pr\u00e9sidentielle de 2017 avec David Pujadas et Jean-Michel Aphatie.<\/p>\n","protected":false},"excerpt":{"rendered":"<p>Airbnb\u00a0: Tr\u00e8s courte br\u00e8ve \u00e0 propos de la proposition d&rsquo;Airbnb pour Halloween. Nouveau cadre de vie pour Combs la Ville\u00a0: Article cr\u00e9atif r\u00e9alis\u00e9 \u00e0 partir de fausses informations. Quel avenir pour les citoyens ? Le digital ou l&rsquo;\u00e9mergence d&rsquo;un nouveau mod\u00e8le \u00e9conomique\u00a0\u00a0: Du 23 au 24 Novembre 2016 se tenait le salon de La Presse &hellip; <a href=\"http:\/\/www.efj.press\/louisepointudimbleval\/travaux\/\" class=\"more-link\">Continuer la lecture de <span class=\"screen-reader-text\">Articles<\/span>  <span class=\"meta-nav\">&rarr;<\/span><\/a><\/p>\n","protected":false},"author":137,"featured_media":0,"parent":0,"menu_order":0,"comment_status":"closed","ping_status":"closed","template":"","meta":{"footnotes":""},"_links":{"self":[{"href":"http:\/\/www.efj.press\/louisepointudimbleval\/wp-json\/wp\/v2\/pages\/57"}],"collection":[{"href":"http:\/\/www.efj.press\/louisepointudimbleval\/wp-json\/wp\/v2\/pages"}],"about":[{"href":"http:\/\/www.efj.press\/louisepointudimbleval\/wp-json\/wp\/v2\/types\/page"}],"author":[{"embeddable":true,"href":"http:\/\/www.efj.press\/louisepointudimbleval\/wp-json\/wp\/v2\/users\/137"}],"replies":[{"embeddable":true,"href":"http:\/\/www.efj.press\/louisepointudimbleval\/wp-json\/wp\/v2\/comments?post=57"}],"version-history":[{"count":18,"href":"http:\/\/www.efj.press\/louisepointudimbleval\/wp-json\/wp\/v2\/pages\/57\/revisions"}],"predecessor-version":[{"id":221,"href":"http:\/\/www.efj.press\/louisepointudimbleval\/wp-json\/wp\/v2\/pages\/57\/revisions\/221"}],"wp:attachment":[{"href":"http:\/\/www.efj.press\/louisepointudimbleval\/wp-json\/wp\/v2\/media?parent=57"}],"curies":[{"name":"wp","href":"https:\/\/api.w.org\/{rel}","templated":true}]}}