{"id":30,"date":"2016-11-16T16:00:24","date_gmt":"2016-11-16T15:00:24","guid":{"rendered":"http:\/\/www.efj.press\/louisepointudimbleval\/?page_id=30"},"modified":"2017-05-05T16:00:03","modified_gmt":"2017-05-05T15:00:03","slug":"mojo","status":"publish","type":"page","link":"http:\/\/www.efj.press\/louisepointudimbleval\/mojo\/","title":{"rendered":"MOJO"},"content":{"rendered":"<p><img loading=\"lazy\" decoding=\"async\" class=\"alignnone size-medium wp-image-38\" src=\"http:\/\/www.efj.press\/louisepointudimbleval\/wp-content\/uploads\/sites\/157\/2016\/11\/IMG_6614-300x200.jpg\" alt=\"img_6614\" width=\"300\" height=\"200\" srcset=\"http:\/\/www.efj.press\/louisepointudimbleval\/wp-content\/uploads\/sites\/157\/2016\/11\/IMG_6614-300x200.jpg 300w, http:\/\/www.efj.press\/louisepointudimbleval\/wp-content\/uploads\/sites\/157\/2016\/11\/IMG_6614-768x512.jpg 768w, http:\/\/www.efj.press\/louisepointudimbleval\/wp-content\/uploads\/sites\/157\/2016\/11\/IMG_6614-1024x683.jpg 1024w\" sizes=\"(max-width: 300px) 100vw, 300px\" \/><\/p>\n<p>MOJO : Mobile Journalisme<\/p>\n<p>Le principe est de r\u00e9aliser et monter des vid\u00e9os, reportages, interview, tr\u00e8s concises \u00e0 partir d&rsquo;un smartphone.<\/p>\n<p>Cette nouvelle technique journalistique a \u00e9t\u00e9 invent\u00e9e par le journaliste am\u00e9ricain Robb Montgomery, qui a ensuite cr\u00e9\u00e9 son \u00e9cole de MOJO en ligne : \u00a0<a href=\"http:\/\/www.smartfilmschool.com\"><img loading=\"lazy\" decoding=\"async\" class=\"alignnone wp-image-94\" src=\"http:\/\/www.efj.press\/louisepointudimbleval\/wp-content\/uploads\/sites\/157\/2016\/11\/smart-film-school-a-smartphone-video-school-in-your-pocket-11-638-300x300.jpg\" alt=\"smart-film-school-a-smartphone-video-school-in-your-pocket-11-638\" width=\"90\" height=\"90\" srcset=\"http:\/\/www.efj.press\/louisepointudimbleval\/wp-content\/uploads\/sites\/157\/2016\/11\/smart-film-school-a-smartphone-video-school-in-your-pocket-11-638-300x300.jpg 300w, http:\/\/www.efj.press\/louisepointudimbleval\/wp-content\/uploads\/sites\/157\/2016\/11\/smart-film-school-a-smartphone-video-school-in-your-pocket-11-638-150x150.jpg 150w, http:\/\/www.efj.press\/louisepointudimbleval\/wp-content\/uploads\/sites\/157\/2016\/11\/smart-film-school-a-smartphone-video-school-in-your-pocket-11-638.jpg 638w\" sizes=\"(max-width: 90px) 100vw, 90px\" \/><\/a><\/p>\n<p>Ici vous trouverez mes diff\u00e9rentes r\u00e9alisations MOJO.<\/p>\n<p>Bon visionnage<\/p>\n<p>&nbsp;<\/p>\n<p><iframe loading=\"lazy\" width=\"474\" height=\"267\" src=\"https:\/\/www.youtube.com\/embed\/ntY8xIq_7Fo?feature=oembed\" frameborder=\"0\" allowfullscreen><\/iframe><\/p>\n<p><strong>Une journ\u00e9e \u00e0 l&rsquo;EFJ \u00a0 \u00a0<\/strong> \u00a0 \u00a0 \u00a0 \u00a0 \u00a0 \u00a0 \u00a0 \u00a0 \u00a0 \u00a0 \u00a0 \u00a0 \u00a0 \u00a0 \u00a0 \u00a0 \u00a0 \u00a0 \u00a0 \u00a0 \u00a0 \u00a0 \u00a0 \u00a0 \u00a0 \u00a0 \u00a0 \u00a0 \u00a0 \u00a0 \u00a0 \u00a0 \u00a0 \u00a0 \u00a0 \u00a0 \u00a0 \u00a0 \u00a0 \u00a0 \u00a0 \u00a0 \u00a0 \u00a0 \u00a0 \u00a0 \u00a0 \u00a0 \u00a0 \u00a0 \u00a0\u00a0<em>Avec Cassandra De Carvalho et Louise Pointu d&rsquo;Imbleval \/ Vid\u00e9o film\u00e9e avec un iPhone 6 et mont\u00e9e avec l&rsquo;application Quik<\/em><\/p>\n<p>&nbsp;<\/p>\n<p><iframe loading=\"lazy\" width=\"474\" height=\"267\" src=\"https:\/\/www.youtube.com\/embed\/20biec0A3ao?feature=oembed\" frameborder=\"0\" allowfullscreen><\/iframe><\/p>\n<p><strong>Salon Presse au Futur \u00a0 \u00a0 \u00a0 \u00a0 \u00a0 \u00a0 \u00a0 \u00a0 \u00a0 \u00a0 \u00a0 \u00a0 \u00a0 \u00a0 \u00a0 \u00a0 \u00a0 \u00a0 \u00a0 \u00a0 \u00a0 \u00a0 \u00a0 \u00a0 \u00a0 \u00a0 \u00a0 \u00a0 \u00a0 \u00a0 \u00a0 \u00a0 \u00a0 \u00a0 \u00a0 \u00a0 \u00a0 \u00a0 \u00a0 \u00a0 \u00a0 \u00a0 \u00a0 \u00a0 \u00a0 \u00a0 \u00a0 \u00a0 \u00a0<\/strong><em>Vid\u00e9o film\u00e9e avec un iPhone 5 et mont\u00e9e avec l&rsquo;application iMovie<\/em><\/p>\n<p>&nbsp;<\/p>\n<p><iframe loading=\"lazy\" width=\"474\" height=\"267\" src=\"https:\/\/www.youtube.com\/embed\/FO_iryAut9w?feature=oembed\" frameborder=\"0\" allowfullscreen><\/iframe><\/p>\n<p><strong>Hello Gus ! \u00a0<\/strong> \u00a0 \u00a0 \u00a0 \u00a0 \u00a0 \u00a0 \u00a0 \u00a0 \u00a0 \u00a0 \u00a0 \u00a0 \u00a0 \u00a0 \u00a0 \u00a0 \u00a0 \u00a0 \u00a0 \u00a0 \u00a0 \u00a0 \u00a0 \u00a0 \u00a0 \u00a0 \u00a0 \u00a0 \u00a0 \u00a0 \u00a0 \u00a0 \u00a0 \u00a0 \u00a0 \u00a0 \u00a0 \u00a0 \u00a0 \u00a0 \u00a0 \u00a0 \u00a0 \u00a0 \u00a0 \u00a0 \u00a0 \u00a0 \u00a0 \u00a0 \u00a0 \u00a0 \u00a0 \u00a0 \u00a0 \u00a0 \u00a0 \u00a0 \u00a0 \u00a0<em>Vid\u00e9o film\u00e9e avec un iPhone 5 et mont\u00e9e avec l&rsquo;application Quik\u00a0<\/em><\/p>\n<p>&nbsp;<\/p>\n<p><iframe loading=\"lazy\" width=\"474\" height=\"267\" src=\"https:\/\/www.youtube.com\/embed\/JtykNyFPnUk?feature=oembed\" frameborder=\"0\" allowfullscreen><\/iframe><\/p>\n<p><strong>Le veggie burger : La Boucherie V\u00e9g\u00e9tarienne \u00a0<\/strong> \u00a0 \u00a0 \u00a0 \u00a0 \u00a0 \u00a0 \u00a0 \u00a0 \u00a0 \u00a0 \u00a0 \u00a0 \u00a0 \u00a0 \u00a0 \u00a0 \u00a0 \u00a0 \u00a0<em>Vid\u00e9o film\u00e9e avec un iPhone 7 et mont\u00e9e avec l&rsquo;application iMovie<\/em><\/p>\n","protected":false},"excerpt":{"rendered":"<p>MOJO : Mobile Journalisme Le principe est de r\u00e9aliser et monter des vid\u00e9os, reportages, interview, tr\u00e8s concises \u00e0 partir d&rsquo;un smartphone. Cette nouvelle technique journalistique a \u00e9t\u00e9 invent\u00e9e par le journaliste am\u00e9ricain Robb Montgomery, qui a ensuite cr\u00e9\u00e9 son \u00e9cole de MOJO en ligne : \u00a0 Ici vous trouverez mes diff\u00e9rentes r\u00e9alisations MOJO. Bon visionnage &hellip; <a href=\"http:\/\/www.efj.press\/louisepointudimbleval\/mojo\/\" class=\"more-link\">Continuer la lecture de <span class=\"screen-reader-text\">MOJO<\/span>  <span class=\"meta-nav\">&rarr;<\/span><\/a><\/p>\n","protected":false},"author":137,"featured_media":0,"parent":0,"menu_order":0,"comment_status":"closed","ping_status":"closed","template":"","meta":{"footnotes":""},"_links":{"self":[{"href":"http:\/\/www.efj.press\/louisepointudimbleval\/wp-json\/wp\/v2\/pages\/30"}],"collection":[{"href":"http:\/\/www.efj.press\/louisepointudimbleval\/wp-json\/wp\/v2\/pages"}],"about":[{"href":"http:\/\/www.efj.press\/louisepointudimbleval\/wp-json\/wp\/v2\/types\/page"}],"author":[{"embeddable":true,"href":"http:\/\/www.efj.press\/louisepointudimbleval\/wp-json\/wp\/v2\/users\/137"}],"replies":[{"embeddable":true,"href":"http:\/\/www.efj.press\/louisepointudimbleval\/wp-json\/wp\/v2\/comments?post=30"}],"version-history":[{"count":24,"href":"http:\/\/www.efj.press\/louisepointudimbleval\/wp-json\/wp\/v2\/pages\/30\/revisions"}],"predecessor-version":[{"id":223,"href":"http:\/\/www.efj.press\/louisepointudimbleval\/wp-json\/wp\/v2\/pages\/30\/revisions\/223"}],"wp:attachment":[{"href":"http:\/\/www.efj.press\/louisepointudimbleval\/wp-json\/wp\/v2\/media?parent=30"}],"curies":[{"name":"wp","href":"https:\/\/api.w.org\/{rel}","templated":true}]}}