{"id":25,"date":"2016-11-16T15:46:37","date_gmt":"2016-11-16T14:46:37","guid":{"rendered":"http:\/\/www.efj.press\/louisepointudimbleval\/?page_id=25"},"modified":"2017-01-26T16:42:24","modified_gmt":"2017-01-26T15:42:24","slug":"page-daccueil","status":"publish","type":"page","link":"http:\/\/www.efj.press\/louisepointudimbleval\/","title":{"rendered":"A propos de moi&#8230;"},"content":{"rendered":"<p style=\"text-align: center\"><strong>Bonjour et bienvenue sur mon blog !<\/strong><\/p>\n<p><img loading=\"lazy\" decoding=\"async\" class=\"size-medium wp-image-69 aligncenter\" src=\"http:\/\/www.efj.press\/louisepointudimbleval\/wp-content\/uploads\/sites\/157\/2016\/11\/IMG_3876-300x225.jpg\" alt=\"Black &amp; White 100%\" width=\"300\" height=\"225\" srcset=\"http:\/\/www.efj.press\/louisepointudimbleval\/wp-content\/uploads\/sites\/157\/2016\/11\/IMG_3876-300x225.jpg 300w, http:\/\/www.efj.press\/louisepointudimbleval\/wp-content\/uploads\/sites\/157\/2016\/11\/IMG_3876-768x577.jpg 768w, http:\/\/www.efj.press\/louisepointudimbleval\/wp-content\/uploads\/sites\/157\/2016\/11\/IMG_3876.jpg 852w\" sizes=\"(max-width: 300px) 100vw, 300px\" \/><\/p>\n<p>Je m&rsquo;appelle Louise Pointu d&rsquo;Imbleval, j&rsquo;ai 18 ans et je suis \u00e9tudiante en journalisme \u00e0 l&rsquo;EFJ.<\/p>\n<p style=\"text-align: center\">Ici vous trouverez tous mes travaux \u00e9crits, vid\u00e9os, reportages, ainsi que les liens vers mes r\u00e9seaux sociaux professionnels.<\/p>\n<p style=\"text-align: center\">Bonne visite et bonne lecture !<\/p>\n<p style=\"text-align: center\"><a href=\"https:\/\/www.instagram.com\/louisepointudimbleval\/\"><img loading=\"lazy\" decoding=\"async\" class=\"alignnone wp-image-72\" src=\"http:\/\/www.efj.press\/louisepointudimbleval\/wp-content\/uploads\/sites\/157\/2016\/11\/instagram-1581266_960_720-300x298.jpg\" alt=\"instagram-1581266_960_720\" width=\"97\" height=\"96\" srcset=\"http:\/\/www.efj.press\/louisepointudimbleval\/wp-content\/uploads\/sites\/157\/2016\/11\/instagram-1581266_960_720-300x298.jpg 300w, http:\/\/www.efj.press\/louisepointudimbleval\/wp-content\/uploads\/sites\/157\/2016\/11\/instagram-1581266_960_720-150x150.jpg 150w, http:\/\/www.efj.press\/louisepointudimbleval\/wp-content\/uploads\/sites\/157\/2016\/11\/instagram-1581266_960_720.jpg 726w\" sizes=\"(max-width: 97px) 100vw, 97px\" \/><\/a>\u00a0<a href=\"https:\/\/twitter.com\/EfjLouise\"><img loading=\"lazy\" decoding=\"async\" class=\"alignnone wp-image-78\" src=\"http:\/\/www.efj.press\/louisepointudimbleval\/wp-content\/uploads\/sites\/157\/2016\/11\/images.jpeg\" alt=\"images\" width=\"80\" height=\"80\" srcset=\"http:\/\/www.efj.press\/louisepointudimbleval\/wp-content\/uploads\/sites\/157\/2016\/11\/images.jpeg 225w, http:\/\/www.efj.press\/louisepointudimbleval\/wp-content\/uploads\/sites\/157\/2016\/11\/images-150x150.jpeg 150w\" sizes=\"(max-width: 80px) 100vw, 80px\" \/><\/a>\u00a0 \u00a0 \u00a0<a href=\"https:\/\/www.linkedin.com\/profile\/preview?locale=fr_FR&amp;trk=prof-0-sb-preview-primary-button\"><img loading=\"lazy\" decoding=\"async\" class=\"alignnone wp-image-159\" src=\"http:\/\/www.efj.press\/louisepointudimbleval\/wp-content\/uploads\/sites\/157\/2016\/11\/unnamed.png\" alt=\"unnamed\" width=\"79\" height=\"79\" srcset=\"http:\/\/www.efj.press\/louisepointudimbleval\/wp-content\/uploads\/sites\/157\/2016\/11\/unnamed.png 300w, http:\/\/www.efj.press\/louisepointudimbleval\/wp-content\/uploads\/sites\/157\/2016\/11\/unnamed-150x150.png 150w\" sizes=\"(max-width: 79px) 100vw, 79px\" \/><\/a>\u00a0 \u00a0 \u00a0\u00a0\u00a0<a href=\"https:\/\/www.youtube.com\/channel\/UCJZRFJLp6-cku9-chUSAK0A\"><img loading=\"lazy\" decoding=\"async\" class=\"alignnone wp-image-76\" src=\"http:\/\/www.efj.press\/louisepointudimbleval\/wp-content\/uploads\/sites\/157\/2016\/11\/YouTube-social-icon2-300x200.jpg\" alt=\"youtube-social-icon2\" width=\"140\" height=\"94\" srcset=\"http:\/\/www.efj.press\/louisepointudimbleval\/wp-content\/uploads\/sites\/157\/2016\/11\/YouTube-social-icon2-300x200.jpg 300w, http:\/\/www.efj.press\/louisepointudimbleval\/wp-content\/uploads\/sites\/157\/2016\/11\/YouTube-social-icon2-768x512.jpg 768w, http:\/\/www.efj.press\/louisepointudimbleval\/wp-content\/uploads\/sites\/157\/2016\/11\/YouTube-social-icon2-1024x683.jpg 1024w\" sizes=\"(max-width: 140px) 100vw, 140px\" \/><\/a><\/p>\n","protected":false},"excerpt":{"rendered":"<p>Bonjour et bienvenue sur mon blog ! Je m&rsquo;appelle Louise Pointu d&rsquo;Imbleval, j&rsquo;ai 18 ans et je suis \u00e9tudiante en journalisme \u00e0 l&rsquo;EFJ. Ici vous trouverez tous mes travaux \u00e9crits, vid\u00e9os, reportages, ainsi que les liens vers mes r\u00e9seaux sociaux professionnels. Bonne visite et bonne lecture ! \u00a0\u00a0 \u00a0 \u00a0\u00a0 \u00a0 \u00a0\u00a0\u00a0<\/p>\n","protected":false},"author":137,"featured_media":0,"parent":0,"menu_order":0,"comment_status":"closed","ping_status":"closed","template":"","meta":{"footnotes":""},"_links":{"self":[{"href":"http:\/\/www.efj.press\/louisepointudimbleval\/wp-json\/wp\/v2\/pages\/25"}],"collection":[{"href":"http:\/\/www.efj.press\/louisepointudimbleval\/wp-json\/wp\/v2\/pages"}],"about":[{"href":"http:\/\/www.efj.press\/louisepointudimbleval\/wp-json\/wp\/v2\/types\/page"}],"author":[{"embeddable":true,"href":"http:\/\/www.efj.press\/louisepointudimbleval\/wp-json\/wp\/v2\/users\/137"}],"replies":[{"embeddable":true,"href":"http:\/\/www.efj.press\/louisepointudimbleval\/wp-json\/wp\/v2\/comments?post=25"}],"version-history":[{"count":47,"href":"http:\/\/www.efj.press\/louisepointudimbleval\/wp-json\/wp\/v2\/pages\/25\/revisions"}],"predecessor-version":[{"id":197,"href":"http:\/\/www.efj.press\/louisepointudimbleval\/wp-json\/wp\/v2\/pages\/25\/revisions\/197"}],"wp:attachment":[{"href":"http:\/\/www.efj.press\/louisepointudimbleval\/wp-json\/wp\/v2\/media?parent=25"}],"curies":[{"name":"wp","href":"https:\/\/api.w.org\/{rel}","templated":true}]}}