{"id":128,"date":"2016-12-05T22:24:59","date_gmt":"2016-12-05T21:24:59","guid":{"rendered":"http:\/\/www.efj.press\/louisepointudimbleval\/?page_id=128"},"modified":"2017-05-05T15:41:14","modified_gmt":"2017-05-05T14:41:14","slug":"curriculum-vitae","status":"publish","type":"page","link":"http:\/\/www.efj.press\/louisepointudimbleval\/curriculum-vitae\/","title":{"rendered":"Curriculum Vitae"},"content":{"rendered":"<p><strong>Louise Pointu d\u2019Imbleval<\/strong><\/p>\n<ul>\n<li><em>Date de naissance : 17\/12\/1998<\/em><\/li>\n<li><em>6 avenue de la Chesnaie<\/em><\/li>\n<li><em>77380 Combs-la-Ville<\/em><\/li>\n<li><em>T\u00e9l\u00e9phone : 06 58 99 50 60<\/em><\/li>\n<li><em>Mail : louise.pointudimbleval@gmail.com<\/em><\/li>\n<\/ul>\n<p style=\"text-align: center\"><strong>Comp\u00e9tences\u00a0<\/strong><\/p>\n<p>Maitrise des r\u00e9seaux sociaux : Twitter \/ Facebook \/ Instagram \/ Pinterest \/ Snapchat \/ Youtube \/ Linkedin \/ Slack<\/p>\n<p>Bases r\u00e9dactionnelles Journalistiques<\/p>\n<p>Mobile Journalism (MOJO)<\/p>\n<p>Montage \u00e0 partir des applications Quik, Videoshop, iMovie<\/p>\n<ul>\n<li>Langue vivante 1 : Anglais (lu, parl\u00e9, \u00e9crit)<\/li>\n<li>Langue vivante 2 : Espagnol : (lu, parl\u00e9, \u00e9crit)<\/li>\n<\/ul>\n<p style=\"text-align: center\"><strong>Formations<\/strong><\/p>\n<p>2016-2017 : Premi\u00e8re ann\u00e9e \u00e0 l\u2019EFJ, Ecole du Nouveau Journalisme \u00a092300 Levallois-Perret<\/p>\n<p>2016 : Obtention du Baccalaur\u00e9at Litt\u00e9raire, Mention Bien \u00a0 \u00a0 \u00a0 \u00a0 \u00a0 \u00a0 \u00a0Option Anglais renforc\u00e9 \u00a0 \u00a0 \u00a0 \u00a0 \u00a0 \u00a0 \u00a0 \u00a0 \u00a0 \u00a0 \u00a0 \u00a0 \u00a0 \u00a0 \u00a0 \u00a0 \u00a0 \u00a0 \u00a0 \u00a0 \u00a0 \u00a0 \u00a0 \u00a0 \u00a0 \u00a0 \u00a0 \u00a0 \u00a0 \u00a0 \u00a0 \u00a0 \u00a0 \u00a0 \u00a0 \u00a0 \u00a0 \u00a0 \u00a0 \u00a0 \u00a0 \u00a0 \u00a0 \u00a0 \u00a0 \u00a0 \u00a0 Lyc\u00e9e Saint-Pierre, 91800 Brunoy<\/p>\n<p>2013 : Obtention du Brevet des Coll\u00e8ges, Mention Assez Bien \u00a0 \u00a0 \u00a0 \u00a0 \u00a0 Coll\u00e8ge Les Aulnes, 77380 Combs-la-Ville<\/p>\n<p style=\"text-align: center\"><strong>Exp\u00e9riences professionnelles\u00a0<\/strong><\/p>\n<p>Depuis 2015 : Baby-sitting<\/p>\n<p>Depuis 2016 : H\u00f4tesse d\u2019accueil Congr\u00e8s (Occasionnel)<\/p>\n<p>2017 : Pigiste chez UNI-Presse<\/p>\n<p style=\"text-align: center\"><strong>Centres d\u2019int\u00e9r\u00eats\u00a0<\/strong><\/p>\n<p>15 ans de danse : Classique, Modern, Hip Hop<\/p>\n<p>R\u00e9seaux sociaux, Sites de partages<\/p>\n<p>Musique en tous genres, Cin\u00e9ma, Expositions, Lecture, Voyages<\/p>\n<p style=\"text-align: center\"><strong>Voyages\u00a0<\/strong><\/p>\n<p>France<\/p>\n<p>Etats-Unis &#8211; New York City<\/p>\n<p>Angleterre &#8211; Londres<\/p>\n<p>Espagne &#8211; Calella \/ Barcelone \/ G\u00e9rone \/ Saint S\u00e9bastien<\/p>\n<p>Italie &#8211; Rome<\/p>\n<p>Gr\u00e8ce &#8211; Corfou<\/p>\n<p>Portugal &#8211; Lisbonne<\/p>\n<p>Norv\u00e8ge<\/p>\n<p>Su\u00e8de<\/p>\n<p>Pologne &#8211; Auschwitz : [ Dans le cadre de la mission t\u00e9moignage du Conseil Repr\u00e9sentatif des Institutions Juives de France (CRIF) et de l\u2019Education Nationale ]<\/p>\n<p style=\"text-align: center\"><b><i><br \/>\n<\/i><\/b><\/p>\n<p>&nbsp;<\/p>\n","protected":false},"excerpt":{"rendered":"<p>Louise Pointu d\u2019Imbleval Date de naissance : 17\/12\/1998 6 avenue de la Chesnaie 77380 Combs-la-Ville T\u00e9l\u00e9phone : 06 58 99 50 60 Mail : louise.pointudimbleval@gmail.com Comp\u00e9tences\u00a0 Maitrise des r\u00e9seaux sociaux : Twitter \/ Facebook \/ Instagram \/ Pinterest \/ Snapchat \/ Youtube \/ Linkedin \/ Slack Bases r\u00e9dactionnelles Journalistiques Mobile Journalism (MOJO) Montage \u00e0 partir &hellip; <a href=\"http:\/\/www.efj.press\/louisepointudimbleval\/curriculum-vitae\/\" class=\"more-link\">Continuer la lecture de <span class=\"screen-reader-text\">Curriculum Vitae<\/span>  <span class=\"meta-nav\">&rarr;<\/span><\/a><\/p>\n","protected":false},"author":137,"featured_media":0,"parent":0,"menu_order":0,"comment_status":"closed","ping_status":"closed","template":"","meta":{"footnotes":""},"_links":{"self":[{"href":"http:\/\/www.efj.press\/louisepointudimbleval\/wp-json\/wp\/v2\/pages\/128"}],"collection":[{"href":"http:\/\/www.efj.press\/louisepointudimbleval\/wp-json\/wp\/v2\/pages"}],"about":[{"href":"http:\/\/www.efj.press\/louisepointudimbleval\/wp-json\/wp\/v2\/types\/page"}],"author":[{"embeddable":true,"href":"http:\/\/www.efj.press\/louisepointudimbleval\/wp-json\/wp\/v2\/users\/137"}],"replies":[{"embeddable":true,"href":"http:\/\/www.efj.press\/louisepointudimbleval\/wp-json\/wp\/v2\/comments?post=128"}],"version-history":[{"count":27,"href":"http:\/\/www.efj.press\/louisepointudimbleval\/wp-json\/wp\/v2\/pages\/128\/revisions"}],"predecessor-version":[{"id":222,"href":"http:\/\/www.efj.press\/louisepointudimbleval\/wp-json\/wp\/v2\/pages\/128\/revisions\/222"}],"wp:attachment":[{"href":"http:\/\/www.efj.press\/louisepointudimbleval\/wp-json\/wp\/v2\/media?parent=128"}],"curies":[{"name":"wp","href":"https:\/\/api.w.org\/{rel}","templated":true}]}}